{"id":26309,"date":"2024-05-19T11:24:40","date_gmt":"2024-05-19T08:24:40","guid":{"rendered":"https:\/\/pomello.ee\/toode\/nikk-mole-brow-paste-kyna\/"},"modified":"2025-06-30T19:29:24","modified_gmt":"2025-06-30T17:29:24","slug":"nikk-mole-brow-paste-kyna","status":"publish","type":"product","link":"https:\/\/pomello.ee\/fi\/toode\/nikk-mole-brow-paste-kyna\/","title":{"rendered":"NIKK MOLE Brow Paste kyn\u00e4"},"content":{"rendered":"","protected":false},"excerpt":{"rendered":"<p>NIKK MOLE Brow Paste kulmakyn\u00e4 on ammattimainen kosmeettinen tuote kulmakarvojen tarkkaan piirt\u00e4miseen ja kartoittamiseen ennen v\u00e4rj\u00e4yst\u00e4, hennaa tai vahausta. T\u00e4m\u00e4 kyn\u00e4 luo selke\u00e4t \u00e4\u00e4riviivat, jotka helpottavat maalin tai hennan levitt\u00e4mist\u00e4. Tuote on suunniteltu sek\u00e4 aloittelijoille ett\u00e4 kokeneille kulmakarvojen taiteilijoille ratkaisemaan monia teknisi\u00e4 ongelmia ja tarjoamalla lis\u00e4hoitoa kulmakarvojen alueelle. Brow Paste Nikk Mole on ainoa alkuper\u00e4inen patentoitu tahna maailmassa.<\/p>\n<p>&nbsp;<\/p>\n<p>Sen toisessa p\u00e4\u00e4ss\u00e4 on \u00e4\u00e4riviivakyn\u00e4 ja toisessa viisto sivellin, joka auttaa luomaan ja hallitsemaan ter\u00e4vi\u00e4, puhtaita linjoja sek\u00e4 kauniin kullanv\u00e4risen rungon.<\/p>\n<p>&nbsp;<\/p>\n<p>Poistaa iholta nopeasti ja helposti.<\/p>\n<p>&nbsp;<\/p>\n<p>T\u00e4m\u00e4 kaunis kultakuorillinen kulmakarvojen kartoituskyn\u00e4 ei ole vain loistava apulainen, vaan my\u00f6s tyylik\u00e4s lis\u00e4 jokaiseen ammattimaiseen kulmakarvasarjaan.<\/p>\n","protected":false},"featured_media":27863,"comment_status":"open","ping_status":"closed","template":"","meta":{"_monsterinsights_skip_tracking":false,"_monsterinsights_sitenote_active":false,"_monsterinsights_sitenote_note":"","_monsterinsights_sitenote_category":0},"product_brand":[],"product_cat":[476,510,947],"product_tag":[],"class_list":{"0":"post-26309","1":"product","2":"type-product","3":"status-publish","4":"has-post-thumbnail","6":"product_cat-kulmakarvat","7":"product_cat-kulmakarvojen-tahna","8":"product_cat-kulmakynat","9":"pa_brand-nikk-mole-fi","10":"pa_varv-lilla-fi","11":"pa_varv-roosa-fi","12":"pa_varv-valge-fi","14":"first","15":"instock","16":"taxable","17":"shipping-taxable","18":"purchasable","19":"product-type-variable"},"_links":{"self":[{"href":"https:\/\/pomello.ee\/fi\/wp-json\/wp\/v2\/product\/26309","targetHints":{"allow":["GET"]}}],"collection":[{"href":"https:\/\/pomello.ee\/fi\/wp-json\/wp\/v2\/product"}],"about":[{"href":"https:\/\/pomello.ee\/fi\/wp-json\/wp\/v2\/types\/product"}],"replies":[{"embeddable":true,"href":"https:\/\/pomello.ee\/fi\/wp-json\/wp\/v2\/comments?post=26309"}],"wp:featuredmedia":[{"embeddable":true,"href":"https:\/\/pomello.ee\/fi\/wp-json\/wp\/v2\/media\/27863"}],"wp:attachment":[{"href":"https:\/\/pomello.ee\/fi\/wp-json\/wp\/v2\/media?parent=26309"}],"wp:term":[{"taxonomy":"product_brand","embeddable":true,"href":"https:\/\/pomello.ee\/fi\/wp-json\/wp\/v2\/product_brand?post=26309"},{"taxonomy":"product_cat","embeddable":true,"href":"https:\/\/pomello.ee\/fi\/wp-json\/wp\/v2\/product_cat?post=26309"},{"taxonomy":"product_tag","embeddable":true,"href":"https:\/\/pomello.ee\/fi\/wp-json\/wp\/v2\/product_tag?post=26309"}],"curies":[{"name":"wp","href":"https:\/\/api.w.org\/{rel}","templated":true}]}}