{"id":26316,"date":"2024-05-20T09:30:17","date_gmt":"2024-05-20T06:30:17","guid":{"rendered":"https:\/\/pomello.ee\/toode\/ekko-beauty-kulmakynat\/"},"modified":"2024-05-20T09:30:17","modified_gmt":"2024-05-20T06:30:17","slug":"ekko-beauty-kulmakynat","status":"publish","type":"product","link":"https:\/\/pomello.ee\/fi\/toode\/ekko-beauty-kulmakynat\/","title":{"rendered":"Ekko Beauty Kulmakyn\u00e4t"},"content":{"rendered":"<p>Ekko Beauty kulmakyn\u00e4 on varustettu my\u00f6s k\u00e4tev\u00e4ll\u00e4 siveltimell\u00e4 kulmakarvojen muotoiluun, p\u00e4ivitt\u00e4iseen k\u00e4ytt\u00f6\u00f6n tai salongiasiakkaalle viimeisen silauksen antamiseen. Kulmakarvojen kyn\u00e4n k\u00e4rjess\u00e4 on erinomainen muoto, joka mahdollistaa kulmakarvojen muodon muotoilun ja auttaa tekem\u00e4\u00e4n niist\u00e4 t\u00e4ydelliset. <strong>Valmistaja takaa v\u00e4rinkeston.<\/strong><\/p>\n<p>&nbsp;<\/p>\n<p>Ekko Beauty puisella pitk\u00e4kestoisella kulmakarvakyn\u00e4ll\u00e4 on rikas ja eritt\u00e4in pigmenttinen koostumus. Se sulautuu kulmakarvoihin ja s\u00e4ilytt\u00e4\u00e4 erinomaisen v\u00e4rin yhden k\u00e4ytt\u00f6kerran j\u00e4lkeen luoden t\u00e4ytel\u00e4isemm\u00e4n vaikutelman ja luonnollisen viimeistelyn kulmakarvoille.<\/p>\n<p>&nbsp;<\/p>\n<p>Ekko Beauty -br\u00e4ndi kuuluu MEETEORA Beauty -ryhm\u00e4\u00e4n, johon kuuluvat my\u00f6s Nikk Mole ja Lovely https:\/\/meeteorabeauty.com\/<\/p>\n","protected":false},"excerpt":{"rendered":"<p><strong>Ekko Beauty Kulmakyn\u00e4t &#8211; pysyv\u00e4 vahakulmakyn\u00e4 kulmakarvaharjalla.<\/strong><\/p>\n<p>&nbsp;<\/p>\n<p>Ekko Beauty Professional <strong>vedenpit\u00e4v\u00e4<\/strong> kulmakarvojen kyn\u00e4 antaa kulmakarvoillesi virheett\u00f6m\u00e4n muodon. <strong>Se tarjoaa pehme\u00e4n levityksen, helpon levityksen ja erinomaisen v\u00e4rikyll\u00e4isyyden.<\/strong> Lyijykyn\u00e4ll\u00e4 on tiivis, rasvaton rakenne, joka on helppo levitt\u00e4\u00e4 ja helppo levitt\u00e4\u00e4. On parasta valita s\u00e4vy, joka vastaa luonnollista hiusv\u00e4ri\u00e4si. Blondidille suositellaan muutama s\u00e4vy tummempaa k\u00e4ytt\u00f6\u00e4, brunetit voisivat valita s\u00e4vy\u00e4 vaaleamman kyn\u00e4n.<\/p>\n<p>&nbsp;<\/p>\n<p>Uudelleen suunniteltu EkkoBeauty kulmakyn\u00e4 sis\u00e4lt\u00e4\u00e4 huolella valitun vahojen ja \u00f6ljyjen sekoituksen takaamaan virheett\u00f6m\u00e4n lopputuloksen. Koostumus sis\u00e4lt\u00e4\u00e4 vitamiineja, jotka tunnetaan antioksidanttisista ominaisuuksistaan.<\/p>\n<p>&nbsp;<\/p>\n<p>Kun ostat 10 kpl tai enemm\u00e4n, tarjoamme alennushinnan. Kirjoita pyynt\u00f6si osoitteeseen info@pomello.ee.<\/p>\n","protected":false},"featured_media":26287,"comment_status":"open","ping_status":"closed","template":"","meta":{"_monsterinsights_skip_tracking":false,"_monsterinsights_sitenote_active":false,"_monsterinsights_sitenote_note":"","_monsterinsights_sitenote_category":0},"product_brand":[],"product_cat":[476,947],"product_tag":[],"class_list":{"0":"post-26316","1":"product","2":"type-product","3":"status-publish","4":"has-post-thumbnail","6":"product_cat-kulmakarvat","7":"product_cat-kulmakynat","8":"pa_brand-ekko-beauty-fi","9":"pa_varv-brown-fi","10":"pa_varv-dark-brown-fi","11":"pa_varv-grey-brown-fi","12":"pa_varv-light-brown-fi","13":"pa_varv-medium-brown-fi","15":"first","16":"instock","17":"taxable","18":"shipping-taxable","19":"purchasable","20":"product-type-variable"},"_links":{"self":[{"href":"https:\/\/pomello.ee\/fi\/wp-json\/wp\/v2\/product\/26316","targetHints":{"allow":["GET"]}}],"collection":[{"href":"https:\/\/pomello.ee\/fi\/wp-json\/wp\/v2\/product"}],"about":[{"href":"https:\/\/pomello.ee\/fi\/wp-json\/wp\/v2\/types\/product"}],"replies":[{"embeddable":true,"href":"https:\/\/pomello.ee\/fi\/wp-json\/wp\/v2\/comments?post=26316"}],"wp:featuredmedia":[{"embeddable":true,"href":"https:\/\/pomello.ee\/fi\/wp-json\/wp\/v2\/media\/26287"}],"wp:attachment":[{"href":"https:\/\/pomello.ee\/fi\/wp-json\/wp\/v2\/media?parent=26316"}],"wp:term":[{"taxonomy":"product_brand","embeddable":true,"href":"https:\/\/pomello.ee\/fi\/wp-json\/wp\/v2\/product_brand?post=26316"},{"taxonomy":"product_cat","embeddable":true,"href":"https:\/\/pomello.ee\/fi\/wp-json\/wp\/v2\/product_cat?post=26316"},{"taxonomy":"product_tag","embeddable":true,"href":"https:\/\/pomello.ee\/fi\/wp-json\/wp\/v2\/product_tag?post=26316"}],"curies":[{"name":"wp","href":"https:\/\/api.w.org\/{rel}","templated":true}]}}