{"id":26343,"date":"2024-05-20T11:39:52","date_gmt":"2024-05-20T09:39:52","guid":{"rendered":"https:\/\/pomello.ee\/toode\/iwax-diamond-400ml-white-vahalammitin\/"},"modified":"2025-01-20T10:33:50","modified_gmt":"2025-01-20T08:33:50","slug":"iwax-diamond-400ml-white-vahalammitin","status":"publish","type":"product","link":"https:\/\/pomello.ee\/fi\/toode\/iwax-diamond-400ml-white-vahalammitin\/","title":{"rendered":"iWAX Diamond 400ml White Vahal\u00e4mmitin"},"content":{"rendered":"<p><strong>Kuinka k\u00e4ytt\u00e4\u00e4 iWAX Diamond 400ml Whitea<\/strong><\/p>\n<p>1. Liit\u00e4 laite verkkovirtaan ja lis\u00e4\u00e4 rakeistettu vaha s\u00e4ili\u00f6\u00f6n tai vahapurkki koneeseen.<br \/>\n2. K\u00e4\u00e4nn\u00e4 nuppi ON-asentoon &#8211; punainen valo osoittaa, ett\u00e4 laite on k\u00e4ynnistynyt.<br \/>\n3. Sammuu ja k\u00e4ynnistyy uudelleen k\u00e4yt\u00f6n aikana, jotta vaha pysyy vakiol\u00e4mp\u00f6tilassa.<br \/>\n4. Valitusta l\u00e4mp\u00f6tilasta riippuen vaha sulaa 10-30 minuutissa.<br \/>\n5. Tarkista aina vahan l\u00e4mp\u00f6tila ennen iholle levitt\u00e4mist\u00e4 palovammojen v\u00e4ltt\u00e4miseksi.<br \/>\n6. Kun olet valmis, sammuta laite ja odota, ett\u00e4 se j\u00e4\u00e4htyy.<br \/>\n7. J\u00e4\u00e4htynyt laite voidaan puhdistaa.<\/p>\n<p>&nbsp;<\/p>\n<p><strong>Tekniset tiedot:<\/strong><\/p>\n<p>Johdon pituus 125 cm<br \/>\nMalli: AX800<br \/>\nJ\u00e4nnite: 220V\/240V<br \/>\nS\u00e4hk\u00f6teho: 100W<br \/>\nTaajuus: 50\/60 Hz<\/p>\n","protected":false},"excerpt":{"rendered":"<p>iWAX Diamond 400ml White on ainutlaatuisella muotoilulla varustettu vahanl\u00e4mmitin, jonka mukana tulee helposti ulos vedett\u00e4v\u00e4 alumiinis\u00e4ili\u00f6.<\/p>\n<p>&nbsp;<\/p>\n<p><strong>Sen ominaisuuksia ovat:<\/strong><br \/>\n\u2013 L\u00e4pin\u00e4kyv\u00e4 kansi s\u00e4\u00e4telee vahan sulamista ja est\u00e4\u00e4 ylikuumenemisen ja p\u00f6lyn kertymisen.<br \/>\n\u2013 L\u00e4mp\u00f6tila-alue 35\u00b0 &#8211; 120\u00b0C.<br \/>\n\u2013 Merkkivalo ja napsautusj\u00e4rjestelm\u00e4 (napsautus, kun painiketta liikutetaan, osoittaa, ett\u00e4 laite on p\u00e4\u00e4ll\u00e4\/pois p\u00e4\u00e4lt\u00e4).<br \/>\n\u2013 Soveltuu tavalliselle vahalle, pelleteille ja parafiinille.<\/p>\n","protected":false},"featured_media":26334,"comment_status":"open","ping_status":"closed","template":"","meta":{"_monsterinsights_skip_tracking":false,"_monsterinsights_sitenote_active":false,"_monsterinsights_sitenote_note":"","_monsterinsights_sitenote_category":0},"product_brand":[],"product_cat":[507,559,925],"product_tag":[],"class_list":{"0":"post-26343","1":"product","2":"type-product","3":"status-publish","4":"has-post-thumbnail","6":"product_cat-karvanpoisto","7":"product_cat-laitteita","8":"product_cat-vahan-lammittajat","9":"pa_brand-iwax-fi","11":"first","12":"instock","13":"taxable","14":"shipping-taxable","15":"purchasable","16":"product-type-simple"},"_links":{"self":[{"href":"https:\/\/pomello.ee\/fi\/wp-json\/wp\/v2\/product\/26343","targetHints":{"allow":["GET"]}}],"collection":[{"href":"https:\/\/pomello.ee\/fi\/wp-json\/wp\/v2\/product"}],"about":[{"href":"https:\/\/pomello.ee\/fi\/wp-json\/wp\/v2\/types\/product"}],"replies":[{"embeddable":true,"href":"https:\/\/pomello.ee\/fi\/wp-json\/wp\/v2\/comments?post=26343"}],"wp:featuredmedia":[{"embeddable":true,"href":"https:\/\/pomello.ee\/fi\/wp-json\/wp\/v2\/media\/26334"}],"wp:attachment":[{"href":"https:\/\/pomello.ee\/fi\/wp-json\/wp\/v2\/media?parent=26343"}],"wp:term":[{"taxonomy":"product_brand","embeddable":true,"href":"https:\/\/pomello.ee\/fi\/wp-json\/wp\/v2\/product_brand?post=26343"},{"taxonomy":"product_cat","embeddable":true,"href":"https:\/\/pomello.ee\/fi\/wp-json\/wp\/v2\/product_cat?post=26343"},{"taxonomy":"product_tag","embeddable":true,"href":"https:\/\/pomello.ee\/fi\/wp-json\/wp\/v2\/product_tag?post=26343"}],"curies":[{"name":"wp","href":"https:\/\/api.w.org\/{rel}","templated":true}]}}