{"id":26540,"date":"2024-05-29T09:05:14","date_gmt":"2024-05-29T07:05:14","guid":{"rendered":"https:\/\/pomello.ee\/toode\/elan-skin-colour-cream-remover\/"},"modified":"2025-04-26T16:50:08","modified_gmt":"2025-04-26T14:50:08","slug":"elan-skin-colour-cream-remover","status":"publish","type":"product","link":"https:\/\/pomello.ee\/fi\/toode\/elan-skin-colour-cream-remover\/","title":{"rendered":"ELAN Skin Colour CREAM REMOVER"},"content":{"rendered":"","protected":false},"excerpt":{"rendered":"<p>ELAN Skin Color CREAM REMOVER on v\u00e4rillinen tahranpoistoaine iholta. Voiteen pehme\u00e4 koostumus on kehitetty erityisesti poistamaan v\u00e4ri\u00e4 iholta kulmakarvojen ja ripsien v\u00e4rj\u00e4yksen j\u00e4lkeen. Tuotteessa on pehment\u00e4vien aineiden ja E-vitamiinin kompleksi, joka takaa parhaan mahdollisen ihonhoidon ja suojaa turkkia kuivumiselta ja kuivumiselta.<\/p>\n","protected":false},"featured_media":29595,"comment_status":"open","ping_status":"closed","template":"","meta":{"_monsterinsights_skip_tracking":false,"_monsterinsights_sitenote_active":false,"_monsterinsights_sitenote_note":"","_monsterinsights_sitenote_category":0},"product_brand":[],"product_cat":[476,478,479,903],"product_tag":[],"class_list":{"0":"post-26540","1":"product","2":"type-product","3":"status-publish","4":"has-post-thumbnail","6":"product_cat-kulmakarvat","7":"product_cat-ripsien-ja-kulmakarvojen-varit","8":"product_cat-ripsien-ja-kulmakarvojen-varit-fi","9":"product_cat-varinpoisto","10":"pa_brand-elan-fi","11":"pa_suurus-10-ml-fi","13":"first","14":"instock","15":"taxable","16":"shipping-taxable","17":"purchasable","18":"product-type-simple"},"_links":{"self":[{"href":"https:\/\/pomello.ee\/fi\/wp-json\/wp\/v2\/product\/26540","targetHints":{"allow":["GET"]}}],"collection":[{"href":"https:\/\/pomello.ee\/fi\/wp-json\/wp\/v2\/product"}],"about":[{"href":"https:\/\/pomello.ee\/fi\/wp-json\/wp\/v2\/types\/product"}],"replies":[{"embeddable":true,"href":"https:\/\/pomello.ee\/fi\/wp-json\/wp\/v2\/comments?post=26540"}],"wp:featuredmedia":[{"embeddable":true,"href":"https:\/\/pomello.ee\/fi\/wp-json\/wp\/v2\/media\/29595"}],"wp:attachment":[{"href":"https:\/\/pomello.ee\/fi\/wp-json\/wp\/v2\/media?parent=26540"}],"wp:term":[{"taxonomy":"product_brand","embeddable":true,"href":"https:\/\/pomello.ee\/fi\/wp-json\/wp\/v2\/product_brand?post=26540"},{"taxonomy":"product_cat","embeddable":true,"href":"https:\/\/pomello.ee\/fi\/wp-json\/wp\/v2\/product_cat?post=26540"},{"taxonomy":"product_tag","embeddable":true,"href":"https:\/\/pomello.ee\/fi\/wp-json\/wp\/v2\/product_tag?post=26540"}],"curies":[{"name":"wp","href":"https:\/\/api.w.org\/{rel}","templated":true}]}}