{"id":26545,"date":"2024-06-06T08:16:20","date_gmt":"2024-06-06T06:16:20","guid":{"rendered":"https:\/\/pomello.ee\/toode\/lamitta-silikonimuotit-alemmille-ripsille\/"},"modified":"2024-06-06T08:16:20","modified_gmt":"2024-06-06T05:16:20","slug":"lamitta-silikonimuotit-alemmille-ripsille","status":"publish","type":"product","link":"https:\/\/pomello.ee\/fi\/toode\/lamitta-silikonimuotit-alemmille-ripsille\/","title":{"rendered":"LAMITTA silikonimuotit alemmille ripsille"},"content":{"rendered":"<p>Katso tuotteen k\u00e4ytt\u00f6ohjeet https:\/\/www.instagram.com\/p\/C6bb58xM8_6\/<\/p>\n","protected":false},"excerpt":{"rendered":"<p>Lamitta &#8221;Mariposa&#8221; alaripsien silikonimuotit<\/p>\n<p>&nbsp;<\/p>\n<p>Koe Lamittan uusin vallankumouksellinen muotoilu, maailman ensimm\u00e4inen silikonimuotit alaripsien taivutukseen.<\/p>\n<p>&nbsp;<\/p>\n<p>Mariposa alempien ripsien silikonimuotit ovat perhosten inspiroimia muotoiluja, joissa yhdistyv\u00e4t toimivuus ja kauneus. T\u00e4m\u00e4 2-in-1-innovaatio toimii sek\u00e4 alempien ripsien taivutuksessa ett\u00e4 p\u00e4\u00e4llyst\u00e4misess\u00e4 tarjoten vertaansa vailla olevan monipuolisuuden. Silikonityynyill\u00e4 on symmetrinen ja anatominen muoto, jotka sopivat kaikille silm\u00e4muodoille, istuen t\u00e4ydellisesti alemman ripsien alle.<\/p>\n<p>&nbsp;<\/p>\n<p>Korkealaatuisesta hypoallergeenisesta silikonista valmistetut silikonimuotit, joissa on kimalteleva pinta, tarttuvat helposti ihoon eiv\u00e4tk\u00e4 liiku toimenpiteen aikana.<\/p>\n<p>&nbsp;<\/p>\n<p>Lamitta &#8221;Mariposa&#8221; alempien ripsien silikonimuotit lis\u00e4\u00e4v\u00e4t ylellisyytt\u00e4 ja ainutlaatuisuutta menettelyyn ja auttavat my\u00f6s luomaan upeaa Instagram-sis\u00e4lt\u00f6\u00e4.<\/p>\n<p>&nbsp;<\/p>\n<p>Pakkauksessa 1 pari alempia silikonimuotit<\/p>\n<p>&nbsp;<\/p>\n<p>Valmistettu Kazakstanissa<\/p>\n","protected":false},"featured_media":26477,"comment_status":"open","ping_status":"closed","template":"","meta":{"_monsterinsights_skip_tracking":false,"_monsterinsights_sitenote_active":false,"_monsterinsights_sitenote_note":"","_monsterinsights_sitenote_category":0},"product_brand":[],"product_cat":[516,521,475,972],"product_tag":[],"class_list":{"0":"post-26545","1":"product","2":"type-product","3":"status-publish","4":"has-post-thumbnail","6":"product_cat-lash-lift-fi","7":"product_cat-silikonityynyt","8":"product_cat-ripset","9":"product_cat-silikonimuotit-alemmille-ripsille","10":"pa_brand-lamitta-fi","11":"pa_varv-kollane-fi","12":"pa_varv-lilla-fi","14":"first","15":"instock","16":"taxable","17":"shipping-taxable","18":"purchasable","19":"product-type-variable"},"_links":{"self":[{"href":"https:\/\/pomello.ee\/fi\/wp-json\/wp\/v2\/product\/26545","targetHints":{"allow":["GET"]}}],"collection":[{"href":"https:\/\/pomello.ee\/fi\/wp-json\/wp\/v2\/product"}],"about":[{"href":"https:\/\/pomello.ee\/fi\/wp-json\/wp\/v2\/types\/product"}],"replies":[{"embeddable":true,"href":"https:\/\/pomello.ee\/fi\/wp-json\/wp\/v2\/comments?post=26545"}],"wp:featuredmedia":[{"embeddable":true,"href":"https:\/\/pomello.ee\/fi\/wp-json\/wp\/v2\/media\/26477"}],"wp:attachment":[{"href":"https:\/\/pomello.ee\/fi\/wp-json\/wp\/v2\/media?parent=26545"}],"wp:term":[{"taxonomy":"product_brand","embeddable":true,"href":"https:\/\/pomello.ee\/fi\/wp-json\/wp\/v2\/product_brand?post=26545"},{"taxonomy":"product_cat","embeddable":true,"href":"https:\/\/pomello.ee\/fi\/wp-json\/wp\/v2\/product_cat?post=26545"},{"taxonomy":"product_tag","embeddable":true,"href":"https:\/\/pomello.ee\/fi\/wp-json\/wp\/v2\/product_tag?post=26545"}],"curies":[{"name":"wp","href":"https:\/\/api.w.org\/{rel}","templated":true}]}}