{"id":26549,"date":"2024-06-06T09:03:37","date_gmt":"2024-06-06T06:03:37","guid":{"rendered":"https:\/\/pomello.ee\/toode\/lamitta-lami-pad\/"},"modified":"2025-08-10T22:59:18","modified_gmt":"2025-08-10T20:59:18","slug":"lamitta-lami-pad","status":"publish","type":"product","link":"https:\/\/pomello.ee\/fi\/toode\/lamitta-lami-pad\/","title":{"rendered":"LAMITTA Lami Pad"},"content":{"rendered":"<p>Katso kuinka k\u00e4yt\u00e4t palettia https:\/\/www.instagram.com\/p\/C6JcKUSMlSH\/<\/p>\n","protected":false},"excerpt":{"rendered":"<p>LAMITTA Lami Pad -paletti silikonity\u00f6kaluja ripsien kohotukseen ja kulmakarvojen laminointiin.<\/p>\n<p>&nbsp;<\/p>\n<p>Lamitta silikoni Lami Padista tulee korvaamaton kumppani ty\u00f6paikallasi. T\u00e4ss\u00e4 Lami Padissa on suuri paletti, jonka avulla voit sijoittaa useita ty\u00f6kaluja l\u00e4hekk\u00e4in, mik\u00e4 tekee ty\u00f6st\u00e4 organisoidumpaa ja nopeampaa.<\/p>\n<p>&nbsp;<\/p>\n<p>Silikonipaletissa on 7 py\u00f6re\u00e4\u00e4 reik\u00e4\u00e4 emulsioille tai nesteille, 5 reik\u00e4\u00e4 harjoille ja 3 reik\u00e4\u00e4 pienempi\u00e4 ty\u00f6kaluja varten. Ne on suunniteltu huolellisesti maksimoimaan levitysprosessisi ripsien taivutuksen ja kulmakarvojen laminoinnin aikana. Jokaisen py\u00f6re\u00e4n rei\u00e4n tilavuus tarjoaa ihanteelliset m\u00e4\u00e4r\u00e4t emulsiota tai liimaa varten poistaen ylim\u00e4\u00e4r\u00e4isen ylim\u00e4\u00e4r\u00e4n.<\/p>\n<p>&nbsp;<\/p>\n<p>Paletti on valmistettu pehme\u00e4st\u00e4 silikonista ja tarpeeksi kest\u00e4v\u00e4 pysy\u00e4kseen paikoillaan est\u00e4en nesteiden tai voiteiden l\u00e4ikkymisen. T\u00e4m\u00e4 paletti on helppo puhdistaa, eik\u00e4 tummassa s\u00e4vyss\u00e4 ole n\u00e4kyvi\u00e4 merkkej\u00e4 v\u00e4ritahroista.<\/p>\n<p>&nbsp;<\/p>\n<p>* Kuvien tarvikkeet eiv\u00e4t sis\u00e4lly hintaan.<\/p>\n<p>&nbsp;<\/p>\n<p>Koko: P: 20 cm x K: 13,5 cm x L: 1 cm<\/p>\n<p>&nbsp;<\/p>\n<p>VAIN AMMATTIMAISEEN K\u00c4YTT\u00d6\u00d6N<\/p>\n","protected":false},"featured_media":26498,"comment_status":"open","ping_status":"closed","template":"","meta":{"_monsterinsights_skip_tracking":false,"_monsterinsights_sitenote_active":false,"_monsterinsights_sitenote_note":"","_monsterinsights_sitenote_category":0},"product_brand":[],"product_cat":[541,540],"product_tag":[],"class_list":{"0":"post-26549","1":"product","2":"type-product","3":"status-publish","4":"has-post-thumbnail","6":"product_cat-muut-tyokalut-fi","7":"product_cat-tarvikkeet","8":"pa_brand-lamitta-fi","10":"first","11":"instock","12":"taxable","13":"shipping-taxable","14":"purchasable","15":"product-type-simple"},"_links":{"self":[{"href":"https:\/\/pomello.ee\/fi\/wp-json\/wp\/v2\/product\/26549","targetHints":{"allow":["GET"]}}],"collection":[{"href":"https:\/\/pomello.ee\/fi\/wp-json\/wp\/v2\/product"}],"about":[{"href":"https:\/\/pomello.ee\/fi\/wp-json\/wp\/v2\/types\/product"}],"replies":[{"embeddable":true,"href":"https:\/\/pomello.ee\/fi\/wp-json\/wp\/v2\/comments?post=26549"}],"wp:featuredmedia":[{"embeddable":true,"href":"https:\/\/pomello.ee\/fi\/wp-json\/wp\/v2\/media\/26498"}],"wp:attachment":[{"href":"https:\/\/pomello.ee\/fi\/wp-json\/wp\/v2\/media?parent=26549"}],"wp:term":[{"taxonomy":"product_brand","embeddable":true,"href":"https:\/\/pomello.ee\/fi\/wp-json\/wp\/v2\/product_brand?post=26549"},{"taxonomy":"product_cat","embeddable":true,"href":"https:\/\/pomello.ee\/fi\/wp-json\/wp\/v2\/product_cat?post=26549"},{"taxonomy":"product_tag","embeddable":true,"href":"https:\/\/pomello.ee\/fi\/wp-json\/wp\/v2\/product_tag?post=26549"}],"curies":[{"name":"wp","href":"https:\/\/api.w.org\/{rel}","templated":true}]}}