{"id":26554,"date":"2024-06-06T09:35:57","date_gmt":"2024-06-06T07:35:57","guid":{"rendered":"https:\/\/pomello.ee\/toode\/katya-vinog-silikonimuotit-alemmille-ripsille\/"},"modified":"2025-05-19T08:10:04","modified_gmt":"2025-05-19T06:10:04","slug":"katya-vinog-silikonimuotit-alemmille-ripsille","status":"publish","type":"product","link":"https:\/\/pomello.ee\/fi\/toode\/katya-vinog-silikonimuotit-alemmille-ripsille\/","title":{"rendered":"KATYA VINOG silikonimuotit alemmille ripsille"},"content":{"rendered":"<p>Katso tuotteen esittelyvideot <a href=\"https:\/\/www.instagram.com\/p\/C5S9IhBNLTe\/\" target=\"_blank\" rel=\"noopener\"><strong>siit<\/strong><\/a><\/p>\n<p>&nbsp;<\/p>\n<p><strong>Suurused<\/strong>:<\/p>\n<p>A &#8211; v\u00e4ike suurus, sobib l\u00fchikeste alumiste ripsmete jaoks (roheline)<br \/>\nB &#8211; keskmise suurusega, sobib keskmise suurusega alumistele ripsmetele (oran\u017e)<br \/>\nC &#8211; suur suurus, sobib pikkade alumiste ripsmete jaoks (roosa)<\/p>\n<p>&nbsp;<\/p>\n<p>Rulli suuruse valiku reegel \u2013 ripsmed on 1-2 mm rulli piirist l\u00fchemad.<\/p>\n","protected":false},"excerpt":{"rendered":"<p>KATYA VINOG silikonimuotit alemmille ripsille<\/p>\n<p>&nbsp;<\/p>\n<p>Katya Vinog jatkaa ripsien kohotustekniikoiden rajojen ty\u00f6nt\u00e4mist\u00e4 toisella uraauurtavalla innovaatiolla! KATYA VINOG alemmille ripsille silikonimuotit viev\u00e4t alaripsien taivutuspelisi uusiin korkeuksiin.<\/p>\n<p>&nbsp;<\/p>\n<p>N\u00e4iden silikonityynyjen ainutlaatuinen muotoilu kiinnittyy ihoon tehokkaasti tehden alempien ripsien taivuttamisen helpoksi ja mukavaksi ja varmistaen t\u00e4ydellisen taivutuksen.<\/p>\n<p>&nbsp;<\/p>\n<p>Sulavissa silikonityynyiss\u00e4 on leve\u00e4 pinta ja tartuntakerros, jonka avulla ne tarttuvat ihoon hydrogeelilaastareina, samalla kun ne suojaavat silmien alla olevaa ihoa kemiallisen v\u00e4rj\u00e4yksen ja alaripsien k\u00e4pristymisen aikana. T\u00e4m\u00e4 2 in 1 -toiminto tarjoaa vertaansa vailla olevan monipuolisuuden ja mukavuuden saumattomaan kokemukseen.<\/p>\n<p>&nbsp;<\/p>\n<p>Ne sopivat kaikkiin silmien muotoihin ja antavat yhdenmukaisia \u200b\u200btuloksia kaikille asiakkaillesi. Silikonityynyj\u00e4 on saatavilla eri kokoisina lyhyist\u00e4 pitkiin alaripsiin, tyylikk\u00e4iss\u00e4 ja kirkkaissa v\u00e4reiss\u00e4.<\/p>\n<p>&nbsp;<\/p>\n<p>N\u00e4m\u00e4 silikonit ovat todella v\u00e4ltt\u00e4m\u00e4tt\u00f6mi\u00e4 kaikille Lash Lift -mestareille! Ne t\u00e4ydent\u00e4v\u00e4t t\u00e4ydellisesti ripsien kohotuspalvelua, mik\u00e4 mahdollistaa kaksinkertaisen ripsien kohotuksen, mik\u00e4 maksimoi palvelun.<\/p>\n<p>&nbsp;<\/p>\n<p>Pakkauksessa on 1 pari<\/p>\n","protected":false},"featured_media":26506,"comment_status":"open","ping_status":"closed","template":"","meta":{"_monsterinsights_skip_tracking":false,"_monsterinsights_sitenote_active":false,"_monsterinsights_sitenote_note":"","_monsterinsights_sitenote_category":0},"product_brand":[],"product_cat":[516,521,475,546,972],"product_tag":[],"class_list":{"0":"post-26554","1":"product","2":"type-product","3":"status-publish","4":"has-post-thumbnail","6":"product_cat-lash-lift-fi","7":"product_cat-silikonityynyt","8":"product_cat-ripset","9":"product_cat-ripsien-tarvikkeet","10":"product_cat-silikonimuotit-alemmille-ripsille","11":"pa_brand-katya-vinog-fi","12":"pa_suurus-a-pieni-vihrea","13":"pa_suurus-b-keskikokoinen-oranssi","14":"pa_suurus-c-suuri-vaaleanpunainen","16":"first","17":"instock","18":"taxable","19":"shipping-taxable","20":"purchasable","21":"product-type-variable"},"_links":{"self":[{"href":"https:\/\/pomello.ee\/fi\/wp-json\/wp\/v2\/product\/26554","targetHints":{"allow":["GET"]}}],"collection":[{"href":"https:\/\/pomello.ee\/fi\/wp-json\/wp\/v2\/product"}],"about":[{"href":"https:\/\/pomello.ee\/fi\/wp-json\/wp\/v2\/types\/product"}],"replies":[{"embeddable":true,"href":"https:\/\/pomello.ee\/fi\/wp-json\/wp\/v2\/comments?post=26554"}],"wp:featuredmedia":[{"embeddable":true,"href":"https:\/\/pomello.ee\/fi\/wp-json\/wp\/v2\/media\/26506"}],"wp:attachment":[{"href":"https:\/\/pomello.ee\/fi\/wp-json\/wp\/v2\/media?parent=26554"}],"wp:term":[{"taxonomy":"product_brand","embeddable":true,"href":"https:\/\/pomello.ee\/fi\/wp-json\/wp\/v2\/product_brand?post=26554"},{"taxonomy":"product_cat","embeddable":true,"href":"https:\/\/pomello.ee\/fi\/wp-json\/wp\/v2\/product_cat?post=26554"},{"taxonomy":"product_tag","embeddable":true,"href":"https:\/\/pomello.ee\/fi\/wp-json\/wp\/v2\/product_tag?post=26554"}],"curies":[{"name":"wp","href":"https:\/\/api.w.org\/{rel}","templated":true}]}}