{"id":26712,"date":"2024-06-19T20:54:43","date_gmt":"2024-06-19T18:54:43","guid":{"rendered":"https:\/\/pomello.ee\/toode\/nikk-mole-rauhoittava-geeli-karvanpoiston-jalkeen\/"},"modified":"2024-06-19T20:54:43","modified_gmt":"2024-06-19T17:54:43","slug":"nikk-mole-rauhoittava-geeli-karvanpoiston-jalkeen","status":"publish","type":"product","link":"https:\/\/pomello.ee\/fi\/toode\/nikk-mole-rauhoittava-geeli-karvanpoiston-jalkeen\/","title":{"rendered":"NIKK MOLE Rauhoittava geeli karvanpoiston j\u00e4lkeen"},"content":{"rendered":"<p><strong>K\u00e4ytt\u00f6:<\/strong><\/p>\n<p>Levit\u00e4 pieni m\u00e4\u00e4r\u00e4 geeli\u00e4 karvanpoistoalueelle ja levit\u00e4 tuotetta varovasti ohueksi kerrokseksi siveltimell\u00e4 tai sormenp\u00e4ill\u00e4.<br \/>\nHiero geeli\u00e4 ihoon, kunnes se on t\u00e4ysin imeytynyt.<\/p>\n<p><strong>Varotoimenpiteet:<\/strong><\/p>\n<p>S\u00e4ilytett\u00e4v\u00e4 lasten ja el\u00e4inten ulottumattomissa +5\u00b0C &#8211; +25\u00b0C l\u00e4mp\u00f6tilassa.<br \/>\nV\u00e4lt\u00e4 suoraa auringonvaloa.<br \/>\nV\u00e4lt\u00e4 katsekontaktia. Jos ainetta joutuu silmiin, huuhtele huolellisesti runsaalla vedell\u00e4. Tarvittaessa ota yhteys l\u00e4\u00e4k\u00e4riin.<br \/>\nHuomio: Yksil\u00f6llinen herkkyys tietyille komponenteille on mahdollista.<\/p>\n","protected":false},"excerpt":{"rendered":"<p>NIKK MOLE Karvanpoiston j\u00e4lkeinen rauhoittava geeli minimoi ihon negatiivisen vaikutuksen karvanpoistotoimenpiteiden j\u00e4lkeen. Tuote poistaa tehokkaasti ihon kutinaa, \u00e4rsytyst\u00e4 ja punoitusta, sill\u00e4 on rauhoittava vaikutus ja ehk\u00e4isee hilseily\u00e4.<\/p>\n<p>&nbsp;<\/p>\n<p><strong>Ainesosien vaikutukset:<\/strong><\/p>\n<p><strong>Mentoli:<\/strong> Rauhoittaa ja viilent\u00e4\u00e4 ihoa, s\u00e4vytt\u00e4\u00e4 tehokkaasti, lievitt\u00e4\u00e4 turvotusta ja sill\u00e4 on tulehdusta ehk\u00e4isev\u00e4 vaikutus. Se v\u00e4hent\u00e4\u00e4 kutinaa ja tulehdusta tehden ihosta raikkaamman ja terveemm\u00e4n.<br \/>\n<strong>Aloe-uute:<\/strong> Lievitt\u00e4\u00e4 \u00e4rsytyst\u00e4 ja punoitusta, nopeuttaa solujen uusiutumista, korjaa vaurioituneita alueita ja hoitaa hell\u00e4varaisesti ihoa.<\/p>\n<p>Rauhoittava geeli tukee ihon uusiutumisprosesseja, nopeuttaa paranemista, ehk\u00e4isee kuivumista ja suojaa ymp\u00e4rist\u00f6n haitallisilta vaikutuksilta. Geeli auttaa aktiivisesti parantamaan aineenvaihduntaa ja regeneratiivisia prosesseja.<\/p>\n","protected":false},"featured_media":26709,"comment_status":"open","ping_status":"closed","template":"","meta":{"_monsterinsights_skip_tracking":false,"_monsterinsights_sitenote_active":false,"_monsterinsights_sitenote_note":"","_monsterinsights_sitenote_category":0},"product_brand":[],"product_cat":[507,552],"product_tag":[],"class_list":{"0":"post-26712","1":"product","2":"type-product","3":"status-publish","4":"has-post-thumbnail","6":"product_cat-karvanpoisto","7":"product_cat-jalkihuolto","8":"pa_brand-nikk-mole-fi","9":"pa_suurus-100-ml-fi","11":"first","12":"instock","13":"taxable","14":"shipping-taxable","15":"purchasable","16":"product-type-simple"},"_links":{"self":[{"href":"https:\/\/pomello.ee\/fi\/wp-json\/wp\/v2\/product\/26712","targetHints":{"allow":["GET"]}}],"collection":[{"href":"https:\/\/pomello.ee\/fi\/wp-json\/wp\/v2\/product"}],"about":[{"href":"https:\/\/pomello.ee\/fi\/wp-json\/wp\/v2\/types\/product"}],"replies":[{"embeddable":true,"href":"https:\/\/pomello.ee\/fi\/wp-json\/wp\/v2\/comments?post=26712"}],"wp:featuredmedia":[{"embeddable":true,"href":"https:\/\/pomello.ee\/fi\/wp-json\/wp\/v2\/media\/26709"}],"wp:attachment":[{"href":"https:\/\/pomello.ee\/fi\/wp-json\/wp\/v2\/media?parent=26712"}],"wp:term":[{"taxonomy":"product_brand","embeddable":true,"href":"https:\/\/pomello.ee\/fi\/wp-json\/wp\/v2\/product_brand?post=26712"},{"taxonomy":"product_cat","embeddable":true,"href":"https:\/\/pomello.ee\/fi\/wp-json\/wp\/v2\/product_cat?post=26712"},{"taxonomy":"product_tag","embeddable":true,"href":"https:\/\/pomello.ee\/fi\/wp-json\/wp\/v2\/product_tag?post=26712"}],"curies":[{"name":"wp","href":"https:\/\/api.w.org\/{rel}","templated":true}]}}