{"id":26719,"date":"2024-06-19T21:09:49","date_gmt":"2024-06-19T19:09:49","guid":{"rendered":"https:\/\/pomello.ee\/toode\/nikk-mole-rauhoittava-voide-karvanpoiston-jalkeen\/"},"modified":"2024-06-19T21:09:49","modified_gmt":"2024-06-19T18:09:49","slug":"nikk-mole-rauhoittava-voide-karvanpoiston-jalkeen","status":"publish","type":"product","link":"https:\/\/pomello.ee\/fi\/toode\/nikk-mole-rauhoittava-voide-karvanpoiston-jalkeen\/","title":{"rendered":"NIKK MOLE Rauhoittava voide karvanpoiston j\u00e4lkeen"},"content":{"rendered":"<p><strong>K\u00e4ytt\u00f6tapa:<\/strong><\/p>\n<p>Levit\u00e4 tuotetta iholle karvanpoistotoimenpiteen j\u00e4lkeen korjausalueelle.<br \/>\nLevit\u00e4 tuote tasaisesti ja anna sen imeyty\u00e4 kokonaan.<\/p>\n<p><strong>Varotoimenpiteet:<\/strong><\/p>\n<p>S\u00e4ilytett\u00e4v\u00e4 lasten ja el\u00e4inten ulottumattomissa +5 &#8211; +25\u00b0C l\u00e4mp\u00f6tilassa.<br \/>\nV\u00e4lt\u00e4 altistumista suoralle auringonvalolle.<br \/>\nV\u00e4lt\u00e4 tuotteen joutumista silmiin. Jos voidetta joutuu silmiin, huuhtele ne huolellisesti runsaalla vedell\u00e4. Tarvittaessa ota yhteys l\u00e4\u00e4k\u00e4riin.<br \/>\nHuomio! Yksil\u00f6llinen herkkyys komponenteille on mahdollista.<\/p>\n","protected":false},"excerpt":{"rendered":"<p>NIKK MOLE Karvanpoiston j\u00e4lkeinen rauhoittava voide edist\u00e4\u00e4 vaurioituneen ihon intensiivist\u00e4 uusiutumista. Aktiivisten komponenttiensa ansiosta sill\u00e4 on voimakkaita korjaavia ominaisuuksia, se kosteuttaa ja ravitsee ihoa tehokkaasti solutasolla ja auttaa vahvistamaan suojaavaa estett\u00e4. Voide auttaa lievitt\u00e4m\u00e4\u00e4n punoitusta ja sill\u00e4 on anti-inflammatorisia ja hoitavia ominaisuuksia. Tuote antaa mukavuuden tunteen ja sopii erinomaisesti esteettisen toimenpiteen suorittamiseen.<\/p>\n<p>&nbsp;<\/p>\n<p><strong>Ainesosien vaikutukset:<\/strong><\/p>\n<p><strong>Sheavoi:<\/strong> Uskomattoman pehment\u00e4v\u00e4 ja kosteuttava vaikutus, poistaa punoituksen ja hilseilyn sek\u00e4 edist\u00e4\u00e4 regeneratiivisia prosesseja.<br \/>\n<strong>Avokado\u00f6ljy:<\/strong> Antibakteerisilla ominaisuuksilla, lievitt\u00e4\u00e4 tulehdusta ja nopeuttaa ihon paranemisprosessia.<br \/>\n<strong>Kamomillauute:<\/strong> Antioksidanttisten ja rauhoittavien ominaisuuksien ansiosta se parantaa vaurioituneen ja \u00e4rtyneen ihon ulkon\u00e4k\u00f6\u00e4, edist\u00e4\u00e4 nopeaa paranemista ja auttaa kosteuttamaan ja pehment\u00e4m\u00e4\u00e4n ihoa antaen sille raikkaan ja hyvin hoidetun ulkon\u00e4\u00f6n.<\/p>\n","protected":false},"featured_media":26716,"comment_status":"open","ping_status":"closed","template":"","meta":{"_monsterinsights_skip_tracking":false,"_monsterinsights_sitenote_active":false,"_monsterinsights_sitenote_note":"","_monsterinsights_sitenote_category":0},"product_brand":[],"product_cat":[507,552],"product_tag":[],"class_list":{"0":"post-26719","1":"product","2":"type-product","3":"status-publish","4":"has-post-thumbnail","6":"product_cat-karvanpoisto","7":"product_cat-jalkihuolto","8":"pa_brand-nikk-mole-fi","9":"pa_suurus-100-ml-fi","11":"first","12":"outofstock","13":"taxable","14":"shipping-taxable","15":"purchasable","16":"product-type-simple"},"_links":{"self":[{"href":"https:\/\/pomello.ee\/fi\/wp-json\/wp\/v2\/product\/26719","targetHints":{"allow":["GET"]}}],"collection":[{"href":"https:\/\/pomello.ee\/fi\/wp-json\/wp\/v2\/product"}],"about":[{"href":"https:\/\/pomello.ee\/fi\/wp-json\/wp\/v2\/types\/product"}],"replies":[{"embeddable":true,"href":"https:\/\/pomello.ee\/fi\/wp-json\/wp\/v2\/comments?post=26719"}],"wp:featuredmedia":[{"embeddable":true,"href":"https:\/\/pomello.ee\/fi\/wp-json\/wp\/v2\/media\/26716"}],"wp:attachment":[{"href":"https:\/\/pomello.ee\/fi\/wp-json\/wp\/v2\/media?parent=26719"}],"wp:term":[{"taxonomy":"product_brand","embeddable":true,"href":"https:\/\/pomello.ee\/fi\/wp-json\/wp\/v2\/product_brand?post=26719"},{"taxonomy":"product_cat","embeddable":true,"href":"https:\/\/pomello.ee\/fi\/wp-json\/wp\/v2\/product_cat?post=26719"},{"taxonomy":"product_tag","embeddable":true,"href":"https:\/\/pomello.ee\/fi\/wp-json\/wp\/v2\/product_tag?post=26719"}],"curies":[{"name":"wp","href":"https:\/\/api.w.org\/{rel}","templated":true}]}}