{"id":26777,"date":"2024-06-24T20:45:53","date_gmt":"2024-06-24T18:45:53","guid":{"rendered":"https:\/\/pomello.ee\/toode\/noemi-dye-nozzle-caps-5pc\/"},"modified":"2025-06-23T18:53:22","modified_gmt":"2025-06-23T16:53:22","slug":"noemi-dye-nozzle-caps-5pc","status":"publish","type":"product","link":"https:\/\/pomello.ee\/fi\/toode\/noemi-dye-nozzle-caps-5pc\/","title":{"rendered":"NOEMI Dye Nozzle Caps 5pc"},"content":{"rendered":"","protected":false},"excerpt":{"rendered":"<p>Noemi Nozzle Caps on kehitetty erityisesti Noemi Dye -putkia varten. N\u00e4iden ainutlaatuisten korkkien avulla voit poistaa ohuemman v\u00e4rikerroksen ja est\u00e4\u00e4 tehokkaasti ei-toivotun v\u00e4riaineen vuotamisen.<\/p>\n<p>&nbsp;<\/p>\n<p>Koko: 5 kpl pakkaus.<\/p>\n","protected":false},"featured_media":26771,"comment_status":"open","ping_status":"closed","template":"","meta":{"_monsterinsights_skip_tracking":false,"_monsterinsights_sitenote_active":false,"_monsterinsights_sitenote_note":"","_monsterinsights_sitenote_category":0},"product_brand":[],"product_cat":[540,541,549],"product_tag":[],"class_list":{"0":"post-26777","1":"product","2":"type-product","3":"status-publish","4":"has-post-thumbnail","6":"product_cat-tarvikkeet","7":"product_cat-muut-tyokalut-fi","8":"product_cat-pullot-kupit-ja-kulhot","9":"pa_brand-noemi-fi","10":"pa_suurus-5-kpl-pakkaus","12":"first","13":"instock","14":"taxable","15":"shipping-taxable","16":"purchasable","17":"product-type-simple"},"_links":{"self":[{"href":"https:\/\/pomello.ee\/fi\/wp-json\/wp\/v2\/product\/26777","targetHints":{"allow":["GET"]}}],"collection":[{"href":"https:\/\/pomello.ee\/fi\/wp-json\/wp\/v2\/product"}],"about":[{"href":"https:\/\/pomello.ee\/fi\/wp-json\/wp\/v2\/types\/product"}],"replies":[{"embeddable":true,"href":"https:\/\/pomello.ee\/fi\/wp-json\/wp\/v2\/comments?post=26777"}],"wp:featuredmedia":[{"embeddable":true,"href":"https:\/\/pomello.ee\/fi\/wp-json\/wp\/v2\/media\/26771"}],"wp:attachment":[{"href":"https:\/\/pomello.ee\/fi\/wp-json\/wp\/v2\/media?parent=26777"}],"wp:term":[{"taxonomy":"product_brand","embeddable":true,"href":"https:\/\/pomello.ee\/fi\/wp-json\/wp\/v2\/product_brand?post=26777"},{"taxonomy":"product_cat","embeddable":true,"href":"https:\/\/pomello.ee\/fi\/wp-json\/wp\/v2\/product_cat?post=26777"},{"taxonomy":"product_tag","embeddable":true,"href":"https:\/\/pomello.ee\/fi\/wp-json\/wp\/v2\/product_tag?post=26777"}],"curies":[{"name":"wp","href":"https:\/\/api.w.org\/{rel}","templated":true}]}}