{"id":26799,"date":"2024-06-24T21:01:16","date_gmt":"2024-06-24T18:01:16","guid":{"rendered":"https:\/\/pomello.ee\/toode\/noemi-brow-mapping-lanka\/"},"modified":"2025-11-19T06:04:37","modified_gmt":"2025-11-19T04:04:37","slug":"noemi-brow-mapping-lanka","status":"publish","type":"product","link":"https:\/\/pomello.ee\/fi\/toode\/noemi-brow-mapping-lanka\/","title":{"rendered":"NOEMI Brow mapping lanka"},"content":{"rendered":"<p><br data-mce-bogus=\"1\"><\/p>\n","protected":false},"excerpt":{"rendered":"<p>NOEMI Brow mapping lanka jo maalilla.<\/p>\n<p><\/p>\n<p>Lanka voidaan helposti vet\u00e4\u00e4 rullalta ja katkaista pullon korkkiin kiinnitetyn metallihampaan avulla. Yhdell\u00e4 langalla voit tehd\u00e4 3-4 selv\u00e4sti havaittavaa vetoa, jonka j\u00e4lkeen valkoinen v\u00e4ri katoaa langasta. Suositeltu langan pituus on 20 cm, josta voidaan luoda asteikko.<\/p>\n","protected":false},"featured_media":26790,"comment_status":"open","ping_status":"closed","template":"","meta":{"_monsterinsights_skip_tracking":false,"_monsterinsights_sitenote_active":false,"_monsterinsights_sitenote_note":"","_monsterinsights_sitenote_category":0},"product_brand":[],"product_cat":[476,511,541,540],"product_tag":[],"class_list":{"0":"post-26799","1":"product","2":"type-product","3":"status-publish","4":"has-post-thumbnail","6":"product_cat-kulmakarvat","7":"product_cat-kulmakarvojen-tarvikkeet","8":"product_cat-muut-tyokalut-fi","9":"product_cat-tarvikkeet","10":"pa_brand-noemi-fi","11":"pa_suurus-20m-fi","12":"pa_varv-must-fi","13":"pa_varv-pruun-fi","14":"pa_varv-valge-fi","16":"first","17":"instock","18":"taxable","19":"shipping-taxable","20":"purchasable","21":"product-type-variable"},"_links":{"self":[{"href":"https:\/\/pomello.ee\/fi\/wp-json\/wp\/v2\/product\/26799","targetHints":{"allow":["GET"]}}],"collection":[{"href":"https:\/\/pomello.ee\/fi\/wp-json\/wp\/v2\/product"}],"about":[{"href":"https:\/\/pomello.ee\/fi\/wp-json\/wp\/v2\/types\/product"}],"replies":[{"embeddable":true,"href":"https:\/\/pomello.ee\/fi\/wp-json\/wp\/v2\/comments?post=26799"}],"wp:featuredmedia":[{"embeddable":true,"href":"https:\/\/pomello.ee\/fi\/wp-json\/wp\/v2\/media\/26790"}],"wp:attachment":[{"href":"https:\/\/pomello.ee\/fi\/wp-json\/wp\/v2\/media?parent=26799"}],"wp:term":[{"taxonomy":"product_brand","embeddable":true,"href":"https:\/\/pomello.ee\/fi\/wp-json\/wp\/v2\/product_brand?post=26799"},{"taxonomy":"product_cat","embeddable":true,"href":"https:\/\/pomello.ee\/fi\/wp-json\/wp\/v2\/product_cat?post=26799"},{"taxonomy":"product_tag","embeddable":true,"href":"https:\/\/pomello.ee\/fi\/wp-json\/wp\/v2\/product_tag?post=26799"}],"curies":[{"name":"wp","href":"https:\/\/api.w.org\/{rel}","templated":true}]}}