{"id":26816,"date":"2024-06-24T21:26:44","date_gmt":"2024-06-24T19:26:44","guid":{"rendered":"https:\/\/pomello.ee\/toode\/italwax-topline-emerald-wax-750g\/"},"modified":"2026-04-19T23:33:17","modified_gmt":"2026-04-19T21:33:17","slug":"italwax-topline-emerald-wax-750g","status":"publish","type":"product","link":"https:\/\/pomello.ee\/fi\/toode\/italwax-topline-emerald-wax-750g\/","title":{"rendered":"ITALWAX Topline Emerald Wax 750g"},"content":{"rendered":"<p>ITALWAX TOPLINE EMERALD WAX on korkealuokkainen synteettinen polymeerivaha (SP Wax), joka on suunniteltu karvojen poistoon herkilt\u00e4 alueilta (bikinit, kasvot, kainalot).<\/p>\n<p>&nbsp;<\/p>\n<p>Vaha ei sis\u00e4ll\u00e4 m\u00e4ntyhartsia. Ei aiheuta allergioita. Vaha on erityisen joustavaa, levitys ei katkea, se ei luo joustavia lankoja. Levitet\u00e4\u00e4n lastalla karvan kasvusuunnasta riippumatta, poisto ilman nauhoja.<\/p>\n<p>&nbsp;<\/p>\n<p>Vaha on suunniteltu herk\u00e4lle, allergiselle iholle.<\/p>\n<p><iframe loading=\"lazy\" title=\"Italwax Top Line Emerald procedure.\" width=\"500\" height=\"281\" src=\"https:\/\/www.youtube.com\/embed\/Yn9e80Idlgk?feature=oembed\" frameborder=\"0\" allow=\"accelerometer; autoplay; clipboard-write; encrypted-media; gyroscope; picture-in-picture; web-share\" referrerpolicy=\"strict-origin-when-cross-origin\" allowfullscreen><\/iframe><\/p>\n<p>&nbsp;<\/p>\n<p>Ihanteellinen:<\/p>\n<p>Kulmakarvat<br \/>\nYl\u00e4huuli<br \/>\nNapan ja leuan alue<br \/>\nBikinialue<br \/>\nKainalot<\/p>\n<p>Vahan k\u00e4ytt\u00f6l\u00e4mp\u00f6tila on +38 \u00b0C.<\/p>\n<p>&nbsp;<\/p>\n<p>Vinkkej\u00e4 kasvojen eri alueiden vahaukseen.<br \/>\nSuosituksia parempiin tuloksiin:<\/p>\n<p>&nbsp;<\/p>\n<p>KULMAKARVAT<\/p>\n<p>Kulmakarvojen muotoilua varten on suositeltavaa jakaa yksi pitk\u00e4 levitys kahteen lyhyeen.<br \/>\nLuo ter\u00e4v\u00e4, selke\u00e4 viiva pienell\u00e4 lastalla.<br \/>\nPaina lastaa varovasti, t\u00e4m\u00e4 auttaa vahaa tarttumaan paremmin hiuksiin.<\/p>\n<p>YL\u00c4HUULI<\/p>\n<p>Kirist\u00e4 yl\u00e4huuli jacand-vahan iholle.<br \/>\nYrit\u00e4 v\u00e4ltt\u00e4\u00e4 punaisten huulten aluetta, se voi johtaa ihon kirist\u00e4miseen.<br \/>\nPid\u00e4 lastaa pystyasennossa ihoa vasten, t\u00e4m\u00e4 nostaa karvoja ja vahapito on vahvempi.<\/p>\n<p>SIVUPOSKET<\/p>\n<p>Levit\u00e4 vahaa iholle karvojen kasvusuunnassa ja poista hiuksia vasten.<br \/>\nSuurille kasvojen alueille voit k\u00e4ytt\u00e4\u00e4 tavallista lastaa.<br \/>\nOn my\u00f6s suositeltavaa k\u00e4ytt\u00e4\u00e4 talkkia.<\/p>\n","protected":false},"excerpt":{"rendered":"<p><strong>ITALWAX Topline Emerald Wax<\/strong> on erityisesti valmistettu huippulaatuisista synteettisist\u00e4 polymeereist\u00e4, jotka antavat sille poikkeuksellista joustavuutta ja joustavuutta. T\u00e4m\u00e4 ominaisuus mahdollistaa vahan levitt\u00e4misen iholle eritt\u00e4in ohuina kerroksina, mik\u00e4 tekee vahauksesta tehokkaamman ja kustannustehokkaamman.<\/p>\n<p>&nbsp;<\/p>\n<p><strong>P\u00e4\u00e4piirteet:<\/strong><\/p>\n<p><strong>L\u00e4pin\u00e4kyv\u00e4 smaragdinvihre\u00e4 kimalteleva viimeistely:<\/strong> Esteettinen ja houkutteleva ulkon\u00e4k\u00f6 vahausprosessin aikana.<br \/>\n<strong>Huippulaadukkaat synteettiset polymeerit:<\/strong> varmistavat maksimaalisen joustavuuden ja joustavuuden, mik\u00e4 mahdollistaa eritt\u00e4in ohuen levityksen ja taloudellisen k\u00e4yt\u00f6n.<br \/>\n<strong>Eritt\u00e4in ohut levitys:<\/strong> Optimoi vahan k\u00e4yt\u00f6n ja varmistaa perusteellisen karvanpoiston.<br \/>\n<strong>Ihanteellinen herk\u00e4lle iholle:<\/strong> Hell\u00e4varainen koostumus sopii t\u00e4ydellisesti herkkien alueiden vahaukseen, mik\u00e4 v\u00e4hent\u00e4\u00e4 ep\u00e4mukavuutta ja iho\u00e4rsytyst\u00e4.<br \/>\n<strong>Hybridivahateknologia:<\/strong> Yhdist\u00e4\u00e4 kalvon ja rasvaliukoisten vahojen edut ylivoimaiseen karvanpoistokokemukseen.<\/p>\n<p>Italwax Top Line Emerald Wax tarjoaa eleganssia ja tehokkuutta karvanpoistossa, jossa yhdistyv\u00e4t kauneus, hoito ja innovaatio. Sen poikkeuksellinen joustavuus ja joustavuus tekev\u00e4t vahausprosessista paitsi tehokkaamman, my\u00f6s miellytt\u00e4v\u00e4mm\u00e4n ja kivuttomamman, erityisesti herkk\u00e4ihoisille.<\/p>\n","protected":false},"featured_media":26807,"comment_status":"open","ping_status":"closed","template":"","meta":{"_monsterinsights_skip_tracking":false,"_monsterinsights_sitenote_active":false,"_monsterinsights_sitenote_note":"","_monsterinsights_sitenote_category":0},"product_brand":[],"product_cat":[507,542,555],"product_tag":[],"class_list":{"0":"post-26816","1":"product","2":"type-product","3":"status-publish","4":"has-post-thumbnail","6":"product_cat-karvanpoisto","7":"product_cat-karvanpoisto-tarvikkeet-fi","8":"product_cat-vahat","9":"pa_brand-italwax-fi","10":"pa_suurus-750-g-fi","12":"first","13":"instock","14":"taxable","15":"shipping-taxable","16":"purchasable","17":"product-type-simple"},"_links":{"self":[{"href":"https:\/\/pomello.ee\/fi\/wp-json\/wp\/v2\/product\/26816","targetHints":{"allow":["GET"]}}],"collection":[{"href":"https:\/\/pomello.ee\/fi\/wp-json\/wp\/v2\/product"}],"about":[{"href":"https:\/\/pomello.ee\/fi\/wp-json\/wp\/v2\/types\/product"}],"replies":[{"embeddable":true,"href":"https:\/\/pomello.ee\/fi\/wp-json\/wp\/v2\/comments?post=26816"}],"wp:featuredmedia":[{"embeddable":true,"href":"https:\/\/pomello.ee\/fi\/wp-json\/wp\/v2\/media\/26807"}],"wp:attachment":[{"href":"https:\/\/pomello.ee\/fi\/wp-json\/wp\/v2\/media?parent=26816"}],"wp:term":[{"taxonomy":"product_brand","embeddable":true,"href":"https:\/\/pomello.ee\/fi\/wp-json\/wp\/v2\/product_brand?post=26816"},{"taxonomy":"product_cat","embeddable":true,"href":"https:\/\/pomello.ee\/fi\/wp-json\/wp\/v2\/product_cat?post=26816"},{"taxonomy":"product_tag","embeddable":true,"href":"https:\/\/pomello.ee\/fi\/wp-json\/wp\/v2\/product_tag?post=26816"}],"curies":[{"name":"wp","href":"https:\/\/api.w.org\/{rel}","templated":true}]}}