{"id":26827,"date":"2024-06-24T21:47:44","date_gmt":"2024-06-24T18:47:44","guid":{"rendered":"https:\/\/pomello.ee\/toode\/silikonimaalitarjotin\/"},"modified":"2024-06-24T21:47:44","modified_gmt":"2024-06-24T18:47:44","slug":"silikonimaalitarjotin","status":"publish","type":"product","link":"https:\/\/pomello.ee\/fi\/toode\/silikonimaalitarjotin\/","title":{"rendered":"Silikonimaalitarjotin"},"content":{"rendered":"","protected":false},"excerpt":{"rendered":"<p><strong>Silikonimaalitarjotin<\/strong> &#8211; Pit\u00e4\u00e4 ty\u00f6paikan puhtaana<\/p>\n<p>&nbsp;<\/p>\n<p>Esittelyss\u00e4 k\u00e4yt\u00e4nn\u00f6llinen silikonimaalaustyynymme, joka on erityisesti suunniteltu pit\u00e4m\u00e4\u00e4n ty\u00f6paikkasi aina puhtaana ja siistin\u00e4. Ihanteellinen ty\u00f6kalu maalaamiseen, kynsilakkaukseen ja muihin tarkkuutta vaativiin t\u00f6ihin.<\/p>\n<p>&nbsp;<\/p>\n<p><strong>Ominaisuudet:<\/strong><\/p>\n<p><strong>Monipuolinen k\u00e4ytt\u00f6:<\/strong> T\u00e4ydellinen siveltimien pit\u00e4miseen maalauksen tai lakkausprosessin aikana.<br \/>\n<strong>Helppo puhdistaa:<\/strong> Silikonimateriaali tekee puhdistamisesta nopeaa ja helppoa &#8211; huuhtele vain vedell\u00e4 tai pyyhi puhtaaksi.<br \/>\n<strong>Taitettava ja k\u00e4tev\u00e4:<\/strong> kevyt ja joustava alusta, joka voidaan helposti taittaa ja s\u00e4ilytt\u00e4\u00e4, kun sit\u00e4 ei k\u00e4ytet\u00e4.<br \/>\n<strong>Kest\u00e4v\u00e4 materiaali:<\/strong> Korkealaatuinen silikoni takaa pitk\u00e4n k\u00e4ytt\u00f6i\u00e4n ja kest\u00e4vyyden.<br \/>\n<strong>Liukumaton pinta:<\/strong> Pohja pysyy tukevasti paikoillaan ja tarjoaa vakaan ty\u00f6tason.<\/p>\n<p>Koko: halkaisija 9,5 cm<\/p>\n","protected":false},"featured_media":26824,"comment_status":"open","ping_status":"closed","template":"","meta":{"_monsterinsights_skip_tracking":false,"_monsterinsights_sitenote_active":false,"_monsterinsights_sitenote_note":"","_monsterinsights_sitenote_category":0},"product_brand":[],"product_cat":[541,540],"product_tag":[],"class_list":{"0":"post-26827","1":"product","2":"type-product","3":"status-publish","4":"has-post-thumbnail","6":"product_cat-muut-tyokalut-fi","7":"product_cat-tarvikkeet","8":"pa_brand-pomello-fi","10":"first","11":"instock","12":"taxable","13":"shipping-taxable","14":"purchasable","15":"product-type-simple"},"_links":{"self":[{"href":"https:\/\/pomello.ee\/fi\/wp-json\/wp\/v2\/product\/26827","targetHints":{"allow":["GET"]}}],"collection":[{"href":"https:\/\/pomello.ee\/fi\/wp-json\/wp\/v2\/product"}],"about":[{"href":"https:\/\/pomello.ee\/fi\/wp-json\/wp\/v2\/types\/product"}],"replies":[{"embeddable":true,"href":"https:\/\/pomello.ee\/fi\/wp-json\/wp\/v2\/comments?post=26827"}],"wp:featuredmedia":[{"embeddable":true,"href":"https:\/\/pomello.ee\/fi\/wp-json\/wp\/v2\/media\/26824"}],"wp:attachment":[{"href":"https:\/\/pomello.ee\/fi\/wp-json\/wp\/v2\/media?parent=26827"}],"wp:term":[{"taxonomy":"product_brand","embeddable":true,"href":"https:\/\/pomello.ee\/fi\/wp-json\/wp\/v2\/product_brand?post=26827"},{"taxonomy":"product_cat","embeddable":true,"href":"https:\/\/pomello.ee\/fi\/wp-json\/wp\/v2\/product_cat?post=26827"},{"taxonomy":"product_tag","embeddable":true,"href":"https:\/\/pomello.ee\/fi\/wp-json\/wp\/v2\/product_tag?post=26827"}],"curies":[{"name":"wp","href":"https:\/\/api.w.org\/{rel}","templated":true}]}}