{"id":26844,"date":"2024-06-24T22:06:30","date_gmt":"2024-06-24T20:06:30","guid":{"rendered":"https:\/\/pomello.ee\/toode\/ripsien-puhdistusharja\/"},"modified":"2025-03-19T11:27:17","modified_gmt":"2025-03-19T09:27:17","slug":"ripsien-puhdistusharja","status":"publish","type":"product","link":"https:\/\/pomello.ee\/fi\/toode\/ripsien-puhdistusharja\/","title":{"rendered":"Ripsien puhdistusharja"},"content":{"rendered":"","protected":false},"excerpt":{"rendered":"<p>Ripsien puhdistusharja on erinomainen apuv\u00e4line ripsien puhdistamiseen ennen ripsien pidennysten asentamista, ripsien kohotustoimenpiteeseen tai kotihoitoon. Sopii k\u00e4ytett\u00e4v\u00e4ksi ripsien pesuvaahdon kanssa.<\/p>\n","protected":false},"featured_media":26833,"comment_status":"open","ping_status":"closed","template":"","meta":{"_monsterinsights_skip_tracking":false,"_monsterinsights_sitenote_active":false,"_monsterinsights_sitenote_note":"","_monsterinsights_sitenote_category":0},"product_brand":[],"product_cat":[475,518,515,520,546,563,540,544],"product_tag":[],"class_list":{"0":"post-26844","1":"product","2":"type-product","3":"status-publish","4":"has-post-thumbnail","6":"product_cat-ripset","7":"product_cat-jalkihoito","8":"product_cat-hygienia-ripset-fi","9":"product_cat-puhdistustuotteet","10":"product_cat-ripsien-tarvikkeet","11":"product_cat-siveltimet","12":"product_cat-tarvikkeet","13":"product_cat-tarvikkeet-fi","14":"pa_brand-pomello-fi","15":"pa_varv-heleroosa-fi","16":"pa_varv-must-fi","18":"first","19":"outofstock","20":"taxable","21":"shipping-taxable","22":"purchasable","23":"product-type-variable"},"_links":{"self":[{"href":"https:\/\/pomello.ee\/fi\/wp-json\/wp\/v2\/product\/26844","targetHints":{"allow":["GET"]}}],"collection":[{"href":"https:\/\/pomello.ee\/fi\/wp-json\/wp\/v2\/product"}],"about":[{"href":"https:\/\/pomello.ee\/fi\/wp-json\/wp\/v2\/types\/product"}],"replies":[{"embeddable":true,"href":"https:\/\/pomello.ee\/fi\/wp-json\/wp\/v2\/comments?post=26844"}],"wp:featuredmedia":[{"embeddable":true,"href":"https:\/\/pomello.ee\/fi\/wp-json\/wp\/v2\/media\/26833"}],"wp:attachment":[{"href":"https:\/\/pomello.ee\/fi\/wp-json\/wp\/v2\/media?parent=26844"}],"wp:term":[{"taxonomy":"product_brand","embeddable":true,"href":"https:\/\/pomello.ee\/fi\/wp-json\/wp\/v2\/product_brand?post=26844"},{"taxonomy":"product_cat","embeddable":true,"href":"https:\/\/pomello.ee\/fi\/wp-json\/wp\/v2\/product_cat?post=26844"},{"taxonomy":"product_tag","embeddable":true,"href":"https:\/\/pomello.ee\/fi\/wp-json\/wp\/v2\/product_tag?post=26844"}],"curies":[{"name":"wp","href":"https:\/\/api.w.org\/{rel}","templated":true}]}}