{"id":26881,"date":"2024-06-26T22:38:03","date_gmt":"2024-06-26T19:38:03","guid":{"rendered":"https:\/\/pomello.ee\/toode\/noemi-gel-developer-3\/"},"modified":"2025-08-06T20:50:50","modified_gmt":"2025-08-06T18:50:50","slug":"noemi-gel-developer-3","status":"publish","type":"product","link":"https:\/\/pomello.ee\/fi\/toode\/noemi-gel-developer-3\/","title":{"rendered":"NOEMi GEL Developer 3%"},"content":{"rendered":"<p><strong>K\u00c4YTT\u00d6<\/strong>: Sekoita v\u00e4riaine ja vetygeeli 1:1 muovi- tai lasikulhossa.<\/p>\n","protected":false},"excerpt":{"rendered":"<p>Tervehdi Noemi uutta GEL Developer, uutta suosikkiasi!<\/p>\n<p>&nbsp;<\/p>\n<p>Koe syvempi, selke\u00e4mpi v\u00e4ri Noemin innovatiivisella geelikoostumuksella, joka on ihanteellinen niille, jotka etsiv\u00e4t rohkeampaa lookia ja vahvempaa kulmakarvojen s\u00e4vy\u00e4.<\/p>\n<p>&nbsp;<\/p>\n<p>Noemi kermavety tarjoaa pehme\u00e4n ja luonnollisen lopputuloksen, kun taas gel developer takaa intensiteetin ja tarkkuuden.<\/p>\n","protected":false},"featured_media":26870,"comment_status":"open","ping_status":"closed","template":"","meta":{"_monsterinsights_skip_tracking":false,"_monsterinsights_sitenote_active":false,"_monsterinsights_sitenote_note":"","_monsterinsights_sitenote_category":0},"product_brand":[],"product_cat":[476,901,479],"product_tag":[],"class_list":{"0":"post-26881","1":"product","2":"type-product","3":"status-publish","4":"has-post-thumbnail","6":"product_cat-kulmakarvat","7":"product_cat-developers","8":"product_cat-ripsien-ja-kulmakarvojen-varit-fi","9":"pa_brand-noemi-fi","10":"pa_suurus-14-ml-fi","11":"pa_suurus-50-ml-fi","13":"first","14":"instock","15":"taxable","16":"shipping-taxable","17":"purchasable","18":"product-type-variable"},"_links":{"self":[{"href":"https:\/\/pomello.ee\/fi\/wp-json\/wp\/v2\/product\/26881","targetHints":{"allow":["GET"]}}],"collection":[{"href":"https:\/\/pomello.ee\/fi\/wp-json\/wp\/v2\/product"}],"about":[{"href":"https:\/\/pomello.ee\/fi\/wp-json\/wp\/v2\/types\/product"}],"replies":[{"embeddable":true,"href":"https:\/\/pomello.ee\/fi\/wp-json\/wp\/v2\/comments?post=26881"}],"wp:featuredmedia":[{"embeddable":true,"href":"https:\/\/pomello.ee\/fi\/wp-json\/wp\/v2\/media\/26870"}],"wp:attachment":[{"href":"https:\/\/pomello.ee\/fi\/wp-json\/wp\/v2\/media?parent=26881"}],"wp:term":[{"taxonomy":"product_brand","embeddable":true,"href":"https:\/\/pomello.ee\/fi\/wp-json\/wp\/v2\/product_brand?post=26881"},{"taxonomy":"product_cat","embeddable":true,"href":"https:\/\/pomello.ee\/fi\/wp-json\/wp\/v2\/product_cat?post=26881"},{"taxonomy":"product_tag","embeddable":true,"href":"https:\/\/pomello.ee\/fi\/wp-json\/wp\/v2\/product_tag?post=26881"}],"curies":[{"name":"wp","href":"https:\/\/api.w.org\/{rel}","templated":true}]}}