{"id":27014,"date":"2024-07-17T13:55:22","date_gmt":"2024-07-17T11:55:22","guid":{"rendered":"https:\/\/pomello.ee\/toode\/monitoiminen-ripsien-kohotustyokalu-oko\/"},"modified":"2025-08-18T12:46:13","modified_gmt":"2025-08-18T10:46:13","slug":"monitoiminen-ripsien-kohotustyokalu-oko","status":"publish","type":"product","link":"https:\/\/pomello.ee\/fi\/toode\/monitoiminen-ripsien-kohotustyokalu-oko\/","title":{"rendered":"Monitoiminen ripsien kohotusty\u00f6kalu OKO"},"content":{"rendered":"<p><strong>OKO Monitoiminen L-sondi ominaisuudet:<\/strong><\/p>\n<p>&#8211; Valmistettu korkealaatuisesta kulutusta kest\u00e4v\u00e4st\u00e4 ter\u00e4ksest\u00e4;<br \/>\n&#8211; Kaksi edistynytt\u00e4 ty\u00f6puolta ripsien t\u00e4ydelliseen sijoitteluun ja kampaamiseen;<br \/>\n&#8211; Ergonominen muoto luotettavaan ja turvalliseen ty\u00f6h\u00f6n ripsien kohotuksen aikana;<br \/>\n&#8211; Varmistaa nopean ja mukavan ty\u00f6n mestarille.<\/p>\n","protected":false},"excerpt":{"rendered":"<p><strong>OKO Monitoiminen ripsien asettamiseen silikonityynylle.<\/strong><\/p>\n<p>&nbsp;<\/p>\n<p>Monitoiminen L-anturi on suunniteltu ripsien t\u00e4ydelliseen ja nopeaan asettamiseen silikonityynylle lash lift -toimenpiteen aikana. T\u00e4m\u00e4 ty\u00f6kalu tekee mestarin ty\u00f6st\u00e4 helppoa ja k\u00e4tev\u00e4\u00e4 ja lyhent\u00e4\u00e4 ripsien kiinnittymiseen kuluvaa aikaa.<\/p>\n<p>&nbsp;<\/p>\n<p><strong>Ty\u00f6kalussa on kaksi edistyksellist\u00e4 toiminnallista n\u00e4k\u00f6kohtaa:<\/strong><br \/>\n&#8211; L-muotoinen kaareva ty\u00f6puoli ter\u00e4ripsien erottamiseen ja ripsien muotoiluun ja kiinnitt\u00e4miseen silikonityynyn uritetulla pinnalla. Ter\u00e4v\u00e4n k\u00e4rjen avulla voit helposti erottaa ripset ja tarkistaa niiden valmiuden.<br \/>\n&#8211; Kampaharja ripsien erottamiseen ja t\u00e4ydelliseen kampaukseen.<\/p>\n<p>&nbsp;<\/p>\n<p>OKO L-sondi on valmistettu korkealaatuisesta ter\u00e4ksest\u00e4, joka kest\u00e4\u00e4 kulutusta, korroosiota ja s\u00e4\u00e4nn\u00f6llist\u00e4 desinfiointia. Ty\u00f6kalussa on ergonominen muoto ja tasapainoinen paino, mink\u00e4 ansiosta se istuu turvallisesti ja mukavasti k\u00e4sity\u00f6l\u00e4isen k\u00e4teen.<\/p>\n<p>&nbsp;<\/p>\n<p>Koko: 14,5 cm<\/p>\n","protected":false},"featured_media":27011,"comment_status":"open","ping_status":"closed","template":"","meta":{"_monsterinsights_skip_tracking":false,"_monsterinsights_sitenote_active":false,"_monsterinsights_sitenote_note":"","_monsterinsights_sitenote_category":0},"product_brand":[],"product_cat":[475,516,541,546,540,544],"product_tag":[],"class_list":{"0":"post-27014","1":"product","2":"type-product","3":"status-publish","4":"has-post-thumbnail","6":"product_cat-ripset","7":"product_cat-lash-lift-fi","8":"product_cat-muut-tyokalut-fi","9":"product_cat-ripsien-tarvikkeet","10":"product_cat-tarvikkeet","11":"product_cat-tarvikkeet-fi","12":"pa_brand-oko-fi","13":"pa_suurus-145-cm-fi","15":"first","16":"instock","17":"taxable","18":"shipping-taxable","19":"purchasable","20":"product-type-simple"},"_links":{"self":[{"href":"https:\/\/pomello.ee\/fi\/wp-json\/wp\/v2\/product\/27014","targetHints":{"allow":["GET"]}}],"collection":[{"href":"https:\/\/pomello.ee\/fi\/wp-json\/wp\/v2\/product"}],"about":[{"href":"https:\/\/pomello.ee\/fi\/wp-json\/wp\/v2\/types\/product"}],"replies":[{"embeddable":true,"href":"https:\/\/pomello.ee\/fi\/wp-json\/wp\/v2\/comments?post=27014"}],"wp:featuredmedia":[{"embeddable":true,"href":"https:\/\/pomello.ee\/fi\/wp-json\/wp\/v2\/media\/27011"}],"wp:attachment":[{"href":"https:\/\/pomello.ee\/fi\/wp-json\/wp\/v2\/media?parent=27014"}],"wp:term":[{"taxonomy":"product_brand","embeddable":true,"href":"https:\/\/pomello.ee\/fi\/wp-json\/wp\/v2\/product_brand?post=27014"},{"taxonomy":"product_cat","embeddable":true,"href":"https:\/\/pomello.ee\/fi\/wp-json\/wp\/v2\/product_cat?post=27014"},{"taxonomy":"product_tag","embeddable":true,"href":"https:\/\/pomello.ee\/fi\/wp-json\/wp\/v2\/product_tag?post=27014"}],"curies":[{"name":"wp","href":"https:\/\/api.w.org\/{rel}","templated":true}]}}