{"id":27083,"date":"2024-07-20T14:33:45","date_gmt":"2024-07-20T12:33:45","guid":{"rendered":"https:\/\/pomello.ee\/toode\/silikoni-kompensaattori-strip\/"},"modified":"2024-07-20T14:33:45","modified_gmt":"2024-07-20T11:33:45","slug":"silikoni-kompensaattori-strip","status":"publish","type":"product","link":"https:\/\/pomello.ee\/fi\/toode\/silikoni-kompensaattori-strip\/","title":{"rendered":"Silikoni kompensaattori Strip"},"content":{"rendered":"<p><strong>Tuote on uudelleenk\u00e4ytett\u00e4v\u00e4.<\/strong><\/p>\n<p>&nbsp;<\/p>\n<p>Koko 6,1 x 0,5 cm<\/p>\n<p>&nbsp;<\/p>\n<p><strong>Puhdistus:<\/strong><br \/>\n1. Puhdista v\u00e4litt\u00f6m\u00e4sti jokaisen k\u00e4yt\u00f6n j\u00e4lkeen l\u00e4mpim\u00e4ll\u00e4 vedell\u00e4 ja antibakteerisella saippualla.<br \/>\n2. Desinfioi 70 % alkoholipohjaisella aineella.<br \/>\n3. Huuhtele sitten vedell\u00e4 ja kuivaa.<br \/>\n4. Aseta tuote steriiliin, suljettuun astiaan.<\/p>\n","protected":false},"excerpt":{"rendered":"<p>Silikoni kompensaattori &#8211; ripsien kohotustoimenpiteen aikana jotkut ripset voivat irrota silikonityynyst\u00e4, ja jos niit\u00e4 ei kiinnitet\u00e4, t\u00e4m\u00e4 vaikuttaa t\u00e4ydelliseen kiharatulokseen. Jotta lopputulos olisi aina t\u00e4ydellinen, irtonaiset karvat on kiinnitett\u00e4v\u00e4 silikoniliuskoilla &#8211; tarvittaessa my\u00f6s vaiheessa 1.<\/p>\n<p>&nbsp;<\/p>\n<p>Lis\u00e4ksi n\u00e4it\u00e4 silikonikompensaattoreita on hyv\u00e4 k\u00e4ytt\u00e4\u00e4 my\u00f6s kulmakarvojen v\u00e4rj\u00e4yksen yhteydess\u00e4, koska asettamalla kompensaattori kulmakarvojen kaaren alle se est\u00e4\u00e4 v\u00e4ri\u00e4 p\u00e4\u00e4sem\u00e4st\u00e4 iholle.<\/p>\n<p>&nbsp;<\/p>\n<p>Pakkauksessa 3 paria kompensaattoreita<\/p>\n","protected":false},"featured_media":27051,"comment_status":"open","ping_status":"closed","template":"","meta":{"_monsterinsights_skip_tracking":false,"_monsterinsights_sitenote_active":false,"_monsterinsights_sitenote_note":"","_monsterinsights_sitenote_category":0},"product_brand":[],"product_cat":[475,516,521,541,540],"product_tag":[],"class_list":{"0":"post-27083","1":"product","2":"type-product","3":"status-publish","4":"has-post-thumbnail","6":"product_cat-ripset","7":"product_cat-lash-lift-fi","8":"product_cat-silikonityynyt","9":"product_cat-muut-tyokalut-fi","10":"product_cat-tarvikkeet","11":"pa_brand-pomello-fi","12":"pa_varv-lilla-fi","13":"pa_varv-must-fi","15":"first","16":"instock","17":"taxable","18":"shipping-taxable","19":"purchasable","20":"product-type-variable"},"_links":{"self":[{"href":"https:\/\/pomello.ee\/fi\/wp-json\/wp\/v2\/product\/27083","targetHints":{"allow":["GET"]}}],"collection":[{"href":"https:\/\/pomello.ee\/fi\/wp-json\/wp\/v2\/product"}],"about":[{"href":"https:\/\/pomello.ee\/fi\/wp-json\/wp\/v2\/types\/product"}],"replies":[{"embeddable":true,"href":"https:\/\/pomello.ee\/fi\/wp-json\/wp\/v2\/comments?post=27083"}],"wp:featuredmedia":[{"embeddable":true,"href":"https:\/\/pomello.ee\/fi\/wp-json\/wp\/v2\/media\/27051"}],"wp:attachment":[{"href":"https:\/\/pomello.ee\/fi\/wp-json\/wp\/v2\/media?parent=27083"}],"wp:term":[{"taxonomy":"product_brand","embeddable":true,"href":"https:\/\/pomello.ee\/fi\/wp-json\/wp\/v2\/product_brand?post=27083"},{"taxonomy":"product_cat","embeddable":true,"href":"https:\/\/pomello.ee\/fi\/wp-json\/wp\/v2\/product_cat?post=27083"},{"taxonomy":"product_tag","embeddable":true,"href":"https:\/\/pomello.ee\/fi\/wp-json\/wp\/v2\/product_tag?post=27083"}],"curies":[{"name":"wp","href":"https:\/\/api.w.org\/{rel}","templated":true}]}}