{"id":27087,"date":"2024-06-18T08:21:55","date_gmt":"2024-06-18T05:21:55","guid":{"rendered":"https:\/\/pomello.ee\/toode\/noemi-mini-manual-eng\/"},"modified":"2024-06-18T08:21:55","modified_gmt":"2024-06-18T05:21:55","slug":"noemi-mini-manual-eng","status":"publish","type":"product","link":"https:\/\/pomello.ee\/fi\/toode\/noemi-mini-manual-eng\/","title":{"rendered":"NOEMI Mini Manual ENG"},"content":{"rendered":"","protected":false},"excerpt":{"rendered":"<p>NOEMI Hybrid Dye Mini Manual ENG &#8211; ILMAINEN<\/p>\n<p>&nbsp;<\/p>\n<p>Kaikki tiedot Noemi-v\u00e4reist\u00e4, k\u00e4ytt\u00f6ohje on englanninkielinen.<\/p>\n<p>&nbsp;<\/p>\n<p>Netist\u00e4 ladattava k\u00e4sikirja.<\/p>\n","protected":false},"featured_media":26693,"comment_status":"open","ping_status":"closed","template":"","meta":{"_monsterinsights_skip_tracking":false,"_monsterinsights_sitenote_active":false,"_monsterinsights_sitenote_note":"","_monsterinsights_sitenote_category":0},"product_brand":[],"product_cat":[490,478,479],"product_tag":[],"class_list":{"0":"post-27087","1":"product","2":"type-product","3":"status-publish","4":"has-post-thumbnail","6":"product_cat-koulutukset","7":"product_cat-ripsien-ja-kulmakarvojen-varit","8":"product_cat-ripsien-ja-kulmakarvojen-varit-fi","9":"pa_brand-noemi-fi","11":"first","12":"instock","13":"downloadable","14":"virtual","15":"taxable","16":"purchasable","17":"product-type-simple"},"_links":{"self":[{"href":"https:\/\/pomello.ee\/fi\/wp-json\/wp\/v2\/product\/27087","targetHints":{"allow":["GET"]}}],"collection":[{"href":"https:\/\/pomello.ee\/fi\/wp-json\/wp\/v2\/product"}],"about":[{"href":"https:\/\/pomello.ee\/fi\/wp-json\/wp\/v2\/types\/product"}],"replies":[{"embeddable":true,"href":"https:\/\/pomello.ee\/fi\/wp-json\/wp\/v2\/comments?post=27087"}],"wp:featuredmedia":[{"embeddable":true,"href":"https:\/\/pomello.ee\/fi\/wp-json\/wp\/v2\/media\/26693"}],"wp:attachment":[{"href":"https:\/\/pomello.ee\/fi\/wp-json\/wp\/v2\/media?parent=27087"}],"wp:term":[{"taxonomy":"product_brand","embeddable":true,"href":"https:\/\/pomello.ee\/fi\/wp-json\/wp\/v2\/product_brand?post=27087"},{"taxonomy":"product_cat","embeddable":true,"href":"https:\/\/pomello.ee\/fi\/wp-json\/wp\/v2\/product_cat?post=27087"},{"taxonomy":"product_tag","embeddable":true,"href":"https:\/\/pomello.ee\/fi\/wp-json\/wp\/v2\/product_tag?post=27087"}],"curies":[{"name":"wp","href":"https:\/\/api.w.org\/{rel}","templated":true}]}}