{"id":27091,"date":"2024-06-17T20:28:39","date_gmt":"2024-06-17T18:28:39","guid":{"rendered":"https:\/\/pomello.ee\/toode\/ekko-beauty-gel-color-remover\/"},"modified":"2024-06-17T20:28:39","modified_gmt":"2024-06-17T17:28:39","slug":"ekko-beauty-gel-color-remover","status":"publish","type":"product","link":"https:\/\/pomello.ee\/fi\/toode\/ekko-beauty-gel-color-remover\/","title":{"rendered":"Ekko Beauty Gel Color Remover"},"content":{"rendered":"<p><strong>Kuinka k\u00e4ytt\u00e4\u00e4:<\/strong><\/p>\n<p>&nbsp;<\/p>\n<p><strong>Hennan tai v\u00e4riaineen poistaminen hiuksista:<\/strong><\/p>\n<p>1. Levit\u00e4 tarvittava m\u00e4\u00e4r\u00e4 tuotetta tummuneelle alueelle vanupallolla tai siveltimell\u00e4.<br \/>\n2. Anna vaikuttaa 2-5 minuuttia, jotta tuote vaikuttaa.<br \/>\n3. Puhdista tumma alue varovasti.<br \/>\n4. Poista j\u00e4ljelle j\u00e4\u00e4nyt seos vedell\u00e4 tai v\u00e4riaineella kostutetulla vanulapulla.<br \/>\n5. Toista toimenpide tarvittaessa.<\/p>\n<p>&nbsp;<\/p>\n<p><strong>Hennan tai maalin poistaminen iholta:<\/strong><\/p>\n<p>1. Levit\u00e4 pieni m\u00e4\u00e4r\u00e4 tuotetta vanulappuun tai vanulappuun.<br \/>\n2. Pyyhi ihoalue, josta haluat poistaa v\u00e4riseoksen.<br \/>\n3. Toista toimenpide tarvittaessa.<\/p>\n","protected":false},"excerpt":{"rendered":"<p><strong>Ekko Beauty Gel Color Remover on geeliv\u00e4rinpoistoaine, joka on suunniteltu korjaamaan ja s\u00e4vytt\u00e4m\u00e4\u00e4n.<\/strong><\/p>\n<p>&nbsp;<\/p>\n<p>Ekko Beauty 2-in-1 geeliv\u00e4rinpoistoaine on ammattimainen ja monik\u00e4ytt\u00f6inen tuote hennan ja v\u00e4rin poistamiseen kulmakarvoista. Sen universaali koostumus toimii tehokkaasti sek\u00e4 iholla ett\u00e4 hiuksilla, ja se on ihanteellinen ylim\u00e4\u00e4r\u00e4isen hennan ja v\u00e4riaineen poistamiseen.<\/p>\n<p>&nbsp;<\/p>\n<p><strong>P\u00e4\u00e4piirteet:<\/strong><\/p>\n<p>&#8211; Universaali koostumus: Toimii sek\u00e4 iholla ett\u00e4 hiuksilla poistaen henna- tai v\u00e4riainej\u00e4\u00e4m\u00e4t hell\u00e4sti mutta tehokkaasti.<br \/>\n&#8211; Tehokas ja turvallinen: Poistoaine ei juokse eik\u00e4 valu, joten sit\u00e4 on helppo k\u00e4ytt\u00e4\u00e4 sek\u00e4 ammattilaisille ett\u00e4 kotik\u00e4ytt\u00e4jille.<br \/>\n&#8211; Korjaus ja s\u00e4vytys: Voit poistaa ylim\u00e4\u00e4r\u00e4isen v\u00e4riaineen tai hennan, korjata v\u00e4rj\u00e4ysvirheet ja vaalentaa hiuksia 1-3 s\u00e4vyll\u00e4 tai luoda kauniin ombre-efektin.<\/p>\n<p>&nbsp;<\/p>\n<p>Ekko Beauty geeliv\u00e4rinpoistoaine tekee hennan ja v\u00e4rin poistamisesta helppoa ja tehokasta ja auttaa sinua saavuttamaan joka kerta virheett\u00f6m\u00e4n ja t\u00e4ydellisen lopputuloksen.<\/p>\n","protected":false},"featured_media":26684,"comment_status":"open","ping_status":"closed","template":"","meta":{"_monsterinsights_skip_tracking":false,"_monsterinsights_sitenote_active":false,"_monsterinsights_sitenote_note":"","_monsterinsights_sitenote_category":0},"product_brand":[],"product_cat":[476,903],"product_tag":[],"class_list":{"0":"post-27091","1":"product","2":"type-product","3":"status-publish","4":"has-post-thumbnail","6":"product_cat-kulmakarvat","7":"product_cat-varinpoisto","8":"pa_brand-ekko-beauty-fi","9":"pa_suurus-100-ml-fi","11":"first","12":"outofstock","13":"taxable","14":"shipping-taxable","15":"purchasable","16":"product-type-simple"},"_links":{"self":[{"href":"https:\/\/pomello.ee\/fi\/wp-json\/wp\/v2\/product\/27091","targetHints":{"allow":["GET"]}}],"collection":[{"href":"https:\/\/pomello.ee\/fi\/wp-json\/wp\/v2\/product"}],"about":[{"href":"https:\/\/pomello.ee\/fi\/wp-json\/wp\/v2\/types\/product"}],"replies":[{"embeddable":true,"href":"https:\/\/pomello.ee\/fi\/wp-json\/wp\/v2\/comments?post=27091"}],"wp:featuredmedia":[{"embeddable":true,"href":"https:\/\/pomello.ee\/fi\/wp-json\/wp\/v2\/media\/26684"}],"wp:attachment":[{"href":"https:\/\/pomello.ee\/fi\/wp-json\/wp\/v2\/media?parent=27091"}],"wp:term":[{"taxonomy":"product_brand","embeddable":true,"href":"https:\/\/pomello.ee\/fi\/wp-json\/wp\/v2\/product_brand?post=27091"},{"taxonomy":"product_cat","embeddable":true,"href":"https:\/\/pomello.ee\/fi\/wp-json\/wp\/v2\/product_cat?post=27091"},{"taxonomy":"product_tag","embeddable":true,"href":"https:\/\/pomello.ee\/fi\/wp-json\/wp\/v2\/product_tag?post=27091"}],"curies":[{"name":"wp","href":"https:\/\/api.w.org\/{rel}","templated":true}]}}