{"id":27093,"date":"2024-06-17T20:24:13","date_gmt":"2024-06-17T18:24:13","guid":{"rendered":"https:\/\/pomello.ee\/toode\/nikk-mole-platinum-black-wax\/"},"modified":"2025-06-23T18:53:22","modified_gmt":"2025-06-23T16:53:22","slug":"nikk-mole-platinum-black-wax","status":"publish","type":"product","link":"https:\/\/pomello.ee\/fi\/toode\/nikk-mole-platinum-black-wax\/","title":{"rendered":"NIKK MOLE Platinum Black Wax"},"content":{"rendered":"<p><strong>ROSIN FREE<\/strong> on ihanteellinen valinta herk\u00e4lle iholle. T\u00e4m\u00e4n vahan valmistusprosessi poistaa hartsista l\u00f6ytyv\u00e4t luonnolliset yhdisteet (hartsihapot), jotka voivat aiheuttaa ihon punoitusta. Siksi se on t\u00e4ydellinen reaktiivisimmille ihotyypeille.<\/p>\n<p>&nbsp;<\/p>\n<p><strong>Kuinka k\u00e4ytt\u00e4\u00e4:<\/strong><\/p>\n<p>1. Kuumenna vaha vahasulattimessa.<br \/>\n2. Puhdista iho Nikk Mole tonicilla.<br \/>\n3. Levit\u00e4 ohut kerros Nikk Mole -\u00f6ljy\u00e4 karvanpoistoalueelle.<br \/>\n4. Levit\u00e4 tarvittava m\u00e4\u00e4r\u00e4 vahaa ohuella lastalla hiusten kasvusuuntaan.<br \/>\n5. Kun vaha kovettuu, kiinnit\u00e4 iho poistokohtaan ja poista vaha yhdell\u00e4 liikkeell\u00e4 karvankasvua vastaan.<br \/>\n6. Vahauksen j\u00e4lkeen poista vahaj\u00e4\u00e4m\u00e4t Nikk Mole SKIN Oil -\u00f6ljyll\u00e4 ja puhdista iho SKIN Nikk Mole Tonerilla.<br \/>\n7. Toista toimenpide tarvittaessa.<\/p>\n<p>&nbsp;<\/p>\n<p>Ei tarvita vahapaperia.<\/p>\n","protected":false},"excerpt":{"rendered":"<p><strong>NIKK MOLE Platinum Black Wax rakeinen vaha kulmakarvoille ja kulmakarvoille.<\/strong><\/p>\n<p>&nbsp;<\/p>\n<p>Koe ylellisyytt\u00e4 ja herkkua Nikk Mole Platinum Black -raevahalla. T\u00e4ll\u00e4 kulmakarva- ja kasvovahalla on miellytt\u00e4v\u00e4 tuoksu, hell\u00e4varainen rakenne ja helppok\u00e4ytt\u00f6inen. Erityisesti kasvojen ihon hoitoon luodulla vahalla voit saavuttaa virheett\u00f6m\u00e4n ja sile\u00e4n karvaton ihon ilman suurta vaivaa.<\/p>\n<p>&nbsp;<\/p>\n<p>Ainutlaatuisen koostumuksensa ansiosta, joka ei \u00e4rsyt\u00e4 ihoa, vaha poistaa tehokkaasti hienoimmatkin sumeat karvat, ihanteellinen herk\u00e4lle iholle, hartsiton.<\/p>\n","protected":false},"featured_media":26675,"comment_status":"open","ping_status":"closed","template":"","meta":{"_monsterinsights_skip_tracking":false,"_monsterinsights_sitenote_active":false,"_monsterinsights_sitenote_note":"","_monsterinsights_sitenote_category":0},"product_brand":[],"product_cat":[507,555],"product_tag":[],"class_list":{"0":"post-27093","1":"product","2":"type-product","3":"status-publish","4":"has-post-thumbnail","6":"product_cat-karvanpoisto","7":"product_cat-vahat","8":"pa_brand-nikk-mole-fi","9":"pa_suurus-100-g-fi","11":"first","12":"instock","13":"taxable","14":"shipping-taxable","15":"purchasable","16":"product-type-simple"},"_links":{"self":[{"href":"https:\/\/pomello.ee\/fi\/wp-json\/wp\/v2\/product\/27093","targetHints":{"allow":["GET"]}}],"collection":[{"href":"https:\/\/pomello.ee\/fi\/wp-json\/wp\/v2\/product"}],"about":[{"href":"https:\/\/pomello.ee\/fi\/wp-json\/wp\/v2\/types\/product"}],"replies":[{"embeddable":true,"href":"https:\/\/pomello.ee\/fi\/wp-json\/wp\/v2\/comments?post=27093"}],"wp:featuredmedia":[{"embeddable":true,"href":"https:\/\/pomello.ee\/fi\/wp-json\/wp\/v2\/media\/26675"}],"wp:attachment":[{"href":"https:\/\/pomello.ee\/fi\/wp-json\/wp\/v2\/media?parent=27093"}],"wp:term":[{"taxonomy":"product_brand","embeddable":true,"href":"https:\/\/pomello.ee\/fi\/wp-json\/wp\/v2\/product_brand?post=27093"},{"taxonomy":"product_cat","embeddable":true,"href":"https:\/\/pomello.ee\/fi\/wp-json\/wp\/v2\/product_cat?post=27093"},{"taxonomy":"product_tag","embeddable":true,"href":"https:\/\/pomello.ee\/fi\/wp-json\/wp\/v2\/product_tag?post=27093"}],"curies":[{"name":"wp","href":"https:\/\/api.w.org\/{rel}","templated":true}]}}