{"id":27095,"date":"2024-06-17T20:11:05","date_gmt":"2024-06-17T18:11:05","guid":{"rendered":"https:\/\/pomello.ee\/toode\/nikk-mole-gold-eye-patches-hyaluronic-collagen\/"},"modified":"2024-06-17T20:11:05","modified_gmt":"2024-06-17T17:11:05","slug":"nikk-mole-gold-eye-patches-hyaluronic-collagen","status":"publish","type":"product","link":"https:\/\/pomello.ee\/fi\/toode\/nikk-mole-gold-eye-patches-hyaluronic-collagen\/","title":{"rendered":"NIKK MOLE Gold Eye Patches Hyaluronic &#038; Collagen"},"content":{"rendered":"<p><strong>Manuaalinen:<\/strong><\/p>\n<p>1. Poista laastarit varovasti pakkauksesta lastalla.<br \/>\n2. Levit\u00e4 esipuhdistetulle iholle silmien alla, nasolaabiaalisiin poimuihin, kaulalle tai dekolteelle.<br \/>\n3. Anna vaikuttaa 15-20 minuuttia.<br \/>\n4. Hiero j\u00e4ljelle j\u00e4\u00e4nyt tuote varovasti ihoon.<\/p>\n<p>&nbsp;<\/p>\n<p><strong>Varotoimenpiteet:<\/strong><\/p>\n<p>&#8211; S\u00e4ilyt\u00e4 +5\u00b0C &#8211; +25\u00b0C l\u00e4mp\u00f6tilassa, kuivassa paikassa, poissa lasten ulottuvilta, ilman suoraa auringonvaloa.<br \/>\n&#8211; Er\u00e4numero vastaa valmistusp\u00e4iv\u00e4\u00e4, valmistusp\u00e4iv\u00e4m\u00e4\u00e4r\u00e4 on merkitty pakkaukseen.<br \/>\n&#8211; \u00c4l\u00e4 k\u00e4yt\u00e4 viimeisen k\u00e4ytt\u00f6p\u00e4iv\u00e4m\u00e4\u00e4r\u00e4n j\u00e4lkeen. S\u00e4ilyvyys on 18 kuukautta.<br \/>\n&#8211; Yksil\u00f6llinen herkkyys komponenteille on mahdollista.<\/p>\n","protected":false},"excerpt":{"rendered":"<p><strong>Nikk Mole Gold Eye Patches Hyaluroni- ja kollageenigeelim\u00e4iset silm\u00e4tyynyt<\/strong><\/p>\n<p>&nbsp;<\/p>\n<p>Nikk Mole -geelisilm\u00e4tyynyt kollageenilla ja hyaluronihapolla tarjoavat intensiivist\u00e4 kosteutusta, tasoittavat ja kiinteytt\u00e4v\u00e4t silm\u00e4nymp\u00e4rysihoa, lis\u00e4\u00e4v\u00e4t ihon joustavuutta ja vahvuutta sek\u00e4 v\u00e4hent\u00e4v\u00e4t hienoja ryppyj\u00e4. N\u00e4m\u00e4 tyynyt poistavat tehokkaasti unen puutteen merkkej\u00e4, kuten tummia silm\u00e4nalusia ja turvotusta, jolloin iho n\u00e4ytt\u00e4\u00e4 terveemm\u00e4lt\u00e4 ja kirkkaammalta. P\u00e4ivitt\u00e4inen k\u00e4ytt\u00f6 auttaa yll\u00e4pit\u00e4m\u00e4\u00e4n ihon hehkua ja ehk\u00e4isee varhaisia \u200b\u200bryppyj\u00e4.<\/p>\n<p>&nbsp;<\/p>\n<p><strong>P\u00e4\u00e4piirteet:<\/strong><\/p>\n<ul>\n<li>Intensiivinen kosteutus: Hyaluronihappo varmistaa syv\u00e4n kosteutuksen tehden ihosta sile\u00e4n ja pehme\u00e4n.<\/li>\n<li>Kiinteytt\u00e4v\u00e4 vaikutus: Kollageeni vahvistaa ja kiinteytt\u00e4\u00e4 ihoa, lis\u00e4\u00e4 joustavuutta ja v\u00e4hent\u00e4\u00e4 ryppyj\u00e4.<\/li>\n<li>Unen merkkien v\u00e4hent\u00e4minen: Pehmusteet auttavat v\u00e4hent\u00e4m\u00e4\u00e4n tummia silm\u00e4nalusia ja turvotusta antaen iholle lev\u00e4nneen ja raikkaan ilmeen.<\/li>\n<li>Turvalliset ainesosat: Ei sis\u00e4ll\u00e4 haitallisia aineita, sopii my\u00f6s herk\u00e4lle iholle.<\/li>\n<\/ul>\n<p>M\u00e4\u00e4r\u00e4: 60 kpl<\/p>\n","protected":false},"featured_media":26666,"comment_status":"open","ping_status":"closed","template":"","meta":{"_monsterinsights_skip_tracking":false,"_monsterinsights_sitenote_active":false,"_monsterinsights_sitenote_note":"","_monsterinsights_sitenote_category":0},"product_brand":[],"product_cat":[976],"product_tag":[],"class_list":{"0":"post-27095","1":"product","2":"type-product","3":"status-publish","4":"has-post-thumbnail","6":"product_cat-kasvot","7":"pa_brand-nikk-mole-fi","9":"first","10":"instock","11":"taxable","12":"shipping-taxable","13":"purchasable","14":"product-type-simple"},"_links":{"self":[{"href":"https:\/\/pomello.ee\/fi\/wp-json\/wp\/v2\/product\/27095","targetHints":{"allow":["GET"]}}],"collection":[{"href":"https:\/\/pomello.ee\/fi\/wp-json\/wp\/v2\/product"}],"about":[{"href":"https:\/\/pomello.ee\/fi\/wp-json\/wp\/v2\/types\/product"}],"replies":[{"embeddable":true,"href":"https:\/\/pomello.ee\/fi\/wp-json\/wp\/v2\/comments?post=27095"}],"wp:featuredmedia":[{"embeddable":true,"href":"https:\/\/pomello.ee\/fi\/wp-json\/wp\/v2\/media\/26666"}],"wp:attachment":[{"href":"https:\/\/pomello.ee\/fi\/wp-json\/wp\/v2\/media?parent=27095"}],"wp:term":[{"taxonomy":"product_brand","embeddable":true,"href":"https:\/\/pomello.ee\/fi\/wp-json\/wp\/v2\/product_brand?post=27095"},{"taxonomy":"product_cat","embeddable":true,"href":"https:\/\/pomello.ee\/fi\/wp-json\/wp\/v2\/product_cat?post=27095"},{"taxonomy":"product_tag","embeddable":true,"href":"https:\/\/pomello.ee\/fi\/wp-json\/wp\/v2\/product_tag?post=27095"}],"curies":[{"name":"wp","href":"https:\/\/api.w.org\/{rel}","templated":true}]}}