{"id":27226,"date":"2024-08-01T14:21:46","date_gmt":"2024-08-01T11:21:46","guid":{"rendered":"https:\/\/pomello.ee\/toode\/katya-vinog-silikonimuotit-alemmille-ripsille-cats\/"},"modified":"2024-10-04T20:07:49","modified_gmt":"2024-10-04T17:07:49","slug":"katya-vinog-silikonimuotit-alemmille-ripsille-cats","status":"publish","type":"product","link":"https:\/\/pomello.ee\/fi\/toode\/katya-vinog-silikonimuotit-alemmille-ripsille-cats\/","title":{"rendered":"KATYA VINOG silikonimuotit alemmille ripsille CATS"},"content":{"rendered":"","protected":false},"excerpt":{"rendered":"<p>KATYA VINOG silikonimuotit alemmille ripsille CATS ovat s\u00f6p\u00f6j\u00e4 ja laadukkaita silikonityynyj\u00e4 alemmille ripsille. Pakkaus sis\u00e4lt\u00e4\u00e4 1 parin, saatavana vaaleanpunaisena tai sinisen\u00e4. ONE SIZE -koko sopii keskipitkille ja pitkille ripsille. Valmistettu pehme\u00e4st\u00e4, hypoallergeenisesta silikonista.<\/p>\n<p>&nbsp;<\/p>\n<p><strong>Edut:<\/strong><\/p>\n<ul>\n<li>Uudelleenk\u00e4ytett\u00e4v\u00e4<\/li>\n<li>Sopii kaikille silm\u00e4muodoille, my\u00f6s herkille silmille<\/li>\n<li>Liimaa ei tarvita<\/li>\n<\/ul>\n","protected":false},"featured_media":27217,"comment_status":"open","ping_status":"closed","template":"","meta":{"_monsterinsights_skip_tracking":false,"_monsterinsights_sitenote_active":false,"_monsterinsights_sitenote_note":"","_monsterinsights_sitenote_category":0},"product_brand":[],"product_cat":[516,475,972],"product_tag":[],"class_list":{"0":"post-27226","1":"product","2":"type-product","3":"status-publish","4":"has-post-thumbnail","6":"product_cat-lash-lift-fi","7":"product_cat-ripset","8":"product_cat-silikonimuotit-alemmille-ripsille","9":"pa_brand-katya-vinog-fi","10":"pa_varv-roosa-fi","11":"pa_varv-sinine-fi","13":"first","14":"outofstock","15":"taxable","16":"shipping-taxable","17":"purchasable","18":"product-type-variable"},"_links":{"self":[{"href":"https:\/\/pomello.ee\/fi\/wp-json\/wp\/v2\/product\/27226","targetHints":{"allow":["GET"]}}],"collection":[{"href":"https:\/\/pomello.ee\/fi\/wp-json\/wp\/v2\/product"}],"about":[{"href":"https:\/\/pomello.ee\/fi\/wp-json\/wp\/v2\/types\/product"}],"replies":[{"embeddable":true,"href":"https:\/\/pomello.ee\/fi\/wp-json\/wp\/v2\/comments?post=27226"}],"wp:featuredmedia":[{"embeddable":true,"href":"https:\/\/pomello.ee\/fi\/wp-json\/wp\/v2\/media\/27217"}],"wp:attachment":[{"href":"https:\/\/pomello.ee\/fi\/wp-json\/wp\/v2\/media?parent=27226"}],"wp:term":[{"taxonomy":"product_brand","embeddable":true,"href":"https:\/\/pomello.ee\/fi\/wp-json\/wp\/v2\/product_brand?post=27226"},{"taxonomy":"product_cat","embeddable":true,"href":"https:\/\/pomello.ee\/fi\/wp-json\/wp\/v2\/product_cat?post=27226"},{"taxonomy":"product_tag","embeddable":true,"href":"https:\/\/pomello.ee\/fi\/wp-json\/wp\/v2\/product_tag?post=27226"}],"curies":[{"name":"wp","href":"https:\/\/api.w.org\/{rel}","templated":true}]}}