{"id":27230,"date":"2024-08-01T13:59:24","date_gmt":"2024-08-01T11:59:24","guid":{"rendered":"https:\/\/pomello.ee\/toode\/elan-konsentraatti-lipidic-2-0\/"},"modified":"2024-08-01T13:59:24","modified_gmt":"2024-08-01T10:59:24","slug":"elan-konsentraatti-lipidic-2-0","status":"publish","type":"product","link":"https:\/\/pomello.ee\/fi\/toode\/elan-konsentraatti-lipidic-2-0\/","title":{"rendered":"ELAN konsentraatti LIPIDIC 2.0"},"content":{"rendered":"<p>LIPIDIC 2.0:n ominaisuudet:<\/p>\n<p>&nbsp;<\/p>\n<p>Patentoitu Fiberhance-komponentti: Parantaa kulmakarvojen ja ripsien joustavuutta antaen niille kest\u00e4vyytt\u00e4 ja joustavuutta.<br \/>\nInnovatiivinen ainesosa Heliogenol\u2122: Suojaa sek\u00e4 luonnollisia ett\u00e4 s\u00e4vytettyj\u00e4 hiuksia haalistumista, s\u00e4ilytt\u00e4\u00e4 v\u00e4rin ja kiillon.<br \/>\nHydrolysoitu keratiini: Ravitsee kulmakarvojen ja ripsien karvoja, vahvistaa niit\u00e4 ja ehk\u00e4isee hiustenl\u00e4ht\u00f6\u00e4.<\/p>\n<p>&nbsp;<\/p>\n<p>LIPIDIC 2.0 Aktiiviset komponentit:<\/p>\n<p>&nbsp;<\/p>\n<p>Fiberhance\u2122: Edist\u00e4\u00e4 kulmakarvojen ja ripsien elastisuutta.<br \/>\nHeliogenol\u2122: Suojaa v\u00e4rin haalistumista vastaan \u200b\u200bs\u00e4ilytt\u00e4m\u00e4ll\u00e4 v\u00e4rin voimakkuuden.<br \/>\nHydrolysoitu keratiini: Tarjoaa ravinteita, jotka auttavat yll\u00e4pit\u00e4m\u00e4\u00e4n kulmakarvojen ja ripsien terveytt\u00e4 ja v\u00e4hent\u00e4m\u00e4\u00e4n hiustenl\u00e4ht\u00f6\u00e4.<\/p>\n<p>&nbsp;<\/p>\n<p>S\u00e4ilyvyys: 24 kuukautta.<\/p>\n","protected":false},"excerpt":{"rendered":"<p>ELAN konsentraatti LIPIDIC 2.0 on erityisesti suunniteltu kulmakarvojen ja ripsien hoitoon sek\u00e4 nopeaan palauttamiseen v\u00e4rj\u00e4yksen, laminoinnin ja valkaisun j\u00e4lkeen. Tuote on saatavilla k\u00e4teviss\u00e4 ampulleissa.<\/p>\n<p>&nbsp;<\/p>\n<p>K\u00e4yt\u00e4 niit\u00e4 salongissa j\u00e4lkihoitona tai kotona kosteuttamaan ja hoitamaan ripsi\u00e4 ja kulmia kemiallisten k\u00e4sittelyjen j\u00e4lkeen.<\/p>\n<p>&nbsp;<\/p>\n<p>Pakkaus 10 ampullia x 1,5 ml<\/p>\n","protected":false},"featured_media":27207,"comment_status":"open","ping_status":"closed","template":"","meta":{"_monsterinsights_skip_tracking":false,"_monsterinsights_sitenote_active":false,"_monsterinsights_sitenote_note":"","_monsterinsights_sitenote_category":0},"product_brand":[],"product_cat":[476,518,915,917,923,475,514],"product_tag":[],"class_list":{"0":"post-27230","1":"product","2":"type-product","3":"status-publish","4":"has-post-thumbnail","6":"product_cat-kulmakarvat","7":"product_cat-jalkihoito","8":"product_cat-esi-ja-jalkihoito","9":"product_cat-jalkihoito-fi","10":"product_cat-jalkihoito-ja-kosteuttaminen","11":"product_cat-ripset","12":"product_cat-ripsi-ja-kulmakarvojen-seerumit","13":"pa_brand-elan-fi","15":"first","16":"outofstock","17":"taxable","18":"shipping-taxable","19":"purchasable","20":"product-type-simple"},"_links":{"self":[{"href":"https:\/\/pomello.ee\/fi\/wp-json\/wp\/v2\/product\/27230","targetHints":{"allow":["GET"]}}],"collection":[{"href":"https:\/\/pomello.ee\/fi\/wp-json\/wp\/v2\/product"}],"about":[{"href":"https:\/\/pomello.ee\/fi\/wp-json\/wp\/v2\/types\/product"}],"replies":[{"embeddable":true,"href":"https:\/\/pomello.ee\/fi\/wp-json\/wp\/v2\/comments?post=27230"}],"wp:featuredmedia":[{"embeddable":true,"href":"https:\/\/pomello.ee\/fi\/wp-json\/wp\/v2\/media\/27207"}],"wp:attachment":[{"href":"https:\/\/pomello.ee\/fi\/wp-json\/wp\/v2\/media?parent=27230"}],"wp:term":[{"taxonomy":"product_brand","embeddable":true,"href":"https:\/\/pomello.ee\/fi\/wp-json\/wp\/v2\/product_brand?post=27230"},{"taxonomy":"product_cat","embeddable":true,"href":"https:\/\/pomello.ee\/fi\/wp-json\/wp\/v2\/product_cat?post=27230"},{"taxonomy":"product_tag","embeddable":true,"href":"https:\/\/pomello.ee\/fi\/wp-json\/wp\/v2\/product_tag?post=27230"}],"curies":[{"name":"wp","href":"https:\/\/api.w.org\/{rel}","templated":true}]}}