{"id":27232,"date":"2024-08-01T13:36:52","date_gmt":"2024-08-01T11:36:52","guid":{"rendered":"https:\/\/pomello.ee\/toode\/viivain-kulmakarvoille\/"},"modified":"2024-10-25T12:42:40","modified_gmt":"2024-10-25T09:42:40","slug":"viivain-kulmakarvoille","status":"publish","type":"product","link":"https:\/\/pomello.ee\/fi\/toode\/viivain-kulmakarvoille\/","title":{"rendered":"Viivain kulmakarvoille"},"content":{"rendered":"<p><strong>Kuinka k\u00e4ytt\u00e4\u00e4:<\/strong><\/p>\n<ol>\n<li>Aseta viivain kulmakarvojen yl\u00e4puolelle ja kiinnit\u00e4 se ihoon tarroilla.<\/li>\n<li>Merkitse haluamasi kohdat kulmakarvoihin m\u00e4\u00e4ritt\u00e4\u00e4ksesi kulmien kaaren, pituuden ja h\u00e4nn\u00e4n sijainnin.<\/li>\n<li>Muotoile ja muotoile kulmakarvasi t\u00e4sm\u00e4lleen mieltymystesi mukaan.<\/li>\n<\/ol>\n","protected":false},"excerpt":{"rendered":"<p>Tutustu kulmakarvojen viivaimeen, nopeaan ja helppoon tapaan muotoilla kulmakarvat t\u00e4ydelliseksi! Kulmakarvojen muotoiluun tarkoitettu erikoisviivain on ihanteellinen ty\u00f6kalu niin kulmakarvateknikoille kuin kestomeikin asiantuntijoille, sill\u00e4 se tarjoaa tarkat ja nopeat mittaukset kulmakarvojen kaaren, kulmakarvojen pituuden ja kulmakarvojen pohjan m\u00e4\u00e4ritt\u00e4miseen.<\/p>\n<p>&nbsp;<\/p>\n<p>Viivain on tarkoitettu k\u00e4ytett\u00e4v\u00e4ksi kertak\u00e4ytt\u00f6tuotteena; siin\u00e4 on irrotettavat tarrat, joiden avulla se voidaan kiinnitt\u00e4\u00e4 ihoon. Jos tarroja ei poisteta, viivainta voidaan k\u00e4ytt\u00e4\u00e4 toistuvasti. Viivain on valmistettu pehme\u00e4st\u00e4 materiaalista.<\/p>\n","protected":false},"featured_media":27195,"comment_status":"open","ping_status":"closed","template":"","meta":{"_monsterinsights_skip_tracking":false,"_monsterinsights_sitenote_active":false,"_monsterinsights_sitenote_note":"","_monsterinsights_sitenote_category":0},"product_brand":[],"product_cat":[476,511,541,540],"product_tag":[],"class_list":{"0":"post-27232","1":"product","2":"type-product","3":"status-publish","4":"has-post-thumbnail","6":"product_cat-kulmakarvat","7":"product_cat-kulmakarvojen-tarvikkeet","8":"product_cat-muut-tyokalut-fi","9":"product_cat-tarvikkeet","11":"first","12":"outofstock","13":"taxable","14":"shipping-taxable","15":"purchasable","16":"product-type-simple"},"_links":{"self":[{"href":"https:\/\/pomello.ee\/fi\/wp-json\/wp\/v2\/product\/27232","targetHints":{"allow":["GET"]}}],"collection":[{"href":"https:\/\/pomello.ee\/fi\/wp-json\/wp\/v2\/product"}],"about":[{"href":"https:\/\/pomello.ee\/fi\/wp-json\/wp\/v2\/types\/product"}],"replies":[{"embeddable":true,"href":"https:\/\/pomello.ee\/fi\/wp-json\/wp\/v2\/comments?post=27232"}],"wp:featuredmedia":[{"embeddable":true,"href":"https:\/\/pomello.ee\/fi\/wp-json\/wp\/v2\/media\/27195"}],"wp:attachment":[{"href":"https:\/\/pomello.ee\/fi\/wp-json\/wp\/v2\/media?parent=27232"}],"wp:term":[{"taxonomy":"product_brand","embeddable":true,"href":"https:\/\/pomello.ee\/fi\/wp-json\/wp\/v2\/product_brand?post=27232"},{"taxonomy":"product_cat","embeddable":true,"href":"https:\/\/pomello.ee\/fi\/wp-json\/wp\/v2\/product_cat?post=27232"},{"taxonomy":"product_tag","embeddable":true,"href":"https:\/\/pomello.ee\/fi\/wp-json\/wp\/v2\/product_tag?post=27232"}],"curies":[{"name":"wp","href":"https:\/\/api.w.org\/{rel}","templated":true}]}}