{"id":27303,"date":"2024-08-06T21:45:50","date_gmt":"2024-08-06T19:45:50","guid":{"rendered":"https:\/\/pomello.ee\/toode\/bronsun-brow-perm-lamination-step-2\/"},"modified":"2025-10-09T21:50:10","modified_gmt":"2025-10-09T19:50:10","slug":"bronsun-brow-perm-lamination-step-2","status":"publish","type":"product","link":"https:\/\/pomello.ee\/fi\/toode\/bronsun-brow-perm-lamination-step-2\/","title":{"rendered":"BRONSUN Brow Perm Lamination Step 2"},"content":{"rendered":"<p><strong>K\u00e4ytt\u00f6ohjeet:<\/strong><\/p>\n<p><strong>Kulmakarvojen laminointimenettelyn vaiheet:<\/strong><\/p>\n<p>1. Puhdista kulmakarvojen alue \u00f6ljytt\u00f6m\u00e4ll\u00e4 meikinpoistoaineella.<br \/>\n2. Puhdista kulmakarvojen alue suolaliuoksella tai erityisell\u00e4 kulmashampoolla.\u00a0<strong>V\u00e4lt\u00e4 kuorinta-aineiden k\u00e4ytt\u00f6\u00e4 kulmakarvojen valmistelussa.<\/strong><br \/>\n3. Levit\u00e4 \u201dihonsuoja\u201d kulmakarvojen ymp\u00e4rill\u00e4 olevalle iholle v\u00e4ltt\u00e4en kosketusta karvojen kanssa.<br \/>\n4. Kampaa kulmakarvat kertak\u00e4ytt\u00f6kammalla, m\u00e4\u00e4ritt\u00e4en haluttu suunta ja muoto. Huomioi luonnollinen karvankasvun suunta levitt\u00e4ess\u00e4si koostumuksia.<br \/>\n5.\u00a0<strong>Step 1 BROW LIFT BRONSUN:<\/strong>\u00a0Levit\u00e4 ohut kerros kuiville kulmakarvoille. Vaikutusaika riippuu karvojen tiheydest\u00e4 ja paksuudesta:<br \/>\n\u2013 2-4 minuuttia ohuille, huokoisille karvoille.<br \/>\n\u2013 4-6 minuuttia keskipaksuille ja aiemmin kemiallisesti k\u00e4sitellyille karvoille.<br \/>\n\u2013 5-15 minuuttia karkeille, tiheille ja aiemmin kemiallisesti k\u00e4sittelem\u00e4tt\u00f6mille karvoille.<br \/>\n6. Kun vaiheen 1 vaikutusaika on p\u00e4\u00e4ttynyt, poista vaihe 1 vanulapulla, liikkuen karvojen kasvusuuntaan. S\u00e4\u00e4d\u00e4 muoto varovasti kulmakarvaharjalla.<br \/>\n7.\u00a0<strong>Step 2 BROW SCULPT BRONSUN:<\/strong>\u00a0Levit\u00e4 kulmakarvoille, levitt\u00e4en karvojen l\u00e4pi halutun suunnan luomiseksi.\u00a0<strong>Vaikutusaika on sama kuin Step 1<\/strong>.<br \/>\n8. Kun vaiheen 2 vaikutusaika on p\u00e4\u00e4ttynyt, poista vaihe 2 vanulapulla.<br \/>\n9. Suorita v\u00e4rj\u00e4ysprosessi BRONSUN-v\u00e4rill\u00e4 tai muulla sopivalla v\u00e4rill\u00e4. Kulmakarvojen laminointimenettelyn j\u00e4lkeen on suositeltavaa lyhent\u00e4\u00e4 v\u00e4rin vaikutusaikaa 2-5 minuuttia tavallisesta ajasta.<br \/>\n10. Kun vaikutusaika on p\u00e4\u00e4ttynyt, poista v\u00e4riaine kostealla vanulapulla.<br \/>\n11. Levit\u00e4 vaihe 3 BROW ESSENCE BRONSUN kuiville kulmakarvoille kulmakarvaharjalla, luoden halutun muodon. \u00c4l\u00e4 huuhtele.<\/p>\n","protected":false},"excerpt":{"rendered":"<p><strong>BRONSUN Brow Perm Lamination Step 2<\/strong><\/p>\n<p>&nbsp;<\/p>\n<p>Esittelemme\u00a0<strong>Bronsunin Brow Perm Lamination<\/strong>\u00a0-sarjan, vallankumouksellisen ratkaisun t\u00e4ydellisten kulmakarvojen saavuttamiseksi. Kehittynyt kysteiiniin perustuva teknologia tarjoaa hell\u00e4varaisen ja tehokkaan tuloksen ilman tioglykolaattia, ammoniakkia tai vetyperoksidia. Uudet koostumukset vaikuttavat kulmakarvoihin hell\u00e4varaisesti, l\u00e4hes ilman ep\u00e4miellytt\u00e4v\u00e4\u00e4 hajua, ja ne toimivat nopeasti. Korkea hoitavien aineosien pitoisuus takaa maksimaalisen suojan karvoille sek\u00e4 hoidon aikana ett\u00e4 sen j\u00e4lkeen. Pitk\u00e4kestoinen ja ammattimainen lopputulos, joka pit\u00e4\u00e4 kulmat kauniisti muotoiltuina!<\/p>\n<p>&nbsp;<\/p>\n<p><strong>NOPEA<\/strong><br \/>\n\u2013 Kysteiiniin perustuva pikakaava<br \/>\n\u2013 Ei tarvitse liimaa<\/p>\n<p>&nbsp;<\/p>\n<p><strong>HELL\u00c4VARAINEN<\/strong><br \/>\n\u2013 Korkea hoitavien aineiden pitoisuus<\/p>\n<p>&nbsp;<\/p>\n<p><strong>TURVALLINEN<\/strong><br \/>\n\u2013 Hell\u00e4varainen vaikutus karvoihin ja ihoon<br \/>\n\u2013 V\u00e4hemm\u00e4n h\u00f6yryj\u00e4 ja ep\u00e4miellytt\u00e4vi\u00e4 hajuja<\/p>\n<p>&nbsp;<\/p>\n<p><strong>K\u00c4TEV\u00c4<\/strong><br \/>\n\u2013 Annostelupullo<br \/>\n\u2013 Suuri koko 10 ml \u2013 riitt\u00e4\u00e4 jopa 50 hoitoon<\/p>\n","protected":false},"featured_media":27287,"comment_status":"open","ping_status":"closed","template":"","meta":{"_monsterinsights_skip_tracking":false,"_monsterinsights_sitenote_active":false,"_monsterinsights_sitenote_note":"","_monsterinsights_sitenote_category":0},"product_brand":[],"product_cat":[476,899,477],"product_tag":[],"class_list":{"0":"post-27303","1":"product","2":"type-product","3":"status-publish","4":"has-post-thumbnail","6":"product_cat-kulmakarvat","7":"product_cat-emulsiot-fi","8":"product_cat-kulmien-laminointi","9":"pa_brand-bronsun-fi","11":"first","12":"outofstock","13":"taxable","14":"shipping-taxable","15":"purchasable","16":"product-type-simple"},"_links":{"self":[{"href":"https:\/\/pomello.ee\/fi\/wp-json\/wp\/v2\/product\/27303","targetHints":{"allow":["GET"]}}],"collection":[{"href":"https:\/\/pomello.ee\/fi\/wp-json\/wp\/v2\/product"}],"about":[{"href":"https:\/\/pomello.ee\/fi\/wp-json\/wp\/v2\/types\/product"}],"replies":[{"embeddable":true,"href":"https:\/\/pomello.ee\/fi\/wp-json\/wp\/v2\/comments?post=27303"}],"wp:featuredmedia":[{"embeddable":true,"href":"https:\/\/pomello.ee\/fi\/wp-json\/wp\/v2\/media\/27287"}],"wp:attachment":[{"href":"https:\/\/pomello.ee\/fi\/wp-json\/wp\/v2\/media?parent=27303"}],"wp:term":[{"taxonomy":"product_brand","embeddable":true,"href":"https:\/\/pomello.ee\/fi\/wp-json\/wp\/v2\/product_brand?post=27303"},{"taxonomy":"product_cat","embeddable":true,"href":"https:\/\/pomello.ee\/fi\/wp-json\/wp\/v2\/product_cat?post=27303"},{"taxonomy":"product_tag","embeddable":true,"href":"https:\/\/pomello.ee\/fi\/wp-json\/wp\/v2\/product_tag?post=27303"}],"curies":[{"name":"wp","href":"https:\/\/api.w.org\/{rel}","templated":true}]}}