{"id":27587,"date":"2024-08-22T14:10:15","date_gmt":"2024-08-22T12:10:15","guid":{"rendered":"https:\/\/pomello.ee\/toode\/oko-lash-lifting-glue-5-ml\/"},"modified":"2024-08-22T14:10:15","modified_gmt":"2024-08-22T11:10:15","slug":"oko-lash-lifting-glue-5-ml","status":"publish","type":"product","link":"https:\/\/pomello.ee\/fi\/toode\/oko-lash-lifting-glue-5-ml\/","title":{"rendered":"OKO Lash Lifting Glue 5 ml"},"content":{"rendered":"<p><strong>OKO Lash Lifting Gluen k\u00e4ytt\u00f6ohje:<\/strong><\/p>\n<p>1. Valmistele ripset puhdistamalla ne OKO Cloudy Foam Shampoolla.<br \/>\n2. Tee silm\u00e4luomien analyysi ja valitse sopivat tyynyt.<br \/>\n3. Kiinnit\u00e4 ripset liimalla levitt\u00e4m\u00e4ll\u00e4 pieni m\u00e4\u00e4r\u00e4 liimaa tyynylle tai suoraan ripsien alueelle. Odota 5-10 sekuntia ennen vahvistamista.<br \/>\n4. Jos asiakas tuntee olonsa ep\u00e4mukavaksi, k\u00e4yt\u00e4 puskuria silm\u00e4luomen ja tyynyn v\u00e4liss\u00e4.<br \/>\n5. Tarkista tyynyjen symmetria ja aloita ripsien kiinnitt\u00e4minen tyynyihin asettamalla ripset tarkalleen 90\u00b0 kulmaan.<br \/>\n6. Poista ylim\u00e4\u00e4r\u00e4inen liima kostealla pumpulipuikolla ennen laminointia.<br \/>\n7. Puhdista toimenpiteen lopussa silm\u00e4luomet ja tyynyt l\u00e4mpim\u00e4ll\u00e4, kostealla vanulapulla.<\/p>\n","protected":false},"excerpt":{"rendered":"<p><strong>OKO Lash&amp;Brow Lash Lifting Glue<\/strong><\/p>\n<p>&nbsp;<\/p>\n<p>OKO Lash Lifting Glue on yksi parhaista ripsien laminointiliimoista, jota ammattilaiset rakastavat! Innovatiivinen koostumus varmistaa ripsien lujan ja nopean kiinnittymisen tyynyihin koko toimenpiteen ajan. <strong>Sopii my\u00f6s monimutkaisimmille &#8211; kiilt\u00e4ville ja j\u00e4ykille ripsille.<\/strong> Liima on helppo levitt\u00e4\u00e4 ja irtoaa helposti vedell\u00e4. Hypoallergeenisen koostumuksensa ansiosta se on ihanteellinen asiakkaille, joilla on herkk\u00e4silm\u00e4isyys.<\/p>\n<p>&nbsp;<\/p>\n<p>Tuote on tehty rakkaudella ja sopii jokaiselle asiakkaalle!<\/p>\n<p>&nbsp;<\/p>\n<p>Viimeinen k\u00e4ytt\u00f6p\u00e4iv\u00e4: merkitty pakkaukseen<br \/>\nS\u00e4ilyvyys avaamisen j\u00e4lkeen: 6 kuukautta<\/p>\n","protected":false},"featured_media":27441,"comment_status":"open","ping_status":"closed","template":"","meta":{"_monsterinsights_skip_tracking":false,"_monsterinsights_sitenote_active":false,"_monsterinsights_sitenote_note":"","_monsterinsights_sitenote_category":0},"product_brand":[],"product_cat":[475,516,519],"product_tag":[],"class_list":{"0":"post-27587","1":"product","2":"type-product","3":"status-publish","4":"has-post-thumbnail","6":"product_cat-ripset","7":"product_cat-lash-lift-fi","8":"product_cat-liimat","9":"pa_brand-oko-fi","10":"pa_suurus-5-ml-fi","12":"first","13":"instock","14":"taxable","15":"shipping-taxable","16":"purchasable","17":"product-type-simple"},"_links":{"self":[{"href":"https:\/\/pomello.ee\/fi\/wp-json\/wp\/v2\/product\/27587","targetHints":{"allow":["GET"]}}],"collection":[{"href":"https:\/\/pomello.ee\/fi\/wp-json\/wp\/v2\/product"}],"about":[{"href":"https:\/\/pomello.ee\/fi\/wp-json\/wp\/v2\/types\/product"}],"replies":[{"embeddable":true,"href":"https:\/\/pomello.ee\/fi\/wp-json\/wp\/v2\/comments?post=27587"}],"wp:featuredmedia":[{"embeddable":true,"href":"https:\/\/pomello.ee\/fi\/wp-json\/wp\/v2\/media\/27441"}],"wp:attachment":[{"href":"https:\/\/pomello.ee\/fi\/wp-json\/wp\/v2\/media?parent=27587"}],"wp:term":[{"taxonomy":"product_brand","embeddable":true,"href":"https:\/\/pomello.ee\/fi\/wp-json\/wp\/v2\/product_brand?post=27587"},{"taxonomy":"product_cat","embeddable":true,"href":"https:\/\/pomello.ee\/fi\/wp-json\/wp\/v2\/product_cat?post=27587"},{"taxonomy":"product_tag","embeddable":true,"href":"https:\/\/pomello.ee\/fi\/wp-json\/wp\/v2\/product_tag?post=27587"}],"curies":[{"name":"wp","href":"https:\/\/api.w.org\/{rel}","templated":true}]}}