{"id":27589,"date":"2024-09-02T21:29:00","date_gmt":"2024-09-02T19:29:00","guid":{"rendered":"https:\/\/pomello.ee\/toode\/noemi-teroitin\/"},"modified":"2025-06-30T19:29:22","modified_gmt":"2025-06-30T17:29:22","slug":"noemi-teroitin","status":"publish","type":"product","link":"https:\/\/pomello.ee\/fi\/toode\/noemi-teroitin\/","title":{"rendered":"NOEMI Teroitin"},"content":{"rendered":"","protected":false},"excerpt":{"rendered":"<p>NOEMI teroitin on t\u00e4ydellinen ty\u00f6kalu kaikille kosmeettisille kynillesi, ja se varmistaa tarkan ja tasaisen ter\u00e4vyyden joka kerta, kun k\u00e4yt\u00e4t sit\u00e4.<\/p>\n","protected":false},"featured_media":27575,"comment_status":"open","ping_status":"closed","template":"","meta":{"_monsterinsights_skip_tracking":false,"_monsterinsights_sitenote_active":false,"_monsterinsights_sitenote_note":"","_monsterinsights_sitenote_category":0},"product_brand":[],"product_cat":[544,511,947,541,540],"product_tag":[],"class_list":{"0":"post-27589","1":"product","2":"type-product","3":"status-publish","4":"has-post-thumbnail","6":"product_cat-tarvikkeet-fi","7":"product_cat-kulmakarvojen-tarvikkeet","8":"product_cat-kulmakynat","9":"product_cat-muut-tyokalut-fi","10":"product_cat-tarvikkeet","11":"pa_brand-noemi-fi","13":"first","14":"instock","15":"taxable","16":"shipping-taxable","17":"purchasable","18":"product-type-simple"},"_links":{"self":[{"href":"https:\/\/pomello.ee\/fi\/wp-json\/wp\/v2\/product\/27589","targetHints":{"allow":["GET"]}}],"collection":[{"href":"https:\/\/pomello.ee\/fi\/wp-json\/wp\/v2\/product"}],"about":[{"href":"https:\/\/pomello.ee\/fi\/wp-json\/wp\/v2\/types\/product"}],"replies":[{"embeddable":true,"href":"https:\/\/pomello.ee\/fi\/wp-json\/wp\/v2\/comments?post=27589"}],"wp:featuredmedia":[{"embeddable":true,"href":"https:\/\/pomello.ee\/fi\/wp-json\/wp\/v2\/media\/27575"}],"wp:attachment":[{"href":"https:\/\/pomello.ee\/fi\/wp-json\/wp\/v2\/media?parent=27589"}],"wp:term":[{"taxonomy":"product_brand","embeddable":true,"href":"https:\/\/pomello.ee\/fi\/wp-json\/wp\/v2\/product_brand?post=27589"},{"taxonomy":"product_cat","embeddable":true,"href":"https:\/\/pomello.ee\/fi\/wp-json\/wp\/v2\/product_cat?post=27589"},{"taxonomy":"product_tag","embeddable":true,"href":"https:\/\/pomello.ee\/fi\/wp-json\/wp\/v2\/product_tag?post=27589"}],"curies":[{"name":"wp","href":"https:\/\/api.w.org\/{rel}","templated":true}]}}