{"id":27591,"date":"2024-09-02T21:23:30","date_gmt":"2024-09-02T19:23:30","guid":{"rendered":"https:\/\/pomello.ee\/toode\/noemi-hydrogeelityynyt-silmille\/"},"modified":"2025-11-28T07:45:16","modified_gmt":"2025-11-28T05:45:16","slug":"noemi-hydrogeelityynyt-silmille","status":"publish","type":"product","link":"https:\/\/pomello.ee\/fi\/toode\/noemi-hydrogeelityynyt-silmille\/","title":{"rendered":"NOEMI hydrogeelityynyt silmille"},"content":{"rendered":"","protected":false},"excerpt":{"rendered":"<p><strong>Tutustu NOEMI-hydrogeelityynyihin silm\u00e4nymp\u00e4rysiholle<\/strong> \u2013 t\u00e4ydellinen lis\u00e4 ripsien ja kulmakarvojen hoitopalveluihin. N\u00e4m\u00e4 geelityynyt tarjoavat ravitsevaa virkistyst\u00e4 silm\u00e4nymp\u00e4rysiholle ja ovat loistava tapa hemmotella asiakkaitasi erityisell\u00e4 huolenpidolla.<\/p>\n<p>&nbsp;<\/p>\n<p><strong>Eye Zone Mask:<\/strong> Tyynyt sis\u00e4lt\u00e4v\u00e4t korkealaatuisia ravintoaineita, kuten persikkauutetta, centella asiaticaa, kollageenia, E-vitamiinia ja hyaluronihappoa, jotka syv\u00e4sti ravitsevat ja kosteuttavat ihoa.<\/p>\n<p>&nbsp;<\/p>\n<p>Tarjoa asiakkaillesi ylellinen hoitokokemus Noemin innovatiivisilla hydrogeelityynyill\u00e4. Ne sopivat my\u00f6s j\u00e4lleenmyyntiin kotik\u00e4ytt\u00f6\u00f6n.<\/p>\n<p>&nbsp;<\/p>\n<p><strong>Sis\u00e4lt\u00f6<\/strong>: 30 paria (60 kpl).<\/p>\n","protected":false},"featured_media":27570,"comment_status":"open","ping_status":"closed","template":"","meta":{"_monsterinsights_skip_tracking":false,"_monsterinsights_sitenote_active":false,"_monsterinsights_sitenote_note":"","_monsterinsights_sitenote_category":0},"product_brand":[],"product_cat":[976],"product_tag":[],"class_list":{"0":"post-27591","1":"product","2":"type-product","3":"status-publish","4":"has-post-thumbnail","6":"product_cat-kasvot","7":"pa_brand-noemi-fi","9":"first","10":"instock","11":"taxable","12":"shipping-taxable","13":"purchasable","14":"product-type-simple"},"_links":{"self":[{"href":"https:\/\/pomello.ee\/fi\/wp-json\/wp\/v2\/product\/27591","targetHints":{"allow":["GET"]}}],"collection":[{"href":"https:\/\/pomello.ee\/fi\/wp-json\/wp\/v2\/product"}],"about":[{"href":"https:\/\/pomello.ee\/fi\/wp-json\/wp\/v2\/types\/product"}],"replies":[{"embeddable":true,"href":"https:\/\/pomello.ee\/fi\/wp-json\/wp\/v2\/comments?post=27591"}],"wp:featuredmedia":[{"embeddable":true,"href":"https:\/\/pomello.ee\/fi\/wp-json\/wp\/v2\/media\/27570"}],"wp:attachment":[{"href":"https:\/\/pomello.ee\/fi\/wp-json\/wp\/v2\/media?parent=27591"}],"wp:term":[{"taxonomy":"product_brand","embeddable":true,"href":"https:\/\/pomello.ee\/fi\/wp-json\/wp\/v2\/product_brand?post=27591"},{"taxonomy":"product_cat","embeddable":true,"href":"https:\/\/pomello.ee\/fi\/wp-json\/wp\/v2\/product_cat?post=27591"},{"taxonomy":"product_tag","embeddable":true,"href":"https:\/\/pomello.ee\/fi\/wp-json\/wp\/v2\/product_tag?post=27591"}],"curies":[{"name":"wp","href":"https:\/\/api.w.org\/{rel}","templated":true}]}}