{"id":27593,"date":"2024-09-02T21:05:18","date_gmt":"2024-09-02T19:05:18","guid":{"rendered":"https:\/\/pomello.ee\/toode\/noemi-kosteuttavat-huulityynyt-20-kpl\/"},"modified":"2024-09-02T21:05:18","modified_gmt":"2024-09-02T18:05:18","slug":"noemi-kosteuttavat-huulityynyt-20-kpl","status":"publish","type":"product","link":"https:\/\/pomello.ee\/fi\/toode\/noemi-kosteuttavat-huulityynyt-20-kpl\/","title":{"rendered":"NOEMI Kosteuttavat huulityynyt 20 kpl"},"content":{"rendered":"","protected":false},"excerpt":{"rendered":"<p><strong>NOEMI Moisturizing Lip Pads<\/strong> t\u00e4ydent\u00e4v\u00e4t t\u00e4ydellisesti ripsien ja kulmakarvojen hoitopalveluita. N\u00e4m\u00e4 tyynyt tarjoavat ravitseva raikkaus huulille ja sopivat t\u00e4ydellisesti lis\u00e4\u00e4m\u00e4\u00e4n ripauksen ylellisyytt\u00e4 asiakkaidesi hoitokokemukseen.<\/p>\n<p>&nbsp;<\/p>\n<p><strong>Dreamy Lips -hydrogeelityynyjen<\/strong> rikas koostumus sis\u00e4lt\u00e4\u00e4 korkealaatuisia ravintoaineita, kuten persikkauutetta, kollageenia, E-vitamiinia, hyaluronihappoa, niasiiniamidia ja C-vitamiinia, jotka <strong>takaavat intensiivisen hoidon ja kosteutuksen.<\/strong><\/p>\n<p>&nbsp;<\/p>\n<p>Tarjoa asiakkaillesi ylellinen hoitokokemus Noemin innovatiivisilla hydrogeelityynyill\u00e4, jotka sopivat my\u00f6s ihanteellisesti j\u00e4lleenmyyntiin salongissa kotik\u00e4ytt\u00f6\u00f6n.<\/p>\n","protected":false},"featured_media":27563,"comment_status":"open","ping_status":"closed","template":"","meta":{"_monsterinsights_skip_tracking":false,"_monsterinsights_sitenote_active":false,"_monsterinsights_sitenote_note":"","_monsterinsights_sitenote_category":0},"product_brand":[],"product_cat":[976],"product_tag":[],"class_list":{"0":"post-27593","1":"product","2":"type-product","3":"status-publish","4":"has-post-thumbnail","6":"product_cat-kasvot","7":"pa_brand-noemi-fi","8":"pa_suurus-20-tk-fi","10":"first","11":"instock","12":"taxable","13":"shipping-taxable","14":"purchasable","15":"product-type-simple"},"_links":{"self":[{"href":"https:\/\/pomello.ee\/fi\/wp-json\/wp\/v2\/product\/27593","targetHints":{"allow":["GET"]}}],"collection":[{"href":"https:\/\/pomello.ee\/fi\/wp-json\/wp\/v2\/product"}],"about":[{"href":"https:\/\/pomello.ee\/fi\/wp-json\/wp\/v2\/types\/product"}],"replies":[{"embeddable":true,"href":"https:\/\/pomello.ee\/fi\/wp-json\/wp\/v2\/comments?post=27593"}],"wp:featuredmedia":[{"embeddable":true,"href":"https:\/\/pomello.ee\/fi\/wp-json\/wp\/v2\/media\/27563"}],"wp:attachment":[{"href":"https:\/\/pomello.ee\/fi\/wp-json\/wp\/v2\/media?parent=27593"}],"wp:term":[{"taxonomy":"product_brand","embeddable":true,"href":"https:\/\/pomello.ee\/fi\/wp-json\/wp\/v2\/product_brand?post=27593"},{"taxonomy":"product_cat","embeddable":true,"href":"https:\/\/pomello.ee\/fi\/wp-json\/wp\/v2\/product_cat?post=27593"},{"taxonomy":"product_tag","embeddable":true,"href":"https:\/\/pomello.ee\/fi\/wp-json\/wp\/v2\/product_tag?post=27593"}],"curies":[{"name":"wp","href":"https:\/\/api.w.org\/{rel}","templated":true}]}}