{"id":27610,"date":"2024-09-04T08:22:29","date_gmt":"2024-09-04T06:22:29","guid":{"rendered":"https:\/\/pomello.ee\/toode\/noemi-ripsien-vari-black-night\/"},"modified":"2025-08-01T21:08:53","modified_gmt":"2025-08-01T19:08:53","slug":"noemi-ripsien-vari-black-night","status":"publish","type":"product","link":"https:\/\/pomello.ee\/fi\/toode\/noemi-ripsien-vari-black-night\/","title":{"rendered":"NOEMI Ripsien v\u00e4ri \u2013 Black Night"},"content":{"rendered":"<p><strong>Kuvaus<\/strong><\/p>\n<p>pH-taso on 9-10, mik\u00e4 tarkoittaa, ett\u00e4 v\u00e4ri tunkeutuu turkkiin. V\u00e4ri kest\u00e4\u00e4 noin kahdeksan p\u00e4iv\u00e4\u00e4 iholla ja 5-6 viikkoa hiuksissa antaen intensiivisen lopputuloksen.<\/p>\n<p>&nbsp;<\/p>\n<p><strong>K\u00e4ytt\u00f6ohjeet<\/strong>:<\/p>\n<p>1. Sekoita Noemi-ripsien v\u00e4ri erityiseen Noemi-vetyyn yht\u00e4 suuressa osassa (1:1), kunnes saat kermaisen ja sile\u00e4n koostumuksen.<br \/>\n2. Levit\u00e4 saatu seos.<br \/>\n3. Anna vaikuttaa 5-10 minuuttia.<br \/>\n4. On suositeltavaa tehd\u00e4 herkkyystesti ennen k\u00e4ytt\u00f6\u00e4 (levit\u00e4 hieman v\u00e4ri\u00e4 ranteen sis\u00e4puolelle tai korvan taakse ja odota 15 minuuttia).<\/p>\n","protected":false},"excerpt":{"rendered":"<p><strong>Tutustu Noemin uuteen ripsien v\u00e4riin<\/strong> &#8211; t\u00e4ydellinen valinta sek\u00e4 itsen\u00e4iseen k\u00e4ytt\u00f6\u00f6n ett\u00e4 ripsien kohotuksen j\u00e4lkeen! lash liftin k\u00e4yt\u00f6n j\u00e4lkeen saat virheet\u00f6n lopputuloksen vain 5 minuutissa sekoittamalla suhteessa 1:1.<\/p>\n<p>&nbsp;<\/p>\n<p>15 ml<\/p>\n","protected":false},"featured_media":27604,"comment_status":"open","ping_status":"closed","template":"","meta":{"_monsterinsights_skip_tracking":false,"_monsterinsights_sitenote_active":false,"_monsterinsights_sitenote_note":"","_monsterinsights_sitenote_category":0},"product_brand":[],"product_cat":[479,909,475,478],"product_tag":[],"class_list":{"0":"post-27610","1":"product","2":"type-product","3":"status-publish","4":"has-post-thumbnail","6":"product_cat-ripsien-ja-kulmakarvojen-varit-fi","7":"product_cat-kestovari","8":"product_cat-ripset","9":"product_cat-ripsien-ja-kulmakarvojen-varit","10":"pa_brand-noemi-fi","11":"pa_suurus-15-ml-fi","13":"first","14":"instock","15":"taxable","16":"shipping-taxable","17":"purchasable","18":"product-type-simple"},"_links":{"self":[{"href":"https:\/\/pomello.ee\/fi\/wp-json\/wp\/v2\/product\/27610","targetHints":{"allow":["GET"]}}],"collection":[{"href":"https:\/\/pomello.ee\/fi\/wp-json\/wp\/v2\/product"}],"about":[{"href":"https:\/\/pomello.ee\/fi\/wp-json\/wp\/v2\/types\/product"}],"replies":[{"embeddable":true,"href":"https:\/\/pomello.ee\/fi\/wp-json\/wp\/v2\/comments?post=27610"}],"wp:featuredmedia":[{"embeddable":true,"href":"https:\/\/pomello.ee\/fi\/wp-json\/wp\/v2\/media\/27604"}],"wp:attachment":[{"href":"https:\/\/pomello.ee\/fi\/wp-json\/wp\/v2\/media?parent=27610"}],"wp:term":[{"taxonomy":"product_brand","embeddable":true,"href":"https:\/\/pomello.ee\/fi\/wp-json\/wp\/v2\/product_brand?post=27610"},{"taxonomy":"product_cat","embeddable":true,"href":"https:\/\/pomello.ee\/fi\/wp-json\/wp\/v2\/product_cat?post=27610"},{"taxonomy":"product_tag","embeddable":true,"href":"https:\/\/pomello.ee\/fi\/wp-json\/wp\/v2\/product_tag?post=27610"}],"curies":[{"name":"wp","href":"https:\/\/api.w.org\/{rel}","templated":true}]}}