{"id":27630,"date":"2024-09-02T09:09:20","date_gmt":"2024-09-02T06:09:20","guid":{"rendered":"https:\/\/pomello.ee\/toode\/oko-lashbrow-liquid-hybrid-tint-h2o\/"},"modified":"2024-09-07T04:44:03","modified_gmt":"2024-09-07T01:44:03","slug":"oko-lashbrow-liquid-hybrid-tint-h2o","status":"publish","type":"product","link":"https:\/\/pomello.ee\/fi\/toode\/oko-lashbrow-liquid-hybrid-tint-h2o\/","title":{"rendered":"OKO Lash&#038;Brow Liquid Hybrid Tint H2O"},"content":{"rendered":"<p><strong>K\u00e4ytt\u00f6ohjeet:<\/strong><\/p>\n<p>&nbsp;<\/p>\n<p><strong>VAIHE 1 \u2013 MAALAUKSEN VALMISTELU<\/strong><br \/>\nPuhdista kulmakarvojen alue OKO Lash&amp;Brow Cloudy Foam 3-in-1 -shampoolla. Poista shampooj\u00e4\u00e4m\u00e4t kostealla vanulapulla.<\/p>\n<p>&nbsp;<\/p>\n<p><strong>VAIHE 2 \u2013 MITTAUS JA MERKINT\u00c4<\/strong><br \/>\nMittaa ja merkitse kulmakarvasi k\u00e4ytt\u00e4m\u00e4ll\u00e4 OKO Eyebrow Contour Paste White Pearl -tahnaa, kyn\u00e4\u00e4 tai v\u00e4rillist\u00e4 lankaa. K\u00e4yt\u00e4 OKO Line Cleanser -puhdistusainetta juonteiden tarkentamiseen.<\/p>\n<p>&nbsp;<\/p>\n<p><strong>VAIHE 3 \u2013 KULMAKARMAN KORJAAMINEN<\/strong><br \/>\nKorjaa kulmakarvat ja poista ylim\u00e4\u00e4r\u00e4iset karvat. OKO Lash&amp;Brow pinsetit 01 ja 02 Easy Touch sopivat t\u00e4h\u00e4n ihanteellisesti. K\u00e4yt\u00e4 tarkkaa korjausta varten 03 Ultra Point -pinsettej\u00e4.<\/p>\n<p>&nbsp;<\/p>\n<p><strong>VAIHE 4 \u2013 KULMAKULMIEN V\u00c4RIMINEN<\/strong><br \/>\nSekoita muovi- tai lasiastiassa OKO Liquid Hybrid Tint H2O -hybridiv\u00e4riaine ja kermavety H2O-sarjan 3 % Cream Oxidantiin. Halutusta kyll\u00e4isyydest\u00e4 tai kirkkaudesta riippuen sekoitussuhde voi vaihdella v\u00e4lill\u00e4 1:1 \u2013 1:3.<br \/>\nLevit\u00e4 v\u00e4ri\u00e4 kulmakarvoihin valitsemallasi v\u00e4ritystekniikalla. Kerrosmaalauksessa levit\u00e4 ensimm\u00e4inen kerros mahdollisimman ohuesti ja toista maalaus 2-3 kertaa. Anna v\u00e4rin kuivua kulmakarvoille ja huuhtele sitten. V\u00e4rin kesto kulmakarvoissa on 6-15 minuuttia.<br \/>\nHuuhtele maali pois kostealla vanulapulla.<\/p>\n<p>&nbsp;<\/p>\n<p><strong>VAIHE 5 \u2013 IDEALINEN TULOS<\/strong><br \/>\nT\u00e4yt\u00e4 alue tarvittaessa OKO Color Remover -aineella. Viimeistele kulmakarvasi OKO Brow Fix -mallinnusgeelill\u00e4.<\/p>\n","protected":false},"excerpt":{"rendered":"<p><strong>L\u00f6yd\u00e4 uusi aika kulmakarvojen v\u00e4rj\u00e4yksess\u00e4 &#8211; OKO Lash&amp;Brow Liquid Hybrid Tint H2O hybridiv\u00e4ri.<\/strong><\/p>\n<p>T\u00e4ss\u00e4 v\u00e4riss\u00e4 yhdistyv\u00e4t uusin teknologinen kehitys, korkealaatuisimmat ainesosat ja korkein k\u00e4sittelyaste. H2O-hybridiv\u00e4rin ainutlaatuinen nestem\u00e4inen rakenne<strong> sopii k\u00e4ytett\u00e4v\u00e4ksi kaikille ihotyypeille tarjoten erinomaisen peitt\u00e4vyyden ja pitk\u00e4kestoisia tuloksia.<\/strong><\/p>\n<p>&nbsp;<\/p>\n<p>Huolellisesti valmistettu v\u00e4ripaletti sis\u00e4lt\u00e4\u00e4 erilaisia \u200b\u200bmuunnelmia, jotka tarttuvat sek\u00e4 turkkiin ett\u00e4 ihoon. Kulmakarvojen v\u00e4rj\u00e4yksess\u00e4 v\u00e4ri varmistaa tasaisen s\u00e4vyn ilman ei-toivottuja s\u00e4vyj\u00e4 antaen pitk\u00e4kestoisen tuloksen nostaen kulmakarvojen hoidon aivan uudelle tasolle!<\/p>\n<p>&nbsp;<\/p>\n<p><strong>H2O nestem\u00e4inen hybridikulmakarvojen v\u00e4ri sopii kaikkiin v\u00e4rj\u00e4ystekniikoihin<\/strong>, t\u00e4ytt\u00e4\u00e4 helposti ihon ep\u00e4tasaisuudet ja varmistaa tasaisen, intensiivisen ja pitk\u00e4kestoisen lopputuloksen. V\u00e4ripaletti sis\u00e4lt\u00e4\u00e4 kaikki s\u00e4vyt, joita tarvitset mink\u00e4 tahansa v\u00e4rihaasteen ratkaisemiseen. Lis\u00e4ksi n\u00e4m\u00e4 v\u00e4rit sopivat t\u00e4ydellisesti sek\u00e4 yksitt\u00e4iseen kulmakarvojen hoitoon ett\u00e4 k\u00e4ytett\u00e4v\u00e4ksi kulmakarvojen laminoinnin j\u00e4lkeen varmistaen pitk\u00e4kestoisen ja intensiivisen lopputuloksen.<\/p>\n<p>&nbsp;<\/p>\n<p>Viisi ihanteellista s\u00e4vy\u00e4, jotka ratkaisevat kaikki v\u00e4ritekniset teht\u00e4v\u00e4t<br \/>\nNestem\u00e4inen koostumus t\u00e4ytt\u00e4\u00e4 tasaisesti ihon ep\u00e4tasaisuudet varmistaen tasaisen ja tihe\u00e4n peiton<br \/>\nKest\u00e4vin v\u00e4ri, joka s\u00e4ilytt\u00e4\u00e4 v\u00e4rin voimakkuuden<\/p>\n<p>Valmistettu Intiassa<\/p>\n<p>S\u00e4ilyvyys avaamisen j\u00e4lkeen: 12 kuukautta<\/p>\n<p>&nbsp;<\/p>\n<p>Valitse OKO Lash&amp;Brow H2O hybridikulmav\u00e4ri tarjotaksesi asiakkaillesi parasta mahdollista kulmakarvojen hoitoa!<\/p>\n","protected":false},"featured_media":27531,"comment_status":"open","ping_status":"closed","template":"","meta":{"_monsterinsights_skip_tracking":false,"_monsterinsights_sitenote_active":false,"_monsterinsights_sitenote_note":"","_monsterinsights_sitenote_category":0},"product_brand":[],"product_cat":[475,909,476,478,479],"product_tag":[],"class_list":{"0":"post-27630","1":"product","2":"type-product","3":"status-publish","4":"has-post-thumbnail","6":"product_cat-ripset","7":"product_cat-kestovari","8":"product_cat-kulmakarvat","9":"product_cat-ripsien-ja-kulmakarvojen-varit","10":"product_cat-ripsien-ja-kulmakarvojen-varit-fi","11":"pa_brand-oko-fi","12":"pa_suurus-15-ml-fi","13":"pa_varv-black-fi","14":"pa_varv-brown-fi","15":"pa_varv-dark-brown-fi","16":"pa_varv-light-brown-fi","17":"pa_varv-punainen","19":"first","20":"instock","21":"taxable","22":"shipping-taxable","23":"purchasable","24":"product-type-variable"},"_links":{"self":[{"href":"https:\/\/pomello.ee\/fi\/wp-json\/wp\/v2\/product\/27630","targetHints":{"allow":["GET"]}}],"collection":[{"href":"https:\/\/pomello.ee\/fi\/wp-json\/wp\/v2\/product"}],"about":[{"href":"https:\/\/pomello.ee\/fi\/wp-json\/wp\/v2\/types\/product"}],"replies":[{"embeddable":true,"href":"https:\/\/pomello.ee\/fi\/wp-json\/wp\/v2\/comments?post=27630"}],"wp:featuredmedia":[{"embeddable":true,"href":"https:\/\/pomello.ee\/fi\/wp-json\/wp\/v2\/media\/27531"}],"wp:attachment":[{"href":"https:\/\/pomello.ee\/fi\/wp-json\/wp\/v2\/media?parent=27630"}],"wp:term":[{"taxonomy":"product_brand","embeddable":true,"href":"https:\/\/pomello.ee\/fi\/wp-json\/wp\/v2\/product_brand?post=27630"},{"taxonomy":"product_cat","embeddable":true,"href":"https:\/\/pomello.ee\/fi\/wp-json\/wp\/v2\/product_cat?post=27630"},{"taxonomy":"product_tag","embeddable":true,"href":"https:\/\/pomello.ee\/fi\/wp-json\/wp\/v2\/product_tag?post=27630"}],"curies":[{"name":"wp","href":"https:\/\/api.w.org\/{rel}","templated":true}]}}