{"id":27637,"date":"2024-09-02T08:15:01","date_gmt":"2024-09-02T06:15:01","guid":{"rendered":"https:\/\/pomello.ee\/toode\/oko-cream-oxidant-3\/"},"modified":"2024-09-07T04:44:02","modified_gmt":"2024-09-07T01:44:02","slug":"oko-cream-oxidant-3","status":"publish","type":"product","link":"https:\/\/pomello.ee\/fi\/toode\/oko-cream-oxidant-3\/","title":{"rendered":"OKO Cream oxidant 3%"},"content":{"rendered":"<p><strong>K\u00e4ytt\u00f6:<\/strong><\/p>\n<p>Ravista pulloa hyvin ennen k\u00e4ytt\u00f6\u00e4!<\/p>\n<p>&nbsp;<\/p>\n<p>1. Sekoita muovi- tai lasiastiassa OKO Liquid Hybrid Tint H2O -hybridimaali OKO Cream Oxidant H2O -sarjan kermavedyll\u00e4 3 %.<br \/>\n&#8211; Sekoitussuhteet voivat vaihdella v\u00e4lill\u00e4 1:1 &#8211; 1:3 riippuen halutusta intensiteetist\u00e4.<\/p>\n<p>&nbsp;<\/p>\n<p>2. Levit\u00e4 v\u00e4ri\u00e4 kulmakarvoihin k\u00e4ytt\u00e4m\u00e4ll\u00e4 haluamaasi v\u00e4ritystekniikkaa.<br \/>\n&#8211; Kerrosmaalauksessa levit\u00e4 ensimm\u00e4inen kerros ohuesti ja toista maalaus 2-3 kertaa.<\/p>\n<p>&nbsp;<\/p>\n<p>3. Anna v\u00e4rin kuivua kulmakarvoille. V\u00e4riaineen kosketusaika on 6-15 minuuttia.<\/p>\n<p>&nbsp;<\/p>\n<p>4. Huuhtele v\u00e4riaine pois kostealla vanulapulla.<\/p>\n","protected":false},"excerpt":{"rendered":"<p>OKO Cream oxidant 3% on erityisesti kehitetty k\u00e4ytett\u00e4v\u00e4ksi OKO Lash&amp;Brow Liquid Hybrid Tint H2O -hybridiv\u00e4rien kanssa.<\/p>\n<p>&nbsp;<\/p>\n<p>H2O-sarjan nestem\u00e4isen hybridimaalin ja Cream oxidant ainutlaatuinen koostumus mahdollistaa v\u00e4rj\u00e4ystuloksen voimakkuuden s\u00e4\u00e4t\u00e4misen sekoitussuhteen mukaan. Vedyn suhde hybridiv\u00e4riin voi vaihdella v\u00e4lill\u00e4 1:1 &#8211; 1:3.<\/p>\n<p>&nbsp;<\/p>\n<p>Esimerkkej\u00e4 hybridiv\u00e4rin ja cream oxidant sekoitussuhteista:<\/p>\n<p>1:1 &#8211; saavutat voimakkaimman tuloksen;<\/p>\n<p>1:2 antaa pehme\u00e4mm\u00e4n tuloksen<\/p>\n<p>1:3 antaa hell\u00e4varaisimman tuloksen.<\/p>\n","protected":false},"featured_media":27505,"comment_status":"open","ping_status":"closed","template":"","meta":{"_monsterinsights_skip_tracking":false,"_monsterinsights_sitenote_active":false,"_monsterinsights_sitenote_note":"","_monsterinsights_sitenote_category":0},"product_brand":[],"product_cat":[479,901,478],"product_tag":[],"class_list":{"0":"post-27637","1":"product","2":"type-product","3":"status-publish","4":"has-post-thumbnail","6":"product_cat-ripsien-ja-kulmakarvojen-varit-fi","7":"product_cat-developers","8":"product_cat-ripsien-ja-kulmakarvojen-varit","9":"pa_brand-oko-fi","10":"pa_suurus-30-ml-fi","12":"first","13":"outofstock","14":"taxable","15":"shipping-taxable","16":"purchasable","17":"product-type-simple"},"_links":{"self":[{"href":"https:\/\/pomello.ee\/fi\/wp-json\/wp\/v2\/product\/27637","targetHints":{"allow":["GET"]}}],"collection":[{"href":"https:\/\/pomello.ee\/fi\/wp-json\/wp\/v2\/product"}],"about":[{"href":"https:\/\/pomello.ee\/fi\/wp-json\/wp\/v2\/types\/product"}],"replies":[{"embeddable":true,"href":"https:\/\/pomello.ee\/fi\/wp-json\/wp\/v2\/comments?post=27637"}],"wp:featuredmedia":[{"embeddable":true,"href":"https:\/\/pomello.ee\/fi\/wp-json\/wp\/v2\/media\/27505"}],"wp:attachment":[{"href":"https:\/\/pomello.ee\/fi\/wp-json\/wp\/v2\/media?parent=27637"}],"wp:term":[{"taxonomy":"product_brand","embeddable":true,"href":"https:\/\/pomello.ee\/fi\/wp-json\/wp\/v2\/product_brand?post=27637"},{"taxonomy":"product_cat","embeddable":true,"href":"https:\/\/pomello.ee\/fi\/wp-json\/wp\/v2\/product_cat?post=27637"},{"taxonomy":"product_tag","embeddable":true,"href":"https:\/\/pomello.ee\/fi\/wp-json\/wp\/v2\/product_tag?post=27637"}],"curies":[{"name":"wp","href":"https:\/\/api.w.org\/{rel}","templated":true}]}}