{"id":27775,"date":"2024-09-11T10:54:49","date_gmt":"2024-09-11T08:54:49","guid":{"rendered":"https:\/\/pomello.ee\/toode\/elan-oxidizing-emulsion-2-30ml\/"},"modified":"2025-04-22T16:49:50","modified_gmt":"2025-04-22T14:49:50","slug":"elan-oxidizing-emulsion-2-30ml","status":"publish","type":"product","link":"https:\/\/pomello.ee\/fi\/toode\/elan-oxidizing-emulsion-2-30ml\/","title":{"rendered":"\u00c9LAN Oxidizing Emulsion 2% 30ml"},"content":{"rendered":"<p><strong>KULMAKULMIEN V\u00c4RITYSVAIHEET<\/strong><\/p>\n<p>Valmistelu v\u00e4rj\u00e4ystoimenpiteeseen<br \/>\nK\u00e4yt\u00e4 ELAN DETOX-MOUSSEa talin poistamiseen kulmakarvojen ja ihon karvoista ennen v\u00e4rj\u00e4yst\u00e4 tai muotoilua. Poista vaahto vedell\u00e4 kostutetulla vanulapulla.<\/p>\n<p>Kulmien muotoilu<br \/>\nMuotoile kulmakarvat sopivalla tuotteella.<\/p>\n<p>V\u00e4riaineseoksen valmistus<br \/>\nSekoita \u00abDeep Brow Tint 2.0\u00bb kulmakarvojen v\u00e4riaine 2 % hapettavaan emulsioon suhteessa 1:1 ei-metallisessa astiassa.<\/p>\n<p>&nbsp;<\/p>\n<p><strong>HUOM!<\/strong> Pullon v\u00e4ris\u00e4vy voi vaihdella vaaleanruskeasta mustaan, koska tuote altistuu ilmalle avaamisen j\u00e4lkeen. T\u00e4m\u00e4 on normaalia v\u00e4reill\u00e4 eik\u00e4 vaikuta kulmakarvojen v\u00e4rj\u00e4yksen tai my\u00f6hempien levitysten tuloksiin.<\/p>\n<p>Kulmien v\u00e4rj\u00e4ys<br \/>\nLevit\u00e4 v\u00e4riseos kulmakarvoihin halutun muodon mukaan. Halutusta tuloksesta riippuen, anna v\u00e4rin vaikuttaa kulmakarvoihin 5-10 minuuttia. M\u00e4\u00e4ritetyn ajan kuluttua poista ylim\u00e4\u00e4r\u00e4inen maali kostealla vanulapulla. Jos v\u00e4ri menett\u00e4\u00e4 muotonsa, poista ylim\u00e4\u00e4r\u00e4inen vanulappu, joka on kostutettu ELAN SKIN COLOR REMOVER -aineella.<\/p>\n<p>Kulmakarvojen v\u00e4rj\u00e4ystoimenpiteen loppuun saattaminen<br \/>\nVahvista tulos levitt\u00e4m\u00e4ll\u00e4 ELAN COLOR FIX kulmakarvoihin.<\/p>\n<p>&nbsp;<\/p>\n<p><strong>VAROTOIMENPITEET<\/strong><\/p>\n<p>Hapettava emulsio sis\u00e4lt\u00e4\u00e4 vetyperoksidia. Kulmakarvojen v\u00e4riaine ja tehostetiiviste sis\u00e4lt\u00e4v\u00e4t parafenyleenidiamiinia, parafenyleenidiamiineja (tolueenidiamiineja) ja resosinolia.<\/p>\n<p>&nbsp;<\/p>\n<p>Tee allergiatesti 48 tuntia ennen k\u00e4ytt\u00f6\u00e4 ennen k\u00e4ytt\u00f6\u00e4: sekoita 2 tippaa v\u00e4ri\u00e4 ja hapettavaa emulsiota ja levit\u00e4 seosta pieni m\u00e4\u00e4r\u00e4 kyyn\u00e4rvarren mutkalle. Jos iholla ei ole punoitusta, turvotusta tai \u00e4rsytyst\u00e4, voit jatkaa maalausta.<\/p>\n<p>&nbsp;<\/p>\n<p>Vain ammattik\u00e4ytt\u00f6\u00f6n. Kulmakarvojen v\u00e4riaineet voivat aiheuttaa vakavia allergisia reaktioita. Lue ohjeet huolellisesti ja noudata niit\u00e4. T\u00e4t\u00e4 tuotetta ei ole tarkoitettu alle 16-vuotiaille k\u00e4ytt\u00e4jille. V\u00e4liaikaiset tatuoinnit mustalla hennalla voivat lis\u00e4t\u00e4 allergioiden riski\u00e4.<\/p>\n<p>&nbsp;<\/p>\n<p><strong>\u00c4l\u00e4 k\u00e4yt\u00e4 maalia, jos:<\/strong><\/p>\n<p>&#8211; sinulla on ihottumaa kasvoissasi tai p\u00e4\u00e4nahka on herkk\u00e4, \u00e4rtynyt tai vaurioitunut; &#8211; olet aiemmin kokenut reaktion kulmakarvojen v\u00e4rj\u00e4ykseen; &#8211; olet reagoinut v\u00e4liaikaisiin tatuointeihin mustalla hennalla.<\/p>\n<p>&nbsp;<\/p>\n<p>HUOM! K\u00e4yt\u00e4 suojak\u00e4sineit\u00e4. V\u00e4lt\u00e4 metalliesineiden k\u00e4ytt\u00f6\u00e4 tuotetta k\u00e4sitelless\u00e4si. \u00c4l\u00e4 levit\u00e4 ripsiin. Vain ulkoiseen k\u00e4ytt\u00f6\u00f6n. V\u00e4lt\u00e4 kosketusta silmiin. Jos tuotetta joutuu silmiin, huuhtele v\u00e4litt\u00f6m\u00e4sti vedell\u00e4. Huuhtele huolellisesti k\u00e4yt\u00f6n j\u00e4lkeen. Jos sinulla on allerginen reaktio, ota yhteys ihotautil\u00e4\u00e4k\u00e4riin.<\/p>\n","protected":false},"excerpt":{"rendered":"<p><strong>\u00c9LAN Oxidizing Emulsion 2%<\/strong> on osa tunnustuotetta <strong>SMART BROW TINTING SYSTEM.<\/strong><\/p>\n<p>Se on suunniteltu k\u00e4ytett\u00e4v\u00e4ksi <a href=\"https:\/\/pomello.ee\/fi\/toode\/elan-deep-brow-tint-2-0\/\"><strong>Deep Brow Tint 2.0<\/strong><\/a> -tuotteiden kanssa<\/p>\n<p>T\u00e4ysin tasapainoisen koostumuksensa ja herk\u00e4n kermaisen koostumuksensa ansiosta se takaa virheett\u00f6m\u00e4n v\u00e4ritystuloksen.<\/p>\n<p>&nbsp;<\/p>\n<p><strong>Valmistettu Turkissa<\/strong><br \/>\nTilavuus: 30 ml<\/p>\n<p>&nbsp;<\/p>\n<p>Valmiin v\u00e4riseoksen vetyindeksi (pH) on neutraali, joten v\u00e4rj\u00e4ys ei vahingoita hiuksia tai kuivata ihoa liikaa.<\/p>\n<p>&nbsp;<\/p>\n<p><strong>S\u00e4ilyvyys<\/strong>: 24 kuukautta<br \/>\n<strong>Avaamisen j\u00e4lkeinen aika (PAO):<\/strong> 3 kuukautta<\/p>\n","protected":false},"featured_media":27763,"comment_status":"open","ping_status":"closed","template":"","meta":{"_monsterinsights_skip_tracking":false,"_monsterinsights_sitenote_active":false,"_monsterinsights_sitenote_note":"","_monsterinsights_sitenote_category":0},"product_brand":[],"product_cat":[476,901,478,479],"product_tag":[],"class_list":{"0":"post-27775","1":"product","2":"type-product","3":"status-publish","4":"has-post-thumbnail","6":"product_cat-kulmakarvat","7":"product_cat-developers","8":"product_cat-ripsien-ja-kulmakarvojen-varit","9":"product_cat-ripsien-ja-kulmakarvojen-varit-fi","10":"pa_brand-elan-fi","11":"pa_suurus-30-ml-fi","13":"first","14":"outofstock","15":"taxable","16":"shipping-taxable","17":"purchasable","18":"product-type-simple"},"_links":{"self":[{"href":"https:\/\/pomello.ee\/fi\/wp-json\/wp\/v2\/product\/27775","targetHints":{"allow":["GET"]}}],"collection":[{"href":"https:\/\/pomello.ee\/fi\/wp-json\/wp\/v2\/product"}],"about":[{"href":"https:\/\/pomello.ee\/fi\/wp-json\/wp\/v2\/types\/product"}],"replies":[{"embeddable":true,"href":"https:\/\/pomello.ee\/fi\/wp-json\/wp\/v2\/comments?post=27775"}],"wp:featuredmedia":[{"embeddable":true,"href":"https:\/\/pomello.ee\/fi\/wp-json\/wp\/v2\/media\/27763"}],"wp:attachment":[{"href":"https:\/\/pomello.ee\/fi\/wp-json\/wp\/v2\/media?parent=27775"}],"wp:term":[{"taxonomy":"product_brand","embeddable":true,"href":"https:\/\/pomello.ee\/fi\/wp-json\/wp\/v2\/product_brand?post=27775"},{"taxonomy":"product_cat","embeddable":true,"href":"https:\/\/pomello.ee\/fi\/wp-json\/wp\/v2\/product_cat?post=27775"},{"taxonomy":"product_tag","embeddable":true,"href":"https:\/\/pomello.ee\/fi\/wp-json\/wp\/v2\/product_tag?post=27775"}],"curies":[{"name":"wp","href":"https:\/\/api.w.org\/{rel}","templated":true}]}}