{"id":27786,"date":"2024-09-10T19:38:57","date_gmt":"2024-09-10T17:38:57","guid":{"rendered":"https:\/\/pomello.ee\/toode\/inlei-lash-molecular-4-1-2ml\/"},"modified":"2024-09-10T19:38:57","modified_gmt":"2024-09-10T16:38:57","slug":"inlei-lash-molecular-4-1-2ml","status":"publish","type":"product","link":"https:\/\/pomello.ee\/fi\/toode\/inlei-lash-molecular-4-1-2ml\/","title":{"rendered":"INLEI\u00ae Lash Molecular 4 1.2ml"},"content":{"rendered":"<p>HAKEMUKSEN AIKANA<br \/>\nMolekyylirekonstruktiota k\u00e4ytet\u00e4\u00e4n viimeisen\u00e4 vaiheena InLei\u00ae Lash Filler -toimenpiteess\u00e4 tai InLei\u00ae Brow Bomber kulmakarvojen laminoinnissa. Purista pieni m\u00e4\u00e4r\u00e4 InLei\u00ae LASH MOLECULAR 4:\u00e4\u00e4 ja levit\u00e4 tuotetta mikroharjalla aiemmin levitetyist\u00e4 kosmeettisista j\u00e4\u00e4mist\u00e4 puhdistetuille ripsille\/kulmakarvoille, jonka j\u00e4lkeen kampaa hyvin sile\u00e4ksi.<\/p>\n<p>&nbsp;<\/p>\n<p>K\u00c4YTT\u00d6\u00c4 KOSKEVAT VAROTOIMET<br \/>\nVain ammattik\u00e4ytt\u00f6\u00f6n. V\u00e4lt\u00e4 kosketusta silmiin. Jos ainetta joutuu silmiin, huuhtele v\u00e4litt\u00f6m\u00e4sti.<\/p>\n","protected":false},"excerpt":{"rendered":"<p><strong>InLei\u00ae LASH MOLECULAR 4<\/strong> \u2013 koostumus, joka perustuu t\u00e4ydellisesti tasapainotettuihin kasviproteiineihin, jotka palauttavat karvatuppien rakennetta ja parantavat niit\u00e4 kaikin tavoin: <strong>kiiltoa, rakennetta, v\u00e4rin s\u00e4ilymist\u00e4, joustavuutta ja joustavuutta.<\/strong> Se sis\u00e4lt\u00e4\u00e4 innovatiivista hyaluronihappoa, joka ominaisuuksiensa ansiosta tunkeutuu vakaasti hiusrakenteeseen ja varmistaa erinomaisen kosteutuksen antaen ripsille\/kulmakarvoille pehme\u00e4n ja silkkisen tunteen.<\/p>\n<p>&nbsp;<\/p>\n<p>*Noudattamalla virallista InLei\u00ae Lash Filler -laminointiprotokollaa, taataan 25 %:n paksuneminen ja 9 %:n piteneminen karvatupissa. Tulokset todistetaan tehokkuustesteill\u00e4.<\/p>\n","protected":false},"featured_media":27730,"comment_status":"open","ping_status":"closed","template":"","meta":{"_monsterinsights_skip_tracking":false,"_monsterinsights_sitenote_active":false,"_monsterinsights_sitenote_note":"","_monsterinsights_sitenote_category":0},"product_brand":[],"product_cat":[476,899,517,477,516,475],"product_tag":[],"class_list":{"0":"post-27786","1":"product","2":"type-product","3":"status-publish","4":"has-post-thumbnail","6":"product_cat-kulmakarvat","7":"product_cat-emulsiot-fi","8":"product_cat-emulsiot","9":"product_cat-kulmien-laminointi","10":"product_cat-lash-lift-fi","11":"product_cat-ripset","12":"pa_brand-inlei-fi","14":"first","15":"instock","16":"taxable","17":"shipping-taxable","18":"purchasable","19":"product-type-simple"},"_links":{"self":[{"href":"https:\/\/pomello.ee\/fi\/wp-json\/wp\/v2\/product\/27786","targetHints":{"allow":["GET"]}}],"collection":[{"href":"https:\/\/pomello.ee\/fi\/wp-json\/wp\/v2\/product"}],"about":[{"href":"https:\/\/pomello.ee\/fi\/wp-json\/wp\/v2\/types\/product"}],"replies":[{"embeddable":true,"href":"https:\/\/pomello.ee\/fi\/wp-json\/wp\/v2\/comments?post=27786"}],"wp:featuredmedia":[{"embeddable":true,"href":"https:\/\/pomello.ee\/fi\/wp-json\/wp\/v2\/media\/27730"}],"wp:attachment":[{"href":"https:\/\/pomello.ee\/fi\/wp-json\/wp\/v2\/media?parent=27786"}],"wp:term":[{"taxonomy":"product_brand","embeddable":true,"href":"https:\/\/pomello.ee\/fi\/wp-json\/wp\/v2\/product_brand?post=27786"},{"taxonomy":"product_cat","embeddable":true,"href":"https:\/\/pomello.ee\/fi\/wp-json\/wp\/v2\/product_cat?post=27786"},{"taxonomy":"product_tag","embeddable":true,"href":"https:\/\/pomello.ee\/fi\/wp-json\/wp\/v2\/product_tag?post=27786"}],"curies":[{"name":"wp","href":"https:\/\/api.w.org\/{rel}","templated":true}]}}