{"id":27929,"date":"2024-09-18T19:27:41","date_gmt":"2024-09-18T17:27:41","guid":{"rendered":"https:\/\/pomello.ee\/toode\/nikk-mole-keratiinihoito-ripsille-ja-kulmille\/"},"modified":"2025-10-22T13:55:33","modified_gmt":"2025-10-22T11:55:33","slug":"nikk-mole-keratiinihoito-ripsille-ja-kulmille","status":"publish","type":"product","link":"https:\/\/pomello.ee\/fi\/toode\/nikk-mole-keratiinihoito-ripsille-ja-kulmille\/","title":{"rendered":"NIKK MOLE keratiinihoito ripsille ja kulmille"},"content":{"rendered":"<p><strong>K\u00e4ytt\u00f6tapa<\/strong>:<\/p>\n<ul>\n<li>Levit\u00e4 pieni m\u00e4\u00e4r\u00e4 tuotetta iholle ja kulmakarvojen tai ripsien iholle ja levit\u00e4 tasaisesti.<\/li>\n<li>K\u00e4yt\u00e4 heti laminoinnin j\u00e4lkeen viimeistelyyn tai p\u00e4ivitt\u00e4iseen huoltoon.<\/li>\n<\/ul>\n<p><strong>Varotoimenpiteet<\/strong>:<\/p>\n<ul>\n<li>Noudata k\u00e4ytt\u00f6ohjetta.<\/li>\n<li>V\u00e4lt\u00e4 kosketusta silmiin! Jos ainetta joutuu silmiin, huuhtele runsaalla vedell\u00e4 ja hakeudu l\u00e4\u00e4k\u00e4riin.<\/li>\n<li>\u00c4l\u00e4 k\u00e4yt\u00e4 ihotulehdusten tai allergioiden yhteydess\u00e4. Jos sinulla on allerginen reaktio, ota yhteys l\u00e4\u00e4k\u00e4riin.<\/li>\n<\/ul>\n<p><strong>Vain ammattik\u00e4ytt\u00f6\u00f6n!<\/strong><\/p>\n","protected":false},"excerpt":{"rendered":"<p><strong>Nikk Mole &#8221;Perfect Lamination&#8221; &#8211; STEP \u21163 keratiinihoito ripsille ja kulmakarvoille<\/strong><\/p>\n<p>Ammattimainen hoitotuote, joka on tarkoitettu k\u00e4ytett\u00e4v\u00e4ksi v\u00e4litt\u00f6m\u00e4sti kulmakarvojen ja ripsien laminoinnin j\u00e4lkeen. Se sis\u00e4lt\u00e4\u00e4 pantenolia, hydrolysoitua keratiinia ja hoitavia komponentteja, jotka auttavat palauttamaan hiusten rakenteen, pehmeyden ja joustavuuden. Tuotteen pH on 4,5-5,5, mik\u00e4 takaa tasapainoisen hoidon.<\/p>\n<p>&nbsp;<\/p>\n<p>Seerumi sopii sek\u00e4 ammatti- ett\u00e4 kotik\u00e4ytt\u00f6\u00f6n ja tarjoaa t\u00e4ydellisen hoidon kulmakarvojen ja ripsien laminoinnin j\u00e4lkeen.<\/p>\n","protected":false},"featured_media":27913,"comment_status":"open","ping_status":"closed","template":"","meta":{"_monsterinsights_skip_tracking":false,"_monsterinsights_sitenote_active":false,"_monsterinsights_sitenote_note":"","_monsterinsights_sitenote_category":0},"product_brand":[],"product_cat":[476,518,915,917,923,477,516,475,514],"product_tag":[],"class_list":{"0":"post-27929","1":"product","2":"type-product","3":"status-publish","4":"has-post-thumbnail","6":"product_cat-kulmakarvat","7":"product_cat-jalkihoito","8":"product_cat-esi-ja-jalkihoito","9":"product_cat-jalkihoito-fi","10":"product_cat-jalkihoito-ja-kosteuttaminen","11":"product_cat-kulmien-laminointi","12":"product_cat-lash-lift-fi","13":"product_cat-ripset","14":"product_cat-ripsi-ja-kulmakarvojen-seerumit","15":"pa_brand-nikk-mole-fi","17":"first","18":"outofstock","19":"taxable","20":"shipping-taxable","21":"purchasable","22":"product-type-simple"},"_links":{"self":[{"href":"https:\/\/pomello.ee\/fi\/wp-json\/wp\/v2\/product\/27929","targetHints":{"allow":["GET"]}}],"collection":[{"href":"https:\/\/pomello.ee\/fi\/wp-json\/wp\/v2\/product"}],"about":[{"href":"https:\/\/pomello.ee\/fi\/wp-json\/wp\/v2\/types\/product"}],"replies":[{"embeddable":true,"href":"https:\/\/pomello.ee\/fi\/wp-json\/wp\/v2\/comments?post=27929"}],"wp:featuredmedia":[{"embeddable":true,"href":"https:\/\/pomello.ee\/fi\/wp-json\/wp\/v2\/media\/27913"}],"wp:attachment":[{"href":"https:\/\/pomello.ee\/fi\/wp-json\/wp\/v2\/media?parent=27929"}],"wp:term":[{"taxonomy":"product_brand","embeddable":true,"href":"https:\/\/pomello.ee\/fi\/wp-json\/wp\/v2\/product_brand?post=27929"},{"taxonomy":"product_cat","embeddable":true,"href":"https:\/\/pomello.ee\/fi\/wp-json\/wp\/v2\/product_cat?post=27929"},{"taxonomy":"product_tag","embeddable":true,"href":"https:\/\/pomello.ee\/fi\/wp-json\/wp\/v2\/product_tag?post=27929"}],"curies":[{"name":"wp","href":"https:\/\/api.w.org\/{rel}","templated":true}]}}