{"id":27931,"date":"2024-09-18T19:17:01","date_gmt":"2024-09-18T17:17:01","guid":{"rendered":"https:\/\/pomello.ee\/toode\/nikk-mole-perfect-lamination-mini-set\/"},"modified":"2024-11-03T11:00:48","modified_gmt":"2024-11-03T08:00:48","slug":"nikk-mole-perfect-lamination-mini-set","status":"publish","type":"product","link":"https:\/\/pomello.ee\/fi\/toode\/nikk-mole-perfect-lamination-mini-set\/","title":{"rendered":"NIKK MOLE Perfect Lamination Kit MINI"},"content":{"rendered":"<p><strong>NIKK MOLE Perfect Lamination Kit MINI<\/strong><\/p>\n<p>&nbsp;<\/p>\n<p>T\u00e4m\u00e4 kolmivaiheinen laminointisarja on suunniteltu kulmakarvojen ja ripsien kohotukseen, kiinnitt\u00e4miseen ja keratiinihoitoon. Ihanteellinen tulos saavutetaan k\u00e4ytt\u00e4m\u00e4ll\u00e4 kaikkia kolmea vaihetta:<\/p>\n<p>Vaihe \u21161 \u2013 ripsien ja kulmakarvojen kohotus,<br \/>\nVaihe \u21162 \u2013 muodon kiinnitt\u00e4minen,<br \/>\nVaihe 3 \u2013 keratiinin hoito ja ravinto.<\/p>\n<p><strong>K\u00e4ytt\u00f6tapa<\/strong>:<\/p>\n<ol>\n<li>Vaihe 1: Levit\u00e4 emulsio puhdistettuihin kulmakarvojen tai ripsien karvojen p\u00e4\u00e4lle mikrosiveltimell\u00e4. Anna vaikuttaa 5-12 minuuttia hiusten kunnosta ja tyypist\u00e4 riippuen. Poista j\u00e4\u00e4m\u00e4t varovasti vedell\u00e4 kostutetulla vanulappulla.<\/li>\n<li>Vaihe 2: Ensimm\u00e4isen vaiheen p\u00e4\u00e4tytty\u00e4 levit\u00e4 emulsio 2 ja anna sen vaikuttaa 5-12 minuuttia. Poista tuotteen j\u00e4\u00e4m\u00e4t samalla menetelm\u00e4ll\u00e4.<\/li>\n<li>Vaihe 3: Levit\u00e4 pieni m\u00e4\u00e4r\u00e4 seerumia nro 3 hiuksiin ja ihoon ja levit\u00e4 tasaisesti. K\u00e4yt\u00e4 heti laminoinnin j\u00e4lkeen tai p\u00e4ivitt\u00e4iseen kotihoitoon.<\/li>\n<\/ol>\n<p>T\u00e4ydellinen ratkaisu kulmakarvojen ja ripsien laminointiin, joka antaa niille terveen kiillon ja pitk\u00e4kestoisen muodon.<\/p>\n","protected":false},"excerpt":{"rendered":"<p><strong>NIKK MOLE Perfect Lamination Kit MINI <\/strong>&#8211; ihanteellinen kulmakarvojen ja ripsien laminointiin. Sarja sis\u00e4lt\u00e4\u00e4 kolme tuotetta:<\/p>\n<p>&nbsp;<\/p>\n<p>N1 (3 ml) &#8211; karvojen nostamiseen ja avaamiseen,<\/p>\n<p>N2 (3 ml) \u2013 muodon kiinnitt\u00e4miseen,<\/p>\n<p>N3 (2,5 ml) \u2013 ruokkimiseen ja kosteutukseen.<\/p>\n","protected":false},"featured_media":27908,"comment_status":"open","ping_status":"closed","template":"","meta":{"_monsterinsights_skip_tracking":false,"_monsterinsights_sitenote_active":false,"_monsterinsights_sitenote_note":"","_monsterinsights_sitenote_category":0},"product_brand":[],"product_cat":[476,517,899,477,516,1206,475],"product_tag":[],"class_list":{"0":"post-27931","1":"product","2":"type-product","3":"status-publish","4":"has-post-thumbnail","6":"product_cat-kulmakarvat","7":"product_cat-emulsiot","8":"product_cat-emulsiot-fi","9":"product_cat-kulmien-laminointi","10":"product_cat-lash-lift-fi","11":"product_cat-lash-lift-laminointisetit","12":"product_cat-ripset","13":"pa_brand-nikk-mole-fi","15":"first","16":"outofstock","17":"taxable","18":"shipping-taxable","19":"purchasable","20":"product-type-simple"},"_links":{"self":[{"href":"https:\/\/pomello.ee\/fi\/wp-json\/wp\/v2\/product\/27931","targetHints":{"allow":["GET"]}}],"collection":[{"href":"https:\/\/pomello.ee\/fi\/wp-json\/wp\/v2\/product"}],"about":[{"href":"https:\/\/pomello.ee\/fi\/wp-json\/wp\/v2\/types\/product"}],"replies":[{"embeddable":true,"href":"https:\/\/pomello.ee\/fi\/wp-json\/wp\/v2\/comments?post=27931"}],"wp:featuredmedia":[{"embeddable":true,"href":"https:\/\/pomello.ee\/fi\/wp-json\/wp\/v2\/media\/27908"}],"wp:attachment":[{"href":"https:\/\/pomello.ee\/fi\/wp-json\/wp\/v2\/media?parent=27931"}],"wp:term":[{"taxonomy":"product_brand","embeddable":true,"href":"https:\/\/pomello.ee\/fi\/wp-json\/wp\/v2\/product_brand?post=27931"},{"taxonomy":"product_cat","embeddable":true,"href":"https:\/\/pomello.ee\/fi\/wp-json\/wp\/v2\/product_cat?post=27931"},{"taxonomy":"product_tag","embeddable":true,"href":"https:\/\/pomello.ee\/fi\/wp-json\/wp\/v2\/product_tag?post=27931"}],"curies":[{"name":"wp","href":"https:\/\/api.w.org\/{rel}","templated":true}]}}