{"id":27940,"date":"2024-09-18T14:28:49","date_gmt":"2024-09-18T12:28:49","guid":{"rendered":"https:\/\/pomello.ee\/toode\/nikk-mole-mini-brow-paste-kulmakarvojen-tahna\/"},"modified":"2025-02-13T00:00:16","modified_gmt":"2025-02-12T22:00:16","slug":"nikk-mole-mini-brow-paste-kulmakarvojen-tahna","status":"publish","type":"product","link":"https:\/\/pomello.ee\/fi\/toode\/nikk-mole-mini-brow-paste-kulmakarvojen-tahna\/","title":{"rendered":"NIKK MOLE Mini Brow paste kulmakarvojen tahna"},"content":{"rendered":"<p><strong>Kuinka k\u00e4ytt\u00e4\u00e4 Nikk Mole Brow Pastea:<\/strong><\/p>\n<ol>\n<li>Valmistelu: Puhdista kulmakarvojen iho ja karvat ennen tahnan k\u00e4sittely\u00e4 k\u00e4ytt\u00e4m\u00e4ll\u00e4 puhdistusaineita lian ja \u00f6ljyn poistamiseen.<\/li>\n<li>Muotoilu: Levit\u00e4 tahna erityisill\u00e4 Nikk Mole -siveltimill\u00e4 tai k\u00e4yt\u00e4 lankamerkint\u00e4\u00e4 luodaksesi tarkan kulmakarvojen muodon.<\/li>\n<li>Muodon s\u00e4\u00e4t\u00f6: Tahna mukautuu hyvin ihoon korostaen kulmakarvojen \u00e4\u00e4riviivat ja mahdollistaen muodon korjaamisen tarvittaessa.<\/li>\n<li>V\u00e4rj\u00e4ys: Levit\u00e4 tahna ja jatka suoraan kulmakarvojen v\u00e4rj\u00e4\u00e4miseen tai hennaan luoden t\u00e4ydellisen pohjan pitk\u00e4kestoisille tuloksille.<\/li>\n<li>Puhdistus: Poista tahnaj\u00e4\u00e4m\u00e4t vanulapulla tai erityisell\u00e4 poistoaineella.<\/li>\n<\/ol>\n","protected":false},"excerpt":{"rendered":"<p><strong>NIKK MOLE Mini Brow pasta<\/strong> on innovatiivinen kulmakarvojen muotoiluty\u00f6kalu, joka auttaa luomaan t\u00e4ydellisen muodon ja tarkkuuden. Se sopii sek\u00e4 aloittelijoille ett\u00e4 ammattilaisille. Aloittelijat voivat v\u00e4ltt\u00e4\u00e4 virheit\u00e4 luodessaan kulmakarvojen muotoa, kun taas kokeneet ammattilaiset s\u00e4\u00e4st\u00e4v\u00e4t aikaa ja vaivaa v\u00e4rj\u00e4\u00e4ess\u00e4\u00e4n kulmakarvoja.<\/p>\n","protected":false},"featured_media":27893,"comment_status":"open","ping_status":"closed","template":"","meta":{"_monsterinsights_skip_tracking":false,"_monsterinsights_sitenote_active":false,"_monsterinsights_sitenote_note":"","_monsterinsights_sitenote_category":0},"product_brand":[],"product_cat":[476,510],"product_tag":[],"class_list":{"0":"post-27940","1":"product","2":"type-product","3":"status-publish","4":"has-post-thumbnail","6":"product_cat-kulmakarvat","7":"product_cat-kulmakarvojen-tahna","8":"pa_brand-nikk-mole-fi","9":"pa_suurus-35-g-fi","10":"pa_varv-kollane-fi","11":"pa_varv-laventeli","12":"pa_varv-lilla-fi","13":"pa_varv-orange-fi","14":"pa_varv-roheline-fi","15":"pa_varv-roosa-fi","16":"pa_varv-sinine-fi","17":"pa_varv-valge-fi","19":"first","20":"instock","21":"taxable","22":"shipping-taxable","23":"purchasable","24":"product-type-variable"},"_links":{"self":[{"href":"https:\/\/pomello.ee\/fi\/wp-json\/wp\/v2\/product\/27940","targetHints":{"allow":["GET"]}}],"collection":[{"href":"https:\/\/pomello.ee\/fi\/wp-json\/wp\/v2\/product"}],"about":[{"href":"https:\/\/pomello.ee\/fi\/wp-json\/wp\/v2\/types\/product"}],"replies":[{"embeddable":true,"href":"https:\/\/pomello.ee\/fi\/wp-json\/wp\/v2\/comments?post=27940"}],"wp:featuredmedia":[{"embeddable":true,"href":"https:\/\/pomello.ee\/fi\/wp-json\/wp\/v2\/media\/27893"}],"wp:attachment":[{"href":"https:\/\/pomello.ee\/fi\/wp-json\/wp\/v2\/media?parent=27940"}],"wp:term":[{"taxonomy":"product_brand","embeddable":true,"href":"https:\/\/pomello.ee\/fi\/wp-json\/wp\/v2\/product_brand?post=27940"},{"taxonomy":"product_cat","embeddable":true,"href":"https:\/\/pomello.ee\/fi\/wp-json\/wp\/v2\/product_cat?post=27940"},{"taxonomy":"product_tag","embeddable":true,"href":"https:\/\/pomello.ee\/fi\/wp-json\/wp\/v2\/product_tag?post=27940"}],"curies":[{"name":"wp","href":"https:\/\/api.w.org\/{rel}","templated":true}]}}