{"id":27949,"date":"2024-09-18T13:08:23","date_gmt":"2024-09-18T11:08:23","guid":{"rendered":"https:\/\/pomello.ee\/toode\/nikk-mole-foam-protector-ripsille-ja-kulmakarvoille\/"},"modified":"2025-05-12T15:08:28","modified_gmt":"2025-05-12T13:08:28","slug":"nikk-mole-foam-protector-ripsille-ja-kulmakarvoille","status":"publish","type":"product","link":"https:\/\/pomello.ee\/fi\/toode\/nikk-mole-foam-protector-ripsille-ja-kulmakarvoille\/","title":{"rendered":"NIKK MOLE Foam Protector ripsille ja kulmakarvoille"},"content":{"rendered":"<p><strong>NIKK MOLE Foam Protector ripsille ja kulmakarvoille<\/strong><\/p>\n<p>&nbsp;<\/p>\n<p><strong>Ainesosat ja edut:<\/strong><br \/>\nNIKK MOLE Protectant Foam sis\u00e4lt\u00e4\u00e4 tehokkaita aktiivisia ainesosia, jotka varmistavat ripsien ja kulmakarvojen intensiivisen hoidon:<\/p>\n<ol>\n<li>Hydrolysoitu keratiini, kollageeni ja pantenoli &#8211; ravitsevat, vahvistavat ja kosteuttavat hiuksia j\u00e4tt\u00e4en ne pehmeiksi ja kiilt\u00e4viksi.<\/li>\n<li>Auringonkukansiemenuutteet &#8211; auttavat lis\u00e4\u00e4m\u00e4\u00e4n ihon kimmoisuutta ja parantamaan sen tilaa.<\/li>\n<li>Glyseriini, aminohapot ja kasviuutteet &#8211; yll\u00e4pit\u00e4v\u00e4t ihon ja hiusten luonnollista tasapainoa ja ehk\u00e4isev\u00e4t kuivumista ja hilseily\u00e4.<\/li>\n<\/ol>\n<p><strong>Tuotteen ominaisuudet:<\/strong> FOAM PROTECTOR tarjoaa korkeatasoista hoitoa ja suojaa ripsille, kulmakarvoille ja iholle s\u00e4ilytt\u00e4en niiden terveytt\u00e4 ja kauneutta. Ihanteellinen sek\u00e4 ammatti- ett\u00e4 kotik\u00e4ytt\u00f6\u00f6n tarjoten miellytt\u00e4v\u00e4n ja tehokkaan hoitokokemuksen.<\/p>\n<p>&nbsp;<\/p>\n<p><strong>K\u00e4ytt\u00f6ohjeet:<\/strong><\/p>\n<ol>\n<li>Levit\u00e4 pieni m\u00e4\u00e4r\u00e4 vaahtoa ripsien tai kulmakarvojen alueelle.<\/li>\n<li>Levit\u00e4 tuotetta varovasti py\u00f6rivin liikkein NIKK MOLE -siveltimell\u00e4 tai sormenp\u00e4ill\u00e4si.<\/li>\n<li>Poista tuote kostealla vanulapulla.<\/li>\n<\/ol>\n<p><strong>Varoitukset ja varotoimet:<\/strong><\/p>\n<p>Yksil\u00f6llinen herkkyys tietyille ainesosille on mahdollista.<\/p>\n<p>Tuote on tarkoitettu vain ulkoiseen ja ammattik\u00e4ytt\u00f6\u00f6n.<\/p>\n<p><strong>V\u00e4lt\u00e4 kosketusta silmiin!<\/strong><\/p>\n<p>S\u00e4ilyt\u00e4 kuivassa paikassa +5\u00b0C &#8211; +22\u00b0C l\u00e4mp\u00f6tilassa, poissa lasten ja el\u00e4inten ulottuvilta.<\/p>\n","protected":false},"excerpt":{"rendered":"<p><strong>NIKK MOLE Foam Protector ripsille ja kulmakarvoille<\/strong> on ammattimainen vaahtosuoja, joka sis\u00e4lt\u00e4\u00e4 ainutlaatuisen yhdistelm\u00e4n aktiivisia ainesosia, jotka tarjoavat hell\u00e4varaista ja tehokasta hoitoa ripsille ja kulmakarvoille.<\/p>\n","protected":false},"featured_media":27838,"comment_status":"open","ping_status":"closed","template":"","meta":{"_monsterinsights_skip_tracking":false,"_monsterinsights_sitenote_active":false,"_monsterinsights_sitenote_note":"","_monsterinsights_sitenote_category":0},"product_brand":[],"product_cat":[476,915,518,916,520,475,931],"product_tag":[],"class_list":{"0":"post-27949","1":"product","2":"type-product","3":"status-publish","4":"has-post-thumbnail","6":"product_cat-kulmakarvat","7":"product_cat-esi-ja-jalkihoito","8":"product_cat-jalkihoito","9":"product_cat-esihoito-fi","10":"product_cat-puhdistustuotteet","11":"product_cat-ripset","12":"product_cat-valmistus-ja-suojavoiteet","13":"pa_brand-nikk-mole-fi","14":"pa_suurus-150-ml-fi","16":"first","17":"instock","18":"taxable","19":"shipping-taxable","20":"purchasable","21":"product-type-simple"},"_links":{"self":[{"href":"https:\/\/pomello.ee\/fi\/wp-json\/wp\/v2\/product\/27949","targetHints":{"allow":["GET"]}}],"collection":[{"href":"https:\/\/pomello.ee\/fi\/wp-json\/wp\/v2\/product"}],"about":[{"href":"https:\/\/pomello.ee\/fi\/wp-json\/wp\/v2\/types\/product"}],"replies":[{"embeddable":true,"href":"https:\/\/pomello.ee\/fi\/wp-json\/wp\/v2\/comments?post=27949"}],"wp:featuredmedia":[{"embeddable":true,"href":"https:\/\/pomello.ee\/fi\/wp-json\/wp\/v2\/media\/27838"}],"wp:attachment":[{"href":"https:\/\/pomello.ee\/fi\/wp-json\/wp\/v2\/media?parent=27949"}],"wp:term":[{"taxonomy":"product_brand","embeddable":true,"href":"https:\/\/pomello.ee\/fi\/wp-json\/wp\/v2\/product_brand?post=27949"},{"taxonomy":"product_cat","embeddable":true,"href":"https:\/\/pomello.ee\/fi\/wp-json\/wp\/v2\/product_cat?post=27949"},{"taxonomy":"product_tag","embeddable":true,"href":"https:\/\/pomello.ee\/fi\/wp-json\/wp\/v2\/product_tag?post=27949"}],"curies":[{"name":"wp","href":"https:\/\/api.w.org\/{rel}","templated":true}]}}