{"id":27951,"date":"2024-09-18T12:58:23","date_gmt":"2024-09-18T10:58:23","guid":{"rendered":"https:\/\/pomello.ee\/toode\/nikk-mole-shampoo-no-sls-sles-ripsille-ja-kulmakarvoille\/"},"modified":"2024-12-08T01:44:04","modified_gmt":"2024-12-07T23:44:04","slug":"nikk-mole-shampoo-no-sls-sles-ripsille-ja-kulmakarvoille","status":"publish","type":"product","link":"https:\/\/pomello.ee\/fi\/toode\/nikk-mole-shampoo-no-sls-sles-ripsille-ja-kulmakarvoille\/","title":{"rendered":"NIKK MOLE Shampoo NO SLS\/SLES ripsille ja kulmakarvoille"},"content":{"rendered":"<p><strong>NIKK MOLE Shampoo NO SLS\/SLES ripsille ja kulmakarvoille<\/strong><\/p>\n<p>&nbsp;<\/p>\n<p><strong>Ainesosat ja edut:<\/strong><br \/>\nNIKK MOLE shampoo on rikastettu useilla hy\u00f6dyllisill\u00e4 ainesosilla, jotka hoitavat hell\u00e4varaisesti ripsi\u00e4 ja kulmakarvoja:<\/p>\n<ul>\n<li>Hydrolysoitu keratiini vahvistaa hiuksia ja parantaa niiden rakennetta.<\/li>\n<li>Hydrolysoitu vehn\u00e4proteiini kosteuttaa, ravitsee ja suojaa ripsi\u00e4 ja kulmakarvoja antaen niille terveen ja hyvin hoidetun ulkon\u00e4\u00f6n.<\/li>\n<\/ul>\n<p><strong>Sulfaatiton koostumus<\/strong> tekee t\u00e4st\u00e4 shamposta ihanteellisen herk\u00e4lle iholle, v\u00e4ltt\u00e4en iho\u00e4rsytyst\u00e4 ja puhdistaen hell\u00e4varaisesti. Shampoon kevyt koostumus levittyy helposti ja puhdistaa tehokkaasti jokaisen hiuksen h\u00e4iritsem\u00e4tt\u00e4 ihon luonnollista tasapainoa.<\/p>\n<p>&nbsp;<\/p>\n<p><strong>K\u00e4ytt\u00f6ohjeet<\/strong>:<\/p>\n<ol>\n<li>Levit\u00e4 pieni m\u00e4\u00e4r\u00e4 NIKK MOLE shampoota tasaisesti kulmakarvojen iholle ja kulmakarvojen alueelle tai ripsiin.<\/li>\n<li>Kampaa hiukset lempein liikkein harjalla, jotta shampoo levi\u00e4\u00e4 tasaisesti ja puhdistaa tehokkaasti.<\/li>\n<li>Poista shampoo vedell\u00e4 tai v\u00e4riaineella kostutetulla vanulapulla.<\/li>\n<\/ol>\n<p><strong>Varotoimenpiteet:<\/strong><\/p>\n<p>Yksil\u00f6llinen herkkyys tietyille komponenteille on mahdollista!<\/p>\n<p>Tuote on tarkoitettu vain ulkoiseen ja ammattik\u00e4ytt\u00f6\u00f6n.<\/p>\n<p><strong>V\u00e4lt\u00e4 kosketusta silmiin!<\/strong><\/p>\n","protected":false},"excerpt":{"rendered":"<p><strong>NIKK MOLE Shampoo NO SLS\/SLES ripsille ja kulmakarvoille<\/strong><\/p>\n<p>NIKK MOLE sulfaattiton shampoo on erityisesti suunniteltu ripsien ja kulmakarvojen hell\u00e4varaiseen puhdistukseen. Sen ainutlaatuinen koostumus, joka ei sis\u00e4ll\u00e4 SLS\/SLES-yhdisteit\u00e4, sis\u00e4lt\u00e4\u00e4 luonnollisia ainesosia ja aktiivisia ainesosia, jotka varmistavat tehokkaan puhdistuksen s\u00e4ilytt\u00e4en samalla ihon luonnollisen tasapainon. Shampoo poistaa lian ja \u00f6ljyn hiuksista kuivattamatta niit\u00e4 j\u00e4tt\u00e4en ripset ja kulmakarvat puhtaiksi, pehmeiksi ja hyvin hoidetuiksi. Sopii p\u00e4ivitt\u00e4iseen k\u00e4ytt\u00f6\u00f6n niin kotona kuin ammattihoitopalveluissa.<\/p>\n","protected":false},"featured_media":27830,"comment_status":"open","ping_status":"closed","template":"","meta":{"_monsterinsights_skip_tracking":false,"_monsterinsights_sitenote_active":false,"_monsterinsights_sitenote_note":"","_monsterinsights_sitenote_category":0},"product_brand":[],"product_cat":[476,915,518,916,976,520,475,931],"product_tag":[],"class_list":{"0":"post-27951","1":"product","2":"type-product","3":"status-publish","4":"has-post-thumbnail","6":"product_cat-kulmakarvat","7":"product_cat-esi-ja-jalkihoito","8":"product_cat-jalkihoito","9":"product_cat-esihoito-fi","10":"product_cat-kasvot","11":"product_cat-puhdistustuotteet","12":"product_cat-ripset","13":"product_cat-valmistus-ja-suojavoiteet","14":"pa_brand-nikk-mole-fi","15":"pa_suurus-100-ml-fi","17":"first","18":"instock","19":"taxable","20":"shipping-taxable","21":"purchasable","22":"product-type-simple"},"_links":{"self":[{"href":"https:\/\/pomello.ee\/fi\/wp-json\/wp\/v2\/product\/27951","targetHints":{"allow":["GET"]}}],"collection":[{"href":"https:\/\/pomello.ee\/fi\/wp-json\/wp\/v2\/product"}],"about":[{"href":"https:\/\/pomello.ee\/fi\/wp-json\/wp\/v2\/types\/product"}],"replies":[{"embeddable":true,"href":"https:\/\/pomello.ee\/fi\/wp-json\/wp\/v2\/comments?post=27951"}],"wp:featuredmedia":[{"embeddable":true,"href":"https:\/\/pomello.ee\/fi\/wp-json\/wp\/v2\/media\/27830"}],"wp:attachment":[{"href":"https:\/\/pomello.ee\/fi\/wp-json\/wp\/v2\/media?parent=27951"}],"wp:term":[{"taxonomy":"product_brand","embeddable":true,"href":"https:\/\/pomello.ee\/fi\/wp-json\/wp\/v2\/product_brand?post=27951"},{"taxonomy":"product_cat","embeddable":true,"href":"https:\/\/pomello.ee\/fi\/wp-json\/wp\/v2\/product_cat?post=27951"},{"taxonomy":"product_tag","embeddable":true,"href":"https:\/\/pomello.ee\/fi\/wp-json\/wp\/v2\/product_tag?post=27951"}],"curies":[{"name":"wp","href":"https:\/\/api.w.org\/{rel}","templated":true}]}}