{"id":27976,"date":"2024-09-19T10:21:01","date_gmt":"2024-09-19T08:21:01","guid":{"rendered":"https:\/\/pomello.ee\/toode\/nikk-mole-mini-wax-heater\/"},"modified":"2024-09-19T10:21:01","modified_gmt":"2024-09-19T07:21:01","slug":"nikk-mole-mini-wax-heater","status":"publish","type":"product","link":"https:\/\/pomello.ee\/fi\/toode\/nikk-mole-mini-wax-heater\/","title":{"rendered":"NIKK MOLE Mini Wax Heater"},"content":{"rendered":"<p><strong>Setti sis\u00e4lt\u00e4\u00e4:<\/strong><\/p>\n<p>Vahan l\u00e4mmitin<br \/>\nAlumiinis\u00e4ili\u00f6 vahan l\u00e4mmitt\u00e4miseen<br \/>\nMuovinen kansi<\/p>\n<p><strong>Tekniset tiedot:<\/strong><\/p>\n<p>Sy\u00f6tt\u00f6j\u00e4nnite: 220 V, 50 Hz<br \/>\nTehonkulutus: 45 W<br \/>\nL\u00e4mmitysl\u00e4mp\u00f6tila: 30-125\u00b0C<\/p>\n<p><strong>Ohje:<\/strong><\/p>\n<ol>\n<li>Puhdista iho esik\u00e4sittelyll\u00e4 ja levit\u00e4 tarvittaessa \u00f6ljy\u00e4 pehme\u00e4mp\u00e4\u00e4n poistoon.<\/li>\n<li>Tarkista, ett\u00e4 vahan l\u00e4mp\u00f6tila on miellytt\u00e4v\u00e4 asiakkaalle.<\/li>\n<li>Levit\u00e4 l\u00e4mmitetty vaha hiusten kasvusuunnassa.<\/li>\n<li>Poista vaha nopealla liikkeell\u00e4 hiusten kasvun vastakkaiseen suuntaan.<\/li>\n<li>Puhdista iho karvanpoiston j\u00e4lkeen ja kosteuta sit\u00e4.<\/li>\n<\/ol>\n","protected":false},"excerpt":{"rendered":"<p>NIKK MOLE Mini Wax Heater on ihanteellinen laite kosmeettisen vahan sulattamiseen ja sen l\u00e4mpim\u00e4n\u00e4 pit\u00e4miseen koko karvanpoiston ajan. T\u00e4ydellinen kaikille ei-toivottujen karvanpoistotoimenpiteiden alueille. Laitetta suositellaan kovien vaharakeiden sulattamiseen, joiden kapasiteetti on enint\u00e4\u00e4n 200 g.<\/p>\n<p>&nbsp;<\/p>\n<p>Laitteen tehokas k\u00e4ytt\u00f6l\u00e4mp\u00f6tila (30-125\u00b0C) mahdollistaa vahan nopean sulamisen ja l\u00e4mp\u00f6tilan s\u00e4\u00e4t\u00f6toiminto varmistaa, ett\u00e4 vaha pysyy ihanteellisessa l\u00e4mp\u00f6tilassa koko toimenpiteen ajan.<\/p>\n","protected":false},"featured_media":27973,"comment_status":"open","ping_status":"closed","template":"","meta":{"_monsterinsights_skip_tracking":false,"_monsterinsights_sitenote_active":false,"_monsterinsights_sitenote_note":"","_monsterinsights_sitenote_category":0},"product_brand":[],"product_cat":[540,507,559,925],"product_tag":[],"class_list":{"0":"post-27976","1":"product","2":"type-product","3":"status-publish","4":"has-post-thumbnail","6":"product_cat-tarvikkeet","7":"product_cat-karvanpoisto","8":"product_cat-laitteita","9":"product_cat-vahan-lammittajat","10":"pa_brand-nikk-mole-fi","12":"first","13":"outofstock","14":"taxable","15":"shipping-taxable","16":"purchasable","17":"product-type-simple"},"_links":{"self":[{"href":"https:\/\/pomello.ee\/fi\/wp-json\/wp\/v2\/product\/27976","targetHints":{"allow":["GET"]}}],"collection":[{"href":"https:\/\/pomello.ee\/fi\/wp-json\/wp\/v2\/product"}],"about":[{"href":"https:\/\/pomello.ee\/fi\/wp-json\/wp\/v2\/types\/product"}],"replies":[{"embeddable":true,"href":"https:\/\/pomello.ee\/fi\/wp-json\/wp\/v2\/comments?post=27976"}],"wp:featuredmedia":[{"embeddable":true,"href":"https:\/\/pomello.ee\/fi\/wp-json\/wp\/v2\/media\/27973"}],"wp:attachment":[{"href":"https:\/\/pomello.ee\/fi\/wp-json\/wp\/v2\/media?parent=27976"}],"wp:term":[{"taxonomy":"product_brand","embeddable":true,"href":"https:\/\/pomello.ee\/fi\/wp-json\/wp\/v2\/product_brand?post=27976"},{"taxonomy":"product_cat","embeddable":true,"href":"https:\/\/pomello.ee\/fi\/wp-json\/wp\/v2\/product_cat?post=27976"},{"taxonomy":"product_tag","embeddable":true,"href":"https:\/\/pomello.ee\/fi\/wp-json\/wp\/v2\/product_tag?post=27976"}],"curies":[{"name":"wp","href":"https:\/\/api.w.org\/{rel}","templated":true}]}}