{"id":28164,"date":"2024-09-30T20:30:15","date_gmt":"2024-09-30T18:30:15","guid":{"rendered":"https:\/\/pomello.ee\/toode\/zola-aqua-fluid-seerumi\/"},"modified":"2025-01-08T11:20:13","modified_gmt":"2025-01-08T09:20:13","slug":"zola-aqua-fluid-seerumi","status":"publish","type":"product","link":"https:\/\/pomello.ee\/fi\/toode\/zola-aqua-fluid-seerumi\/","title":{"rendered":"ZOLA Aqua Fluid seerumi"},"content":{"rendered":"<p><strong>Aqua Fluid &#8211; Ylellinen kosteutus ripsille ja kulmakarvoille<\/strong><\/p>\n<p>&nbsp;<\/p>\n<p>Aqua Fluid on kastelun kultastandardi, joka toimii kahdella tasolla:<\/p>\n<p><strong>Instant Hydration<\/strong> &#8211; Kevyt neste, joka sis\u00e4lt\u00e4\u00e4 NMF-kompleksia, varmistaa nopean kosteuden palautumisen turkissa ja ihossa, mik\u00e4 helpottaa v\u00e4lit\u00f6nt\u00e4 kuivuutta.<br \/>\n<strong>Pitk\u00e4kestoinen kosteutus<\/strong> &#8211; Sis\u00e4lt\u00e4\u00e4 erityisi\u00e4 &#8221;kosteusloukkuja&#8221;, jotka pit\u00e4v\u00e4t kosteutta ja vapauttavat sen v\u00e4hitellen, suojaavat ihoa kuivumiselta ja kireydelt\u00e4 tehden siit\u00e4 sile\u00e4mm\u00e4n ja t\u00e4ytel\u00e4isemm\u00e4n.<\/p>\n<p><strong>Edut:<\/strong><\/p>\n<p>Suojaa kuivumiselta<br \/>\nPalauttaa kosteustasapainon<br \/>\nLis\u00e4\u00e4 elastisuutta ja kiiltoa<br \/>\nVahvistaa follikkelia, edist\u00e4\u00e4 hiusten kasvua<\/p>\n<p><strong>K\u00e4ytt\u00f6alueet:<\/strong><\/p>\n<p>Kulmakarvojen ja ripsien p\u00e4ivitt\u00e4inen hoito<br \/>\nRauhoittava seerumi karvanpoiston j\u00e4lkeen<br \/>\nIhonsuojaus ennen ja j\u00e4lkeen vahauksen<\/p>\n<p><strong>K\u00e4ytt\u00f6ohje<\/strong>: Levit\u00e4 pieni m\u00e4\u00e4r\u00e4 nestett\u00e4 kulmakarvoille, ripsiin tai iholle ja anna sen imeyty\u00e4 kokonaan. Huuhtelu ei ole tarpeen.<\/p>\n","protected":false},"excerpt":{"rendered":"<p><strong>ZOLA Aqua Fluid &#8211; ylellinen hoito ripsille ja kulmakarvoille<\/strong><\/p>\n<p>&nbsp;<\/p>\n<p>Aqua Fluid ei ole vain hoitotuote, vaan ylellisyytt\u00e4 jokaisessa pisarassa. K\u00e4ytet\u00e4\u00e4n ripsien ja kulmakarvojen hoidon kolmannessa vaiheessa, mutta t\u00e4m\u00e4 ei sulje pois vaiheen 3 k\u00e4ytt\u00f6\u00e4. Aqua Fluidin kevyt rakenne kultaisella mikrokimalluksella lis\u00e4\u00e4 eleganttia hehkua jokaiseen toimenpiteeseen.<\/p>\n<p>&nbsp;<\/p>\n<p>Ihanteellinen sek\u00e4 kauneushoitoihin ett\u00e4 kotirutiineihin tarjoten ripsille ja kulmakarvoille v\u00e4lit\u00f6nt\u00e4 ja pitk\u00e4kestoista kosteutusta kahdella tasolla. Aqua Fluid takaa hyvin hoidetut ja kauniit tulokset ripsien kohotuksen tai kulmakarvojen laminoinnin j\u00e4lkeen.<\/p>\n","protected":false},"featured_media":28154,"comment_status":"open","ping_status":"closed","template":"","meta":{"_monsterinsights_skip_tracking":false,"_monsterinsights_sitenote_active":false,"_monsterinsights_sitenote_note":"","_monsterinsights_sitenote_category":0},"product_brand":[],"product_cat":[476,915,518,917,923,477,516,475,514],"product_tag":[],"class_list":{"0":"post-28164","1":"product","2":"type-product","3":"status-publish","4":"has-post-thumbnail","6":"product_cat-kulmakarvat","7":"product_cat-esi-ja-jalkihoito","8":"product_cat-jalkihoito","9":"product_cat-jalkihoito-fi","10":"product_cat-jalkihoito-ja-kosteuttaminen","11":"product_cat-kulmien-laminointi","12":"product_cat-lash-lift-fi","13":"product_cat-ripset","14":"product_cat-ripsi-ja-kulmakarvojen-seerumit","15":"pa_brand-zola-fi","16":"pa_suurus-10-ml-fi","18":"first","19":"instock","20":"taxable","21":"shipping-taxable","22":"purchasable","23":"product-type-simple"},"_links":{"self":[{"href":"https:\/\/pomello.ee\/fi\/wp-json\/wp\/v2\/product\/28164","targetHints":{"allow":["GET"]}}],"collection":[{"href":"https:\/\/pomello.ee\/fi\/wp-json\/wp\/v2\/product"}],"about":[{"href":"https:\/\/pomello.ee\/fi\/wp-json\/wp\/v2\/types\/product"}],"replies":[{"embeddable":true,"href":"https:\/\/pomello.ee\/fi\/wp-json\/wp\/v2\/comments?post=28164"}],"wp:featuredmedia":[{"embeddable":true,"href":"https:\/\/pomello.ee\/fi\/wp-json\/wp\/v2\/media\/28154"}],"wp:attachment":[{"href":"https:\/\/pomello.ee\/fi\/wp-json\/wp\/v2\/media?parent=28164"}],"wp:term":[{"taxonomy":"product_brand","embeddable":true,"href":"https:\/\/pomello.ee\/fi\/wp-json\/wp\/v2\/product_brand?post=28164"},{"taxonomy":"product_cat","embeddable":true,"href":"https:\/\/pomello.ee\/fi\/wp-json\/wp\/v2\/product_cat?post=28164"},{"taxonomy":"product_tag","embeddable":true,"href":"https:\/\/pomello.ee\/fi\/wp-json\/wp\/v2\/product_tag?post=28164"}],"curies":[{"name":"wp","href":"https:\/\/api.w.org\/{rel}","templated":true}]}}