{"id":28166,"date":"2024-09-30T12:27:15","date_gmt":"2024-09-30T10:27:15","guid":{"rendered":"https:\/\/pomello.ee\/toode\/maxymova-golden-wax-200g\/"},"modified":"2024-09-30T12:27:15","modified_gmt":"2024-09-30T09:27:15","slug":"maxymova-golden-wax-200g","status":"publish","type":"product","link":"https:\/\/pomello.ee\/fi\/toode\/maxymova-golden-wax-200g\/","title":{"rendered":"MAXYMOVA Golden Wax 200g"},"content":{"rendered":"<p><strong>ROSIN FREE<\/strong> on ihanteellinen valinta herk\u00e4lle iholle. T\u00e4m\u00e4n vahan valmistusprosessi poistaa hartsista l\u00f6ytyv\u00e4t luonnolliset yhdisteet (hartsihapot), jotka voivat aiheuttaa ihon punoitusta. Siksi se on t\u00e4ydellinen reaktiivisimmille ihotyypeille.<\/p>\n<p>&nbsp;<\/p>\n<p><strong>MAXYMOVA Golden Wax 200g k\u00e4ytt\u00f6:<\/strong><\/p>\n<p>1. Kuumenna vaha erityisell\u00e4 vahal\u00e4mmittimell\u00e4.<\/p>\n<p>2. Jatka kuumentamista, kunnes vaha on t\u00e4ysin sulanut, sekoitettu ja k\u00e4denl\u00e4mp\u00f6inen kermaiseksi koostumukseksi.<\/p>\n<p>3. Testaa l\u00e4mp\u00f6tila levitt\u00e4m\u00e4ll\u00e4 pieni m\u00e4\u00e4r\u00e4 ranteen sis\u00e4puolelle ennen vaahdottamista.<\/p>\n<p>4. Ota vaha kertak\u00e4ytt\u00f6isell\u00e4 lastalla, levit\u00e4 ohuesti halutulle alueelle j\u00e4tt\u00e4en paksumman reunan tarttumista helpottamaan.<\/p>\n<p>5. J\u00e4\u00e4hdyt\u00e4 vaha, nosta hieman reunaa ja ved\u00e4 nopeasti vastakkaiseen suuntaan.<\/p>\n<p>6. Kun olet poistanut karvat, k\u00e4yt\u00e4 depilaation j\u00e4lkeist\u00e4 tuotetta poistaaksesi vahaj\u00e4\u00e4m\u00e4t ja j\u00e4tt\u00e4\u00e4 ihon puhtaaksi ja pehme\u00e4ksi.<\/p>\n<p>&nbsp;<\/p>\n<p><strong>VAROITUKSET:<\/strong><\/p>\n<p>&#8211; \u00c4l\u00e4 k\u00e4yt\u00e4 \u00e4rtyneelle, halkeilevalle iholle, n\u00e4ppyille, haavoille, viiltojen tai suonikohjujen iholle.<\/p>\n<p>&#8211; Varmista ennen k\u00e4ytt\u00f6\u00e4, ett\u00e4 ihosi on kuiva ja \u00e4rtym\u00e4t\u00f6n.<\/p>\n","protected":false},"excerpt":{"rendered":"<p><strong>MAXYMOVA Golden Wax<\/strong> on ylellinen, hartsiton tai ROSINITON rakeinen vaha ei-toivottujen karvojen poistamiseen, joka on rikastettu miedolla vaniljan aromilla. Kasvipohjaisista hartseista ja luonnollisesta mehil\u00e4isvahasta valmistettu vaha sopii herkille alueille, kuten kulmakarvoille, bikinialueelle, kainaloihin ja kasvoille. <strong>Sen ainutlaatuinen koostumus tarjoaa erinomaisen joustavuuden, mik\u00e4 mahdollistaa vahan levitt\u00e4misen helposti<\/strong> ja useisiin suuntiin, mik\u00e4 est\u00e4\u00e4 rikkoutumisen ja halkeilun.<\/p>\n<p>&nbsp;<\/p>\n<p>Golden Wax poistaa lyhyimm\u00e4tkin karvat j\u00e4tt\u00e4en ihon sile\u00e4ksi jopa 6 viikoksi samalla, kun se kuorii ja kosteuttaa ihoa hell\u00e4varaisesti. Vaha sulaa alhaisessa l\u00e4mp\u00f6tilassa (36-37\u00b0C), mik\u00e4 tekee toimenpiteest\u00e4 mukavan ja l\u00e4hes kivuttoman. Vaha ei vaadi karvanpoistopaperia ja se poistetaan iholta j\u00e4tt\u00e4m\u00e4tt\u00e4 j\u00e4\u00e4mi\u00e4. Tyylik\u00e4s kultainen helmiv\u00e4ri lis\u00e4\u00e4 ripauksen ylellisyytt\u00e4 hoitorutiiniisi.<\/p>\n","protected":false},"featured_media":28137,"comment_status":"open","ping_status":"closed","template":"","meta":{"_monsterinsights_skip_tracking":false,"_monsterinsights_sitenote_active":false,"_monsterinsights_sitenote_note":"","_monsterinsights_sitenote_category":0},"product_brand":[],"product_cat":[476,507,542,512,555],"product_tag":[],"class_list":{"0":"post-28166","1":"product","2":"type-product","3":"status-publish","4":"has-post-thumbnail","6":"product_cat-kulmakarvat","7":"product_cat-karvanpoisto","8":"product_cat-karvanpoisto-tarvikkeet-fi","9":"product_cat-parhaat-tarjoukset","10":"product_cat-vahat","11":"pa_brand-maxymova-fi","12":"pa_suurus-200-g-fi","14":"first","15":"outofstock","16":"sale","17":"taxable","18":"shipping-taxable","19":"purchasable","20":"product-type-simple"},"_links":{"self":[{"href":"https:\/\/pomello.ee\/fi\/wp-json\/wp\/v2\/product\/28166","targetHints":{"allow":["GET"]}}],"collection":[{"href":"https:\/\/pomello.ee\/fi\/wp-json\/wp\/v2\/product"}],"about":[{"href":"https:\/\/pomello.ee\/fi\/wp-json\/wp\/v2\/types\/product"}],"replies":[{"embeddable":true,"href":"https:\/\/pomello.ee\/fi\/wp-json\/wp\/v2\/comments?post=28166"}],"wp:featuredmedia":[{"embeddable":true,"href":"https:\/\/pomello.ee\/fi\/wp-json\/wp\/v2\/media\/28137"}],"wp:attachment":[{"href":"https:\/\/pomello.ee\/fi\/wp-json\/wp\/v2\/media?parent=28166"}],"wp:term":[{"taxonomy":"product_brand","embeddable":true,"href":"https:\/\/pomello.ee\/fi\/wp-json\/wp\/v2\/product_brand?post=28166"},{"taxonomy":"product_cat","embeddable":true,"href":"https:\/\/pomello.ee\/fi\/wp-json\/wp\/v2\/product_cat?post=28166"},{"taxonomy":"product_tag","embeddable":true,"href":"https:\/\/pomello.ee\/fi\/wp-json\/wp\/v2\/product_tag?post=28166"}],"curies":[{"name":"wp","href":"https:\/\/api.w.org\/{rel}","templated":true}]}}