{"id":28168,"date":"2024-09-30T09:07:03","date_gmt":"2024-09-30T07:07:03","guid":{"rendered":"https:\/\/pomello.ee\/toode\/nikk-mole-oxidant-3-50ml\/"},"modified":"2025-03-30T19:55:25","modified_gmt":"2025-03-30T17:55:25","slug":"nikk-mole-oxidant-3-50ml","status":"publish","type":"product","link":"https:\/\/pomello.ee\/fi\/toode\/nikk-mole-oxidant-3-50ml\/","title":{"rendered":"NIKK MOLE OXIDANT 3% 50ml"},"content":{"rendered":"<p><br data-mce-bogus=\"1\"><\/p>\n","protected":false},"excerpt":{"rendered":"<p>NIKK MOLE oxidant 3% on kermavety, joka varmistaa pitk\u00e4kestoisen ja tehokkaan tuloksen. Sekoittamalla kermavety\u00e4 Nikk Mole kulmakarvav\u00e4riin saat tasaisen ja pysyv\u00e4n v\u00e4ris\u00e4vyn.<\/p>\n<p>Cream oxidant on suunniteltu hoitamaan sek\u00e4 ihoa ett\u00e4 hiuksia. Sen hell\u00e4varainen koostumus ja pehme\u00e4 rakenne pit\u00e4v\u00e4t kulmakarvat tervein\u00e4, pehmein\u00e4 ja hyvin hoidetuina. Voiman luonnolliset ainesosat eiv\u00e4t ainoastaan \u200b\u200bv\u00e4rj\u00e4\u00e4 turkkia tehokkaasti, vaan my\u00f6s suojaavat sit\u00e4 aktiivisten kemikaalien haitallisilta vaikutuksilta samalla kun ne kosteuttavat.<\/p>\n<p><\/p>\n<p>Nikk Mole oxidant 3% mustassa pullossa on valmistajan tietojen mukaan vanhaa koostumusta. Se antaa erityisen vahvan vaikutelman iholle, kuten edelt\u00e4j\u00e4ns\u00e4 (valkoinen neli\u00f6pullo).<\/p>\n<p><\/p>\n<p>Tilavuus: 50 ml<\/p>\n","protected":false},"featured_media":28104,"comment_status":"open","ping_status":"closed","template":"","meta":{"_monsterinsights_skip_tracking":false,"_monsterinsights_sitenote_active":false,"_monsterinsights_sitenote_note":"","_monsterinsights_sitenote_category":0},"product_brand":[],"product_cat":[476,901,475,478,479],"product_tag":[],"class_list":{"0":"post-28168","1":"product","2":"type-product","3":"status-publish","4":"has-post-thumbnail","6":"product_cat-kulmakarvat","7":"product_cat-developers","8":"product_cat-ripset","9":"product_cat-ripsien-ja-kulmakarvojen-varit","10":"product_cat-ripsien-ja-kulmakarvojen-varit-fi","11":"pa_brand-nikk-mole-fi","12":"pa_suurus-50-ml-fi","14":"first","15":"instock","16":"taxable","17":"shipping-taxable","18":"purchasable","19":"product-type-simple"},"_links":{"self":[{"href":"https:\/\/pomello.ee\/fi\/wp-json\/wp\/v2\/product\/28168","targetHints":{"allow":["GET"]}}],"collection":[{"href":"https:\/\/pomello.ee\/fi\/wp-json\/wp\/v2\/product"}],"about":[{"href":"https:\/\/pomello.ee\/fi\/wp-json\/wp\/v2\/types\/product"}],"replies":[{"embeddable":true,"href":"https:\/\/pomello.ee\/fi\/wp-json\/wp\/v2\/comments?post=28168"}],"wp:featuredmedia":[{"embeddable":true,"href":"https:\/\/pomello.ee\/fi\/wp-json\/wp\/v2\/media\/28104"}],"wp:attachment":[{"href":"https:\/\/pomello.ee\/fi\/wp-json\/wp\/v2\/media?parent=28168"}],"wp:term":[{"taxonomy":"product_brand","embeddable":true,"href":"https:\/\/pomello.ee\/fi\/wp-json\/wp\/v2\/product_brand?post=28168"},{"taxonomy":"product_cat","embeddable":true,"href":"https:\/\/pomello.ee\/fi\/wp-json\/wp\/v2\/product_cat?post=28168"},{"taxonomy":"product_tag","embeddable":true,"href":"https:\/\/pomello.ee\/fi\/wp-json\/wp\/v2\/product_tag?post=28168"}],"curies":[{"name":"wp","href":"https:\/\/api.w.org\/{rel}","templated":true}]}}