{"id":29495,"date":"2024-10-03T10:44:10","date_gmt":"2024-10-03T07:44:10","guid":{"rendered":"https:\/\/pomello.ee\/toode\/interdental-siveltimet-sparkel\/"},"modified":"2025-03-08T21:20:37","modified_gmt":"2025-03-08T19:20:37","slug":"interdental-siveltimet-sparkel","status":"publish","type":"product","link":"https:\/\/pomello.ee\/fi\/toode\/interdental-siveltimet-sparkel\/","title":{"rendered":"Interdental siveltimet Sparkel"},"content":{"rendered":"<p><strong>K\u00e4ytt\u00f6:<\/strong> Tuote voidaan k\u00e4ytt\u00e4\u00e4 uudelleen, jos noudatat hygieniavaatimuksia ja puhdistat ja desinfioit tuotteen jokaisen k\u00e4yt\u00f6n j\u00e4lkeen.<\/p>\n","protected":false},"excerpt":{"rendered":"<p>Interdental siveltimet &#8211; joustavalla p\u00e4\u00e4ll\u00e4 varustettu miniharja, jolla voidaan levitt\u00e4\u00e4 kosteuttavia emulsioita ja saavuttaa ihanteellinen karvojen sijoitus kulmakarvoja laminoitaessa.<\/p>\n","protected":false},"featured_media":28202,"comment_status":"open","ping_status":"closed","template":"","meta":{"_monsterinsights_skip_tracking":false,"_monsterinsights_sitenote_active":false,"_monsterinsights_sitenote_note":"","_monsterinsights_sitenote_category":0},"product_brand":[],"product_cat":[540,511,541],"product_tag":[],"class_list":{"0":"post-29495","1":"product","2":"type-product","3":"status-publish","4":"has-post-thumbnail","6":"product_cat-tarvikkeet","7":"product_cat-kulmakarvojen-tarvikkeet","8":"product_cat-muut-tyokalut-fi","9":"pa_brand-pomello-fi","10":"pa_suurus-20-tk-fi","11":"pa_varv-lilla-fi","12":"pa_varv-must-fi","13":"pa_varv-roosa-fi","15":"first","16":"outofstock","17":"taxable","18":"shipping-taxable","19":"purchasable","20":"product-type-variable"},"_links":{"self":[{"href":"https:\/\/pomello.ee\/fi\/wp-json\/wp\/v2\/product\/29495","targetHints":{"allow":["GET"]}}],"collection":[{"href":"https:\/\/pomello.ee\/fi\/wp-json\/wp\/v2\/product"}],"about":[{"href":"https:\/\/pomello.ee\/fi\/wp-json\/wp\/v2\/types\/product"}],"replies":[{"embeddable":true,"href":"https:\/\/pomello.ee\/fi\/wp-json\/wp\/v2\/comments?post=29495"}],"wp:featuredmedia":[{"embeddable":true,"href":"https:\/\/pomello.ee\/fi\/wp-json\/wp\/v2\/media\/28202"}],"wp:attachment":[{"href":"https:\/\/pomello.ee\/fi\/wp-json\/wp\/v2\/media?parent=29495"}],"wp:term":[{"taxonomy":"product_brand","embeddable":true,"href":"https:\/\/pomello.ee\/fi\/wp-json\/wp\/v2\/product_brand?post=29495"},{"taxonomy":"product_cat","embeddable":true,"href":"https:\/\/pomello.ee\/fi\/wp-json\/wp\/v2\/product_cat?post=29495"},{"taxonomy":"product_tag","embeddable":true,"href":"https:\/\/pomello.ee\/fi\/wp-json\/wp\/v2\/product_tag?post=29495"}],"curies":[{"name":"wp","href":"https:\/\/api.w.org\/{rel}","templated":true}]}}