{"id":29502,"date":"2024-10-22T15:42:16","date_gmt":"2024-10-22T12:42:16","guid":{"rendered":"https:\/\/pomello.ee\/toode\/elan-brow-pro-concealer-pencil\/"},"modified":"2024-10-28T23:49:37","modified_gmt":"2024-10-28T20:49:37","slug":"elan-brow-pro-concealer-pencil","status":"publish","type":"product","link":"https:\/\/pomello.ee\/fi\/toode\/elan-brow-pro-concealer-pencil\/","title":{"rendered":"ELAN Brow Pro Concealer Pencil"},"content":{"rendered":"<p>Peitevoidetta on saatavana kahdessa yleiss\u00e4vyss\u00e4, jotka parantavat jokaista ihon s\u00e4vy\u00e4 ja tekev\u00e4t siit\u00e4 virheett\u00f6m\u00e4n ja luonnollisen lopputuloksen. Kermainen koostumus liukuu helposti ja sulautuu saumattomasti ihoon luoden t\u00e4ydellisen ihon kaltaisen lopputuloksen. Levit\u00e4 kasvoille haluamallasi tavalla ja levit\u00e4 siveltimell\u00e4 t\u00e4ydellisen lopputuloksen saavuttamiseksi.<\/p>\n<p>&nbsp;<\/p>\n<p>S\u00e4ilyvyys: 36 kuukautta.<\/p>\n","protected":false},"excerpt":{"rendered":"<p>ELAN Brow Pro Concealer Pencil on monik\u00e4ytt\u00f6inen ja eritt\u00e4in pehme\u00e4 kermainen peitevoide, joka sulautuu t\u00e4ydellisesti ihon s\u00e4vyyn ja peitt\u00e4\u00e4 virheett\u00f6m\u00e4sti kaikki ep\u00e4tasaisuudet. Se on t\u00e4ydellinen valinta kulmakarvojen ja silm\u00e4n sis\u00e4kulmien korostamiseen, mik\u00e4 antaa luonnollisen ja kirkkaan lopputuloksen.<\/p>\n<p>&nbsp;<\/p>\n<p>Kaksi eri s\u00e4vy\u00e4 on suunniteltu sopimaan kaikille ihon s\u00e4vyille, mik\u00e4 takaa t\u00e4ydellisen lopputuloksen. Pehme\u00e4 ja kermainen koostumus liukuu pehme\u00e4sti iholla j\u00e4tt\u00e4en luonnollisen ja pitk\u00e4kestoisen tuloksen.<\/p>\n<p>&nbsp;<\/p>\n<p>Dermatologisesti testattu, ihanteellinen p\u00e4ivitt\u00e4iseen k\u00e4ytt\u00f6\u00f6n &#8211; todellinen pakollinen kauneusrutiinisi!<\/p>\n","protected":false},"featured_media":29376,"comment_status":"open","ping_status":"closed","template":"","meta":{"_monsterinsights_skip_tracking":false,"_monsterinsights_sitenote_active":false,"_monsterinsights_sitenote_note":"","_monsterinsights_sitenote_category":0},"product_brand":[],"product_cat":[476,947],"product_tag":[],"class_list":{"0":"post-29502","1":"product","2":"type-product","3":"status-publish","4":"has-post-thumbnail","6":"product_cat-kulmakarvat","7":"product_cat-kulmakynat","8":"pa_brand-elan-fi","9":"pa_suurus-114-g-fi","10":"pa_varv-c-01-cold-nude-fi","11":"pa_varv-c-02-warm-nude-fi","13":"first","14":"outofstock","15":"taxable","16":"shipping-taxable","17":"purchasable","18":"product-type-variable"},"_links":{"self":[{"href":"https:\/\/pomello.ee\/fi\/wp-json\/wp\/v2\/product\/29502","targetHints":{"allow":["GET"]}}],"collection":[{"href":"https:\/\/pomello.ee\/fi\/wp-json\/wp\/v2\/product"}],"about":[{"href":"https:\/\/pomello.ee\/fi\/wp-json\/wp\/v2\/types\/product"}],"replies":[{"embeddable":true,"href":"https:\/\/pomello.ee\/fi\/wp-json\/wp\/v2\/comments?post=29502"}],"wp:featuredmedia":[{"embeddable":true,"href":"https:\/\/pomello.ee\/fi\/wp-json\/wp\/v2\/media\/29376"}],"wp:attachment":[{"href":"https:\/\/pomello.ee\/fi\/wp-json\/wp\/v2\/media?parent=29502"}],"wp:term":[{"taxonomy":"product_brand","embeddable":true,"href":"https:\/\/pomello.ee\/fi\/wp-json\/wp\/v2\/product_brand?post=29502"},{"taxonomy":"product_cat","embeddable":true,"href":"https:\/\/pomello.ee\/fi\/wp-json\/wp\/v2\/product_cat?post=29502"},{"taxonomy":"product_tag","embeddable":true,"href":"https:\/\/pomello.ee\/fi\/wp-json\/wp\/v2\/product_tag?post=29502"}],"curies":[{"name":"wp","href":"https:\/\/api.w.org\/{rel}","templated":true}]}}