{"id":29506,"date":"2024-10-25T17:01:34","date_gmt":"2024-10-25T15:01:34","guid":{"rendered":"https:\/\/pomello.ee\/toode\/brush-foam-puhdistusvaahto-meikkisiveltimille\/"},"modified":"2025-04-12T09:54:06","modified_gmt":"2025-04-12T07:54:06","slug":"brush-foam-puhdistusvaahto-meikkisiveltimille","status":"publish","type":"product","link":"https:\/\/pomello.ee\/fi\/toode\/brush-foam-puhdistusvaahto-meikkisiveltimille\/","title":{"rendered":"Brush Foam puhdistusvaahto meikkisiveltimille"},"content":{"rendered":"<p>K\u00c4YTT\u00c4\u00c4<\/p>\n<p>Annostele vaahto haaleaan veteen kostutetulle sienelle. Hiero sivellint\u00e4 vaahdon sis\u00e4ll\u00e4 sienell\u00e4 niin, ett\u00e4 vaahto jakautuu tasaisesti harjalle. Vaahdon poistamiseksi huuhtele hyvin juoksevan veden alla, purista ylim\u00e4\u00e4r\u00e4inen vesi harjasta ja aseta se puhtaalle pyyhkeelle kuivumaan.<\/p>\n","protected":false},"excerpt":{"rendered":"<p>Brush Foam puhdistusvaahto meikkisiveltimille &#8211; ammattimainen meikkiharjan puhdistusvaahto, joka poistaa helposti ja tehokkaasti meikkij\u00e4\u00e4m\u00e4t, talin, kuolleet ihosolut ja harjoille ker\u00e4\u00e4ntyneen lian. T\u00e4m\u00e4 puhdistusvaahto luo ymp\u00e4rist\u00f6n, joka ei edist\u00e4 bakteerien ja sienten kasvua ja est\u00e4\u00e4 taudinaiheuttajien levi\u00e4misen asiakkailta toiselle.<\/p>\n<p>Antimikrobisen vaikutuksen tarjoavat fenoksietanoli ja etyyliheksyyliglyseriini. Vaahtoon lis\u00e4tyt hoitokomponentit s\u00e4ilytt\u00e4v\u00e4t harjakarvojen pehmeyden, joustavuuden ja kest\u00e4vyyden &#8211; t\u00e4m\u00e4 on erityisen t\u00e4rke\u00e4\u00e4 herkk\u00e4ihoisille asiakkaille.<\/p>\n<p>&nbsp;<\/p>\n<p>TUOTTEEN OMINAISUUDET<\/p>\n<p>sopii jokap\u00e4iv\u00e4iseen k\u00e4ytt\u00f6\u00f6n<br \/>\neliminoi suotuisan kasvuymp\u00e4rist\u00f6n bakteereille ja sienille<br \/>\nsopii luonnollisten, synteettisten ja Toray-harjojen puhdistukseen<\/p>\n","protected":false},"featured_media":29467,"comment_status":"open","ping_status":"closed","template":"","meta":{"_monsterinsights_skip_tracking":false,"_monsterinsights_sitenote_active":false,"_monsterinsights_sitenote_note":"","_monsterinsights_sitenote_category":0},"product_brand":[],"product_cat":[557,509,515],"product_tag":[],"class_list":{"0":"post-29506","1":"product","2":"type-product","3":"status-publish","4":"has-post-thumbnail","6":"product_cat-desinfiointi","7":"product_cat-hygienia","8":"product_cat-hygienia-ripset-fi","9":"pa_brand-goodpoint-chemicals-fi","10":"pa_suurus-250-ml-fi","12":"first","13":"outofstock","14":"taxable","15":"shipping-taxable","16":"purchasable","17":"product-type-simple"},"_links":{"self":[{"href":"https:\/\/pomello.ee\/fi\/wp-json\/wp\/v2\/product\/29506","targetHints":{"allow":["GET"]}}],"collection":[{"href":"https:\/\/pomello.ee\/fi\/wp-json\/wp\/v2\/product"}],"about":[{"href":"https:\/\/pomello.ee\/fi\/wp-json\/wp\/v2\/types\/product"}],"replies":[{"embeddable":true,"href":"https:\/\/pomello.ee\/fi\/wp-json\/wp\/v2\/comments?post=29506"}],"wp:featuredmedia":[{"embeddable":true,"href":"https:\/\/pomello.ee\/fi\/wp-json\/wp\/v2\/media\/29467"}],"wp:attachment":[{"href":"https:\/\/pomello.ee\/fi\/wp-json\/wp\/v2\/media?parent=29506"}],"wp:term":[{"taxonomy":"product_brand","embeddable":true,"href":"https:\/\/pomello.ee\/fi\/wp-json\/wp\/v2\/product_brand?post=29506"},{"taxonomy":"product_cat","embeddable":true,"href":"https:\/\/pomello.ee\/fi\/wp-json\/wp\/v2\/product_cat?post=29506"},{"taxonomy":"product_tag","embeddable":true,"href":"https:\/\/pomello.ee\/fi\/wp-json\/wp\/v2\/product_tag?post=29506"}],"curies":[{"name":"wp","href":"https:\/\/api.w.org\/{rel}","templated":true}]}}