{"id":29508,"date":"2024-10-25T17:10:26","date_gmt":"2024-10-25T14:10:26","guid":{"rendered":"https:\/\/pomello.ee\/toode\/globaderm-hoitovoide-eukalyptusoljylla\/"},"modified":"2024-10-25T17:10:26","modified_gmt":"2024-10-25T14:10:26","slug":"globaderm-hoitovoide-eukalyptusoljylla","status":"publish","type":"product","link":"https:\/\/pomello.ee\/fi\/toode\/globaderm-hoitovoide-eukalyptusoljylla\/","title":{"rendered":"Globaderm\u00ae hoitovoide eukalyptus\u00f6ljyll\u00e4"},"content":{"rendered":"","protected":false},"excerpt":{"rendered":"<p>Globaderm-hoitovoide eukalyptus\u00f6ljyll\u00e4 on mieto, p\u00e4ivitt\u00e4iseen k\u00e4ytt\u00f6\u00f6n sopiva antiseptinen hoitovoide, joka tekee ihosta pehme\u00e4n ja elastisen sek\u00e4 auttaa yll\u00e4pit\u00e4m\u00e4\u00e4n ihon luonnollista suojakyky\u00e4. Palauttaa kuivan, karhean ja halkeilevan ihon normaalin tilan. Sis\u00e4lt\u00e4\u00e4 luonnollista eukalyptus\u00f6ljy\u00e4, joka antaa voideelle antiseptisi\u00e4 ominaisuuksia ja virkist\u00e4v\u00e4n tuoksun. Ei sis\u00e4ll\u00e4 keinotekoisia v\u00e4ri- tai tuoksuaineita.<\/p>\n<p>P\u00e4ivitt\u00e4isen hoidon lis\u00e4ksi Globaderm soveltuu k\u00e4ytett\u00e4v\u00e4ksi my\u00f6s seuraavissa tapauksissa: kuivan ja halkeilevan ihon (atooppinen, psoriaattinen iho), naarmuuntuneen ja halkeilevan ihon hoito, ihon palovammat (esim. auringonpolttama), \u00e4rtyneen ihon hoito (esim. parranajon tai parranajon j\u00e4lkeen), pienten vammojen hoito (kitka, mustelmat jne.)<\/p>\n<p>TUOTTEEN OMINAISUUDET<\/p>\n<ul>\n<li>hieman antiseptist\u00e4<\/li>\n<li>sis\u00e4lt\u00e4\u00e4 luonnollista eukalyptus\u00f6ljy\u00e4<\/li>\n<li>v\u00e4riaineeton<\/li>\n<\/ul>\n","protected":false},"featured_media":29471,"comment_status":"open","ping_status":"closed","template":"","meta":{"_monsterinsights_skip_tracking":false,"_monsterinsights_sitenote_active":false,"_monsterinsights_sitenote_note":"","_monsterinsights_sitenote_category":0},"product_brand":[],"product_cat":[557,509,515],"product_tag":[],"class_list":{"0":"post-29508","1":"product","2":"type-product","3":"status-publish","4":"has-post-thumbnail","6":"product_cat-desinfiointi","7":"product_cat-hygienia","8":"product_cat-hygienia-ripset-fi","9":"pa_brand-goodpoint-chemicals-fi","10":"pa_suurus-50-ml-fi","12":"first","13":"outofstock","14":"taxable","15":"shipping-taxable","16":"purchasable","17":"product-type-simple"},"_links":{"self":[{"href":"https:\/\/pomello.ee\/fi\/wp-json\/wp\/v2\/product\/29508","targetHints":{"allow":["GET"]}}],"collection":[{"href":"https:\/\/pomello.ee\/fi\/wp-json\/wp\/v2\/product"}],"about":[{"href":"https:\/\/pomello.ee\/fi\/wp-json\/wp\/v2\/types\/product"}],"replies":[{"embeddable":true,"href":"https:\/\/pomello.ee\/fi\/wp-json\/wp\/v2\/comments?post=29508"}],"wp:featuredmedia":[{"embeddable":true,"href":"https:\/\/pomello.ee\/fi\/wp-json\/wp\/v2\/media\/29471"}],"wp:attachment":[{"href":"https:\/\/pomello.ee\/fi\/wp-json\/wp\/v2\/media?parent=29508"}],"wp:term":[{"taxonomy":"product_brand","embeddable":true,"href":"https:\/\/pomello.ee\/fi\/wp-json\/wp\/v2\/product_brand?post=29508"},{"taxonomy":"product_cat","embeddable":true,"href":"https:\/\/pomello.ee\/fi\/wp-json\/wp\/v2\/product_cat?post=29508"},{"taxonomy":"product_tag","embeddable":true,"href":"https:\/\/pomello.ee\/fi\/wp-json\/wp\/v2\/product_tag?post=29508"}],"curies":[{"name":"wp","href":"https:\/\/api.w.org\/{rel}","templated":true}]}}