{"id":29512,"date":"2024-10-25T19:33:34","date_gmt":"2024-10-25T17:33:34","guid":{"rendered":"https:\/\/pomello.ee\/toode\/noemi-developer-corrector-0-14ml\/"},"modified":"2025-06-23T18:53:21","modified_gmt":"2025-06-23T16:53:21","slug":"noemi-developer-corrector-0-14ml","status":"publish","type":"product","link":"https:\/\/pomello.ee\/fi\/toode\/noemi-developer-corrector-0-14ml\/","title":{"rendered":"Noemi Developer Corrector 0% 14ml"},"content":{"rendered":"","protected":false},"excerpt":{"rendered":"<p>NOEMI Developer Corrector 0% \u2013 vallankumous kulmakarvojen ja ripsien v\u00e4rj\u00e4yksen maailmassa! Nyt voit luoda oman tarkan vetyprosenttisi tarpeidesi mukaan.<\/p>\n<p>Mik\u00e4 on NOEMI Developer Corrector 0% ja miksi se on t\u00e4rke\u00e4\u00e4?<br \/>\nNOEMI Developer Corrector 0% on kermainen vetykorjausaine, jonka avulla voit valita juuri toimenpiteeseen sopivan vedyn prosenttiosuuden. T\u00e4m\u00e4 on erityisen hy\u00f6dyllist\u00e4 hienovaraisempien s\u00e4vyjen luomisessa. 0% Developer Correctorin avulla t\u00e4m\u00e4 on mahdollista \u2013 erityisen t\u00e4rke\u00e4 apuv\u00e4line heti kulmakarvojen laminoinnin j\u00e4lkeen, jotta saavutat pehme\u00e4mm\u00e4n s\u00e4vyn.<\/p>\n<p>Yhteenvetona: NOEMI Developer Corrector 0% auttaa v\u00e4hent\u00e4m\u00e4\u00e4n vetyperoksidin prosenttiosuutta, mik\u00e4 tekee v\u00e4rj\u00e4ysprosessista hell\u00e4varaisemman. Esimerkiksi se on ihanteellinen k\u00e4ytett\u00e4v\u00e4ksi 3 % kehiteaineen kanssa ripsien tai kulmakarvojen pehme\u00e4mp\u00e4\u00e4n v\u00e4rj\u00e4ykseen.<\/p>\n<p>Esimerkki sekoittamisesta:<br \/>\nSekoita NOEMI Developer 3 % ja NOEMI Developer Corrector 0 % suhteessa 1:1 saadaksesi 1,5 % vahvuisen kermakehitteen ja lis\u00e4\u00e4 sitten Noemi Hybrid Dye suhteessa 1:1.<\/p>\n<p>Valitse itse sopiva vahvuus!<\/p>\n","protected":false},"featured_media":29479,"comment_status":"open","ping_status":"closed","template":"","meta":{"_monsterinsights_skip_tracking":false,"_monsterinsights_sitenote_active":false,"_monsterinsights_sitenote_note":"","_monsterinsights_sitenote_category":0},"product_brand":[],"product_cat":[476,901,478,479],"product_tag":[],"class_list":{"0":"post-29512","1":"product","2":"type-product","3":"status-publish","4":"has-post-thumbnail","6":"product_cat-kulmakarvat","7":"product_cat-developers","8":"product_cat-ripsien-ja-kulmakarvojen-varit","9":"product_cat-ripsien-ja-kulmakarvojen-varit-fi","10":"pa_brand-noemi-fi","11":"pa_suurus-14-ml-fi","13":"first","14":"instock","15":"taxable","16":"shipping-taxable","17":"purchasable","18":"product-type-simple"},"_links":{"self":[{"href":"https:\/\/pomello.ee\/fi\/wp-json\/wp\/v2\/product\/29512","targetHints":{"allow":["GET"]}}],"collection":[{"href":"https:\/\/pomello.ee\/fi\/wp-json\/wp\/v2\/product"}],"about":[{"href":"https:\/\/pomello.ee\/fi\/wp-json\/wp\/v2\/types\/product"}],"replies":[{"embeddable":true,"href":"https:\/\/pomello.ee\/fi\/wp-json\/wp\/v2\/comments?post=29512"}],"wp:featuredmedia":[{"embeddable":true,"href":"https:\/\/pomello.ee\/fi\/wp-json\/wp\/v2\/media\/29479"}],"wp:attachment":[{"href":"https:\/\/pomello.ee\/fi\/wp-json\/wp\/v2\/media?parent=29512"}],"wp:term":[{"taxonomy":"product_brand","embeddable":true,"href":"https:\/\/pomello.ee\/fi\/wp-json\/wp\/v2\/product_brand?post=29512"},{"taxonomy":"product_cat","embeddable":true,"href":"https:\/\/pomello.ee\/fi\/wp-json\/wp\/v2\/product_cat?post=29512"},{"taxonomy":"product_tag","embeddable":true,"href":"https:\/\/pomello.ee\/fi\/wp-json\/wp\/v2\/product_tag?post=29512"}],"curies":[{"name":"wp","href":"https:\/\/api.w.org\/{rel}","templated":true}]}}