{"id":29514,"date":"2024-10-25T20:26:23","date_gmt":"2024-10-25T18:26:23","guid":{"rendered":"https:\/\/pomello.ee\/toode\/noemi-hybrid-dye-kit\/"},"modified":"2026-02-21T17:28:21","modified_gmt":"2026-02-21T15:28:21","slug":"noemi-hybrid-dye-kit","status":"publish","type":"product","link":"https:\/\/pomello.ee\/fi\/toode\/noemi-hybrid-dye-kit\/","title":{"rendered":"NOEMI Hybrid Dye Kit"},"content":{"rendered":"<p><strong>K\u00e4ytt\u00f6:<\/strong><br \/>\nSekoita Noemi Dye ja Noemi developer suhteessa 1:1. Parhaan tuloksen saavuttamiseksi suosittelemme Noemi Primerin k\u00e4ytt\u00f6\u00e4 ennen levityst\u00e4. Levit\u00e4 v\u00e4ri\u00e4 tasaisena kerroksena kulmiin kulmakarvojen h\u00e4nn\u00e4st\u00e4 alkaen (toisin kuin jotkut muut merkit, Noem ei tarvitse levitt\u00e4\u00e4 ohuina kerroksina).<\/p>\n<p><strong>Voimassaoloaika:<\/strong><br \/>\nNoemin k\u00e4sittelyaika on 10-15 minuuttia, jolloin voit s\u00e4\u00e4t\u00e4\u00e4 v\u00e4rin voimakkuutta asiakkaan toiveiden ja kulmakarvojen luonnollisen s\u00e4vyn mukaan.<\/p>\n<ul>\n<li>7-10 minuutin hoito luo hienovaraisen ja luonnollisen tuloksen.<\/li>\n<li>15 minuutin vaikutusaika antaa intensiivisemm\u00e4n ja pitk\u00e4kestoisemman tuloksen.<\/li>\n<\/ul>\n<p><strong>Ombre-efekti:<\/strong><br \/>\nSaat upean ombre-efektin poistamalla v\u00e4rin kulmakarvojen etuosasta 60 sekunnin kuluttua. T\u00e4m\u00e4 tekniikka lis\u00e4\u00e4 syvyytt\u00e4 ja ulottuvuutta kulmakarvoihin v\u00e4ltt\u00e4en liiallista intensiteetti\u00e4 edess\u00e4.<\/p>\n<p><strong>K\u00e4ytt\u00f6 laminoinnin j\u00e4lkeen:<\/strong><br \/>\nLaminoinnin j\u00e4lkeen k\u00e4sittelyaika voi olla lyhyempi, koska hiukset imev\u00e4t pigmentin nopeammin.<\/p>\n","protected":false},"excerpt":{"rendered":"<p><strong>NOEMI Hybrid Dye Kit &#8211; kulmakarvojen ja ripsien v\u00e4rien TEST KIT<\/strong><\/p>\n<p>Tutustu Noemi Hybrid Dyen p\u00e4ivitettyihin hybridiv\u00e4reihin &#8211; innovaatio koostuu siit\u00e4, ett\u00e4 v\u00e4ripussit sis\u00e4lt\u00e4v\u00e4t nyt suoria pigmenttej\u00e4, jotka tuovat s\u00e4vyn heti n\u00e4kyviin v\u00e4ri\u00e4 levitett\u00e4ess\u00e4, eli Noemi on lis\u00e4nnyt v\u00e4riin suoria pigmenttej\u00e4 niin, ett\u00e4 se ei en\u00e4\u00e4 n\u00e4yt\u00e4 valkoiselta, vaan loistaa melkein heti levitett\u00e4ess\u00e4 valitussa s\u00e4vyss\u00e4. T\u00e4m\u00e4 ei ainoastaan \u200b\u200btakaa esteettisesti miellytt\u00e4v\u00e4\u00e4 ulkon\u00e4k\u00f6\u00e4, vaan my\u00f6s parantaa kulmakarvojen ja ihon v\u00e4rin laatua. Juuri t\u00e4ss\u00e4 testisarjassa on mahdollista kokeilla p\u00e4ivitettyj\u00e4 Noemi Hybrid Dye -s\u00e4vyj\u00e4 ensimm\u00e4ist\u00e4 kertaa ennen kuin ne tulevat myyntiin isommissa putkissa.<\/p>\n<p><strong>Setti sis\u00e4lt\u00e4\u00e4:<\/strong><\/p>\n<ul>\n<li>10 maalipussia (1 ml)<\/li>\n<li>1 kirkas peitevoide (1 ml)<\/li>\n<li>3 developer (3%, 1 ml kukin)<\/li>\n<li>2 gel developer (3%, 1 ml kukin)<\/li>\n<\/ul>\n<p>Noemi Hybrid Dye Kit on loistava tapa l\u00f6yt\u00e4\u00e4 uudistuneet v\u00e4rit ja niiden runsas s\u00e4vyvalikoima. T\u00e4m\u00e4 testisarja tarjoaa edullisen mahdollisuuden testata Noemi Dyen p\u00e4ivitetty\u00e4 laatua! Noemin Hybrid Dye -suorapigmenttiv\u00e4rit ovat pian saatavilla t\u00e4yden valikoimana my\u00f6s <a href=\"https:\/\/pomello.ee\/fi\/toode\/noemi-hybrid-dye-ripsi-ja-kulmavari\/\"><strong>putkissa<\/strong><\/a>.<\/p>\n","protected":false},"featured_media":29483,"comment_status":"open","ping_status":"closed","template":"","meta":{"_monsterinsights_skip_tracking":false,"_monsterinsights_sitenote_active":false,"_monsterinsights_sitenote_note":"","_monsterinsights_sitenote_category":0},"product_brand":[],"product_cat":[476,909,478,479],"product_tag":[],"class_list":{"0":"post-29514","1":"product","2":"type-product","3":"status-publish","4":"has-post-thumbnail","6":"product_cat-kulmakarvat","7":"product_cat-kestovari","8":"product_cat-ripsien-ja-kulmakarvojen-varit","9":"product_cat-ripsien-ja-kulmakarvojen-varit-fi","10":"pa_brand-noemi-fi","11":"pa_suurus-16-kpl-1-ml-pussia","13":"first","14":"instock","15":"taxable","16":"shipping-taxable","17":"purchasable","18":"product-type-simple"},"_links":{"self":[{"href":"https:\/\/pomello.ee\/fi\/wp-json\/wp\/v2\/product\/29514","targetHints":{"allow":["GET"]}}],"collection":[{"href":"https:\/\/pomello.ee\/fi\/wp-json\/wp\/v2\/product"}],"about":[{"href":"https:\/\/pomello.ee\/fi\/wp-json\/wp\/v2\/types\/product"}],"replies":[{"embeddable":true,"href":"https:\/\/pomello.ee\/fi\/wp-json\/wp\/v2\/comments?post=29514"}],"wp:featuredmedia":[{"embeddable":true,"href":"https:\/\/pomello.ee\/fi\/wp-json\/wp\/v2\/media\/29483"}],"wp:attachment":[{"href":"https:\/\/pomello.ee\/fi\/wp-json\/wp\/v2\/media?parent=29514"}],"wp:term":[{"taxonomy":"product_brand","embeddable":true,"href":"https:\/\/pomello.ee\/fi\/wp-json\/wp\/v2\/product_brand?post=29514"},{"taxonomy":"product_cat","embeddable":true,"href":"https:\/\/pomello.ee\/fi\/wp-json\/wp\/v2\/product_cat?post=29514"},{"taxonomy":"product_tag","embeddable":true,"href":"https:\/\/pomello.ee\/fi\/wp-json\/wp\/v2\/product_tag?post=29514"}],"curies":[{"name":"wp","href":"https:\/\/api.w.org\/{rel}","templated":true}]}}