{"id":29529,"date":"2024-10-27T10:30:14","date_gmt":"2024-10-27T08:30:14","guid":{"rendered":"https:\/\/pomello.ee\/toode\/inlei-puhdistusvaahto-aloe-100-ml\/"},"modified":"2025-08-06T20:50:49","modified_gmt":"2025-08-06T18:50:49","slug":"inlei-puhdistusvaahto-aloe-100-ml","status":"publish","type":"product","link":"https:\/\/pomello.ee\/fi\/toode\/inlei-puhdistusvaahto-aloe-100-ml\/","title":{"rendered":"INLEI\u00ae Puhdistusvaahto Aloe 100 ml"},"content":{"rendered":"<p>\u00d6ljyt\u00f6n &#8211; ihanteellinen k\u00e4ytett\u00e4v\u00e4ksi ripsienpidennysten kanssa.<\/p>\n<p>Innovatiivinen vaahtokoostumus, joka on kehitetty kaikille ihotyypeille, puhdistaa ja poistaa iholta ja hiuksista meikin ja lian perusteellisesti.<\/p>\n<p>Suositellaan k\u00e4ytett\u00e4v\u00e4ksi p\u00e4ivitt\u00e4in ja InLei\u00ae &#8221;Lash Filler&#8221; -toimenpiteen j\u00e4lkeen tukemaan luonnollisia terveit\u00e4 ripsi\u00e4 ja kulmakarvoja. Suojaa t\u00e4yteainetta ja maalia huuhtoutumiselta; ripsienpidennyksill\u00e4 erityinen \u00f6ljyt\u00f6n koostumus pident\u00e4\u00e4 liiman kestoa.<\/p>\n<p>pH: 5,00 &#8211; 6,00<\/p>\n","protected":false},"excerpt":{"rendered":"<p>InLei puhdistusvaahto Aloe on erityisesti suunniteltu herk\u00e4lle ja rasvaiselle iholle, pehme\u00e4 ja peitt\u00e4v\u00e4 vaahto puhdistaa ja poistaa meikin helposti kasvoilta, poistaa ylim\u00e4\u00e4r\u00e4isen rasvan ja kuolleet ihosolut ripsien v\u00e4list\u00e4 Hyvin harkittu koostumus aloe-uutetta palauttaa herk\u00e4n ihon luonnollisen tasapainon elint\u00e4rkeiden prosessien palauttamiseen tarvittavien aminohappojen, vitamiinien, kivenn\u00e4isaineiden ja entsyymipitoisuuden ansiosta. Se on todellinen kasvojen hyvinvointicocktail virkist\u00e4v\u00e4n vaahdon muodossa, joka puhdistaa hell\u00e4varaisesti silm\u00e4nymp\u00e4rysihon, ripsien, kulmakarvojen ja koko kasvojen herk\u00e4n ihon erityisen hell\u00e4varaisesti.<\/p>\n","protected":false},"featured_media":29521,"comment_status":"open","ping_status":"closed","template":"","meta":{"_monsterinsights_skip_tracking":false,"_monsterinsights_sitenote_active":false,"_monsterinsights_sitenote_note":"","_monsterinsights_sitenote_category":0},"product_brand":[],"product_cat":[476,915,518,520,475],"product_tag":[],"class_list":{"0":"post-29529","1":"product","2":"type-product","3":"status-publish","4":"has-post-thumbnail","6":"product_cat-kulmakarvat","7":"product_cat-esi-ja-jalkihoito","8":"product_cat-jalkihoito","9":"product_cat-puhdistustuotteet","10":"product_cat-ripset","11":"pa_brand-inlei-fi","12":"pa_suurus-100-ml-fi","14":"first","15":"outofstock","16":"taxable","17":"shipping-taxable","18":"purchasable","19":"product-type-simple"},"_links":{"self":[{"href":"https:\/\/pomello.ee\/fi\/wp-json\/wp\/v2\/product\/29529","targetHints":{"allow":["GET"]}}],"collection":[{"href":"https:\/\/pomello.ee\/fi\/wp-json\/wp\/v2\/product"}],"about":[{"href":"https:\/\/pomello.ee\/fi\/wp-json\/wp\/v2\/types\/product"}],"replies":[{"embeddable":true,"href":"https:\/\/pomello.ee\/fi\/wp-json\/wp\/v2\/comments?post=29529"}],"wp:featuredmedia":[{"embeddable":true,"href":"https:\/\/pomello.ee\/fi\/wp-json\/wp\/v2\/media\/29521"}],"wp:attachment":[{"href":"https:\/\/pomello.ee\/fi\/wp-json\/wp\/v2\/media?parent=29529"}],"wp:term":[{"taxonomy":"product_brand","embeddable":true,"href":"https:\/\/pomello.ee\/fi\/wp-json\/wp\/v2\/product_brand?post=29529"},{"taxonomy":"product_cat","embeddable":true,"href":"https:\/\/pomello.ee\/fi\/wp-json\/wp\/v2\/product_cat?post=29529"},{"taxonomy":"product_tag","embeddable":true,"href":"https:\/\/pomello.ee\/fi\/wp-json\/wp\/v2\/product_tag?post=29529"}],"curies":[{"name":"wp","href":"https:\/\/api.w.org\/{rel}","templated":true}]}}